{"id":20216939,"date":"2026-05-03T15:20:22","date_gmt":"2026-05-03T13:20:22","guid":{"rendered":"https:\/\/javataste.de\/?post_type=product&#038;p=20216939"},"modified":"2026-05-03T15:39:36","modified_gmt":"2026-05-03T13:39:36","slug":"finna-bumbu-masak-rendang-50g","status":"publish","type":"product","link":"https:\/\/javataste.de\/en\/product\/finna-bumbu-masak-rendang-50g\/","title":{"rendered":"Finna Bumbu Masak Rendang 50g [MHD 05.2026]"},"content":{"rendered":"<p>Rendang ist ein Markenzeichnen von Indonesien. Bei gro\u00dfen Anl\u00e4ssen darf dieses Rendang Gericht nicht fehlen und wird am liebsten mit Rindfleich serviert.<\/p>\n<p>FINNA BUMBU MASAK RENDANG macht einfaches Rendang zu etwas Besonderem, ohne dass Sie nach K\u00fcchengew\u00fcrzen suchen und ein Chaos in der K\u00fcche anrichten m\u00fcssen. Das Essen wird herzhafter, k\u00f6stlicher, k\u00f6stlicher und schmeckt nach authentischen indonesischen Gew\u00fcrzen.<\/p>","protected":false},"excerpt":{"rendered":"<p>Rendang 50g Zutaten: Chili, Schalotten, Pflanzen\u00f6l, Knoblauch, Zitronengras, Laos, Ingwer, Salz, Zucker, Kurkuma, Kaffernlimettenbl\u00e4tter, Pfeffer, Nelken.<\/p>","protected":false},"featured_media":20216941,"comment_status":"open","ping_status":"closed","template":"","meta":{"om_disable_all_campaigns":false,"_monsterinsights_skip_tracking":false,"_monsterinsights_sitenote_active":false,"_monsterinsights_sitenote_note":"","_monsterinsights_sitenote_category":0},"product_brand":[],"product_cat":[80],"product_tag":[126],"class_list":{"0":"post-20216939","1":"product","2":"type-product","3":"status-publish","4":"has-post-thumbnail","6":"product_cat-gewuerze","7":"product_tag-finna","9":"first","10":"instock","11":"sale","12":"purchasable","13":"product-type-simple"},"aioseo_notices":[],"_links":{"self":[{"href":"https:\/\/javataste.de\/en\/wp-json\/wp\/v2\/product\/20216939","targetHints":{"allow":["GET"]}}],"collection":[{"href":"https:\/\/javataste.de\/en\/wp-json\/wp\/v2\/product"}],"about":[{"href":"https:\/\/javataste.de\/en\/wp-json\/wp\/v2\/types\/product"}],"replies":[{"embeddable":true,"href":"https:\/\/javataste.de\/en\/wp-json\/wp\/v2\/comments?post=20216939"}],"wp:featuredmedia":[{"embeddable":true,"href":"https:\/\/javataste.de\/en\/wp-json\/wp\/v2\/media\/20216941"}],"wp:attachment":[{"href":"https:\/\/javataste.de\/en\/wp-json\/wp\/v2\/media?parent=20216939"}],"wp:term":[{"taxonomy":"product_brand","embeddable":true,"href":"https:\/\/javataste.de\/en\/wp-json\/wp\/v2\/product_brand?post=20216939"},{"taxonomy":"product_cat","embeddable":true,"href":"https:\/\/javataste.de\/en\/wp-json\/wp\/v2\/product_cat?post=20216939"},{"taxonomy":"product_tag","embeddable":true,"href":"https:\/\/javataste.de\/en\/wp-json\/wp\/v2\/product_tag?post=20216939"}],"curies":[{"name":"wp","href":"https:\/\/api.w.org\/{rel}","templated":true}]}}