{"id":20216935,"date":"2026-05-03T15:01:44","date_gmt":"2026-05-03T13:01:44","guid":{"rendered":"https:\/\/javataste.de\/?post_type=product&#038;p=20216935"},"modified":"2026-05-03T15:08:44","modified_gmt":"2026-05-03T13:08:44","slug":"cap-lang-minyak-kayu-putih-30ml","status":"publish","type":"product","link":"https:\/\/javataste.de\/en\/product\/cap-lang-minyak-kayu-putih-30ml\/","title":{"rendered":"Cap Lang Minyak Kayu Putih 30ml"},"content":{"rendered":"<p>INDIKATIONEN<\/p>\n<p>Hilft bei Magenschmerzen, Bl\u00e4hungen, (Reise-) \u00dcbelkeit und Juckreiz aufgrund von Insekten-\/M\u00fcckenstichen.<\/p>\n<p>BESCHREIBUNG<\/p>\n<p>CAP LANG Eucalyptus Oil verwendet Eukalyptus\u00f6l aus den besten Quellen Indonesiens. Einer von ihnen stammt von der Insel Ambon. Eukalyptus\u00f6l von dieser Insel hat ein ganz anderes Aroma und einen h\u00f6heren Cineolgehalt.<\/p>\n<p>CAP LANG Eucalyptus \u00d6l ist eine klare gr\u00fcne Fl\u00fcssigkeit, die vielseitig zur Behandlung von Unwohlsein eingesetzt werden kann. Bei der Anwendung an K\u00f6rperstellen, die es ben\u00f6tigen, vermittelt dieses Produkt bekannterma\u00dfen ein Gef\u00fchl von W\u00e4rme und h\u00e4lt den K\u00f6rper somit warm und angenehm, insbesondere bei kaltem Wetter.<\/p>","protected":false},"excerpt":{"rendered":"<p>Eukalyptus\u00f6l 100%<\/p>","protected":false},"featured_media":20216936,"comment_status":"open","ping_status":"closed","template":"","meta":{"om_disable_all_campaigns":false,"_monsterinsights_skip_tracking":false,"_monsterinsights_sitenote_active":false,"_monsterinsights_sitenote_note":"","_monsterinsights_sitenote_category":0},"product_brand":[],"product_cat":[257],"product_tag":[321,258],"class_list":{"0":"post-20216935","1":"product","2":"type-product","3":"status-publish","4":"has-post-thumbnail","6":"product_cat-drogerie","7":"product_tag-aromatherapie","8":"product_tag-cap-lang","10":"first","11":"instock","12":"purchasable","13":"product-type-simple"},"aioseo_notices":[],"_links":{"self":[{"href":"https:\/\/javataste.de\/en\/wp-json\/wp\/v2\/product\/20216935","targetHints":{"allow":["GET"]}}],"collection":[{"href":"https:\/\/javataste.de\/en\/wp-json\/wp\/v2\/product"}],"about":[{"href":"https:\/\/javataste.de\/en\/wp-json\/wp\/v2\/types\/product"}],"replies":[{"embeddable":true,"href":"https:\/\/javataste.de\/en\/wp-json\/wp\/v2\/comments?post=20216935"}],"wp:featuredmedia":[{"embeddable":true,"href":"https:\/\/javataste.de\/en\/wp-json\/wp\/v2\/media\/20216936"}],"wp:attachment":[{"href":"https:\/\/javataste.de\/en\/wp-json\/wp\/v2\/media?parent=20216935"}],"wp:term":[{"taxonomy":"product_brand","embeddable":true,"href":"https:\/\/javataste.de\/en\/wp-json\/wp\/v2\/product_brand?post=20216935"},{"taxonomy":"product_cat","embeddable":true,"href":"https:\/\/javataste.de\/en\/wp-json\/wp\/v2\/product_cat?post=20216935"},{"taxonomy":"product_tag","embeddable":true,"href":"https:\/\/javataste.de\/en\/wp-json\/wp\/v2\/product_tag?post=20216935"}],"curies":[{"name":"wp","href":"https:\/\/api.w.org\/{rel}","templated":true}]}}