{"id":20216907,"date":"2026-04-14T14:21:08","date_gmt":"2026-04-14T12:21:08","guid":{"rendered":"https:\/\/javataste.de\/?post_type=product&#038;p=20216907"},"modified":"2026-04-14T14:26:12","modified_gmt":"2026-04-14T12:26:12","slug":"cap-lang-inhaler-11g","status":"publish","type":"product","link":"https:\/\/javataste.de\/en\/product\/cap-lang-inhaler-11g\/","title":{"rendered":"Cap Lang Inhaler 1,1g"},"content":{"rendered":"<div role=\"heading\" aria-level=\"3\" data-animation-nesting=\"\" data-sfc-cp=\"\" data-sfc-root=\"c\" data-sfc-cb=\"\" data-complete=\"true\" data-processed=\"true\" data-sae=\"\">\n<ul class=\"KsbFXc U6u95\" data-sfc-root=\"c\" data-sfc-cb=\"\" data-processed=\"true\" data-complete=\"true\">\n<li class=\"dF3vjf\" data-sfc-root=\"c\" data-sfc-cb=\"\" data-hveid=\"CAQQAA\" data-complete=\"true\" data-sae=\"\"><span class=\"T286Pc\" data-sfc-cp=\"\" data-sfc-root=\"c\" data-sfc-cb=\"\" data-complete=\"true\"><strong class=\"Yjhzub\" data-sfc-root=\"c\" data-sfc-cb=\"\" data-complete=\"true\">Wirkung:<\/strong>\u00a0Er befreit die Atemwege durch das Einatmen aromatischer D\u00e4mpfe, was f\u00fcr ein k\u00fchlendes und erleichterndes Gef\u00fchl in der Nase sorgt.<\/span><\/li>\n<li class=\"dF3vjf\" data-sfc-root=\"c\" data-sfc-cb=\"\" data-hveid=\"CAQQAQ\" data-sae=\"\" data-complete=\"true\"><span class=\"T286Pc\" data-sfc-cp=\"\" data-sfc-root=\"c\" data-sfc-cb=\"\" data-complete=\"true\" aria-owns=\"action-menu-parent-container\"><strong class=\"Yjhzub\" data-sfc-root=\"c\" data-sfc-cb=\"\" data-complete=\"true\">Inhaltsstoffe:<\/strong>\u00a0Die Hauptwirkstoffe sind\u00a0<strong class=\"Yjhzub\" data-sfc-root=\"c\" data-sfc-cb=\"\" data-complete=\"true\">Menthol<\/strong>\u00a0(560 mg) und\u00a0<strong class=\"Yjhzub\" data-sfc-root=\"c\" data-sfc-cb=\"\" data-complete=\"true\">Kampfer<\/strong>\u00a0(292 mg) pro 1,1 g Stick.<\/span><\/li>\n<\/ul>\n<\/div>\n<div role=\"heading\" aria-level=\"3\" data-animation-nesting=\"\" data-sfc-cp=\"\" data-sfc-root=\"c\" data-sfc-cb=\"\" data-complete=\"true\" data-processed=\"true\" data-sae=\"\"><\/div>\n<div role=\"heading\" aria-level=\"3\" data-animation-nesting=\"\" data-sfc-cp=\"\" data-sfc-root=\"c\" data-sfc-cb=\"\" data-complete=\"true\" data-processed=\"true\" data-sae=\"\"><span class=\"T286Pc\" data-sfc-cp=\"\" data-sfc-root=\"c\" data-sfc-cb=\"\" data-complete=\"true\"><strong class=\"Yjhzub\" data-sfc-root=\"c\" data-sfc-cb=\"\" data-complete=\"true\">Anwendung:<\/strong><\/span><\/p>\n<ol class=\"IaGLZe VimKh\" data-sfc-root=\"c\" data-sfc-cb=\"\" data-complete=\"true\">\n<li class=\"dF3vjf\" data-sfc-root=\"c\" data-sfc-cb=\"\" data-hveid=\"CAQQAw\" data-complete=\"true\" data-sae=\"\"><span class=\"T286Pc\" data-sfc-cp=\"\" data-sfc-root=\"c\" data-sfc-cb=\"\" data-complete=\"true\">Halten Sie den Stick aufrecht.<\/span><\/li>\n<li class=\"dF3vjf\" data-sfc-root=\"c\" data-sfc-cb=\"\" data-hveid=\"CAQQBA\" data-complete=\"true\" data-sae=\"\"><span class=\"T286Pc\" data-sfc-cp=\"\" data-sfc-root=\"c\" data-sfc-cb=\"\" data-complete=\"true\">Verschlie\u00dfen Sie ein Nasenloch.<\/span><\/li>\n<li class=\"dF3vjf\" data-sfc-root=\"c\" data-sfc-cb=\"\" data-hveid=\"CAQQBQ\" data-complete=\"true\" data-sae=\"\"><span class=\"T286Pc\" data-sfc-cp=\"\" data-sfc-root=\"c\" data-sfc-cb=\"\" data-complete=\"true\">F\u00fchren Sie den Inhalator in das offene Nasenloch ein und atmen Sie tief ein.<\/span><\/li>\n<li class=\"dF3vjf\" data-sfc-root=\"c\" data-sfc-cb=\"\" data-hveid=\"CAQQBg\" data-sae=\"\" data-complete=\"true\"><span class=\"T286Pc\" data-sfc-cp=\"\" data-sfc-root=\"c\" data-sfc-cb=\"\" data-complete=\"true\" aria-owns=\"action-menu-parent-container\">Wiederholen Sie den Vorgang bei Bedarf f\u00fcr das andere Nasenloch.<\/span><\/li>\n<\/ol>\n<\/div>\n<div role=\"heading\" aria-level=\"3\" data-animation-nesting=\"\" data-sfc-cp=\"\" data-sfc-root=\"c\" data-sfc-cb=\"\" data-complete=\"true\" data-processed=\"true\" data-sae=\"\"><\/div>\n<div class=\"otQkpb\" role=\"heading\" aria-level=\"3\" data-animation-nesting=\"\" data-sfc-cp=\"\" data-sfc-root=\"c\" data-sfc-cb=\"\" data-complete=\"true\" data-processed=\"true\" data-sae=\"\">\n<div class=\"otQkpb\" role=\"heading\" aria-level=\"3\" data-animation-nesting=\"\" data-sfc-cp=\"\" data-sfc-root=\"c\" data-sfc-cb=\"\" data-complete=\"true\" data-processed=\"true\" data-sae=\"\">Sicherheitshinweise<button class=\"rBl3me\" tabindex=\"0\" data-amic=\"true\" data-icl-uuid=\"5f5adca0-40fa-4ad6-af46-c064f797a429\" aria-label=\"Zugeh\u00f6rige Links ansehen\" data-wiz-attrbind=\"disabled=jEe1Nc_2d\/C5gNJc;aria-label=jEe1Nc_2d\/bOjMyf;class=jEe1Nc_2d\/UpSNec\" data-ved=\"2ahUKEwjqhaTaqu2TAxV-g_0HHehRJ8sQye0OegQIBhAA\" data-hveid=\"CAYQAA\"><\/button><\/div>\n<ul class=\"KsbFXc U6u95\" data-sfc-root=\"c\" data-sfc-cb=\"\" data-processed=\"true\" data-complete=\"true\">\n<li class=\"dF3vjf\" data-sfc-root=\"c\" data-sfc-cb=\"\" data-hveid=\"CAcQAA\" data-complete=\"true\" data-sae=\"\"><span class=\"T286Pc\" data-sfc-cp=\"\" data-sfc-root=\"c\" data-sfc-cb=\"\" data-complete=\"true\"><strong class=\"Yjhzub\" data-sfc-root=\"c\" data-sfc-cb=\"\" data-complete=\"true\">Alter:<\/strong>\u00a0Nicht f\u00fcr Kinder unter 2 Jahren geeignet.<\/span><\/li>\n<li class=\"dF3vjf\" data-sfc-root=\"c\" data-sfc-cb=\"\" data-hveid=\"CAcQAQ\" data-sae=\"\" data-complete=\"true\"><span class=\"T286Pc\" data-sfc-cp=\"\" data-sfc-root=\"c\" data-sfc-cb=\"\" data-complete=\"true\"><strong class=\"Yjhzub\" data-sfc-root=\"c\" data-sfc-cb=\"\" data-complete=\"true\">Anwendung:<\/strong>\u00a0Nur zur \u00e4u\u00dferen Anwendung bestimmt; Kontakt mit Augen und verletzter Haut vermeiden.<\/span><\/li>\n<li class=\"dF3vjf\" data-sfc-root=\"c\" data-sfc-cb=\"\" data-hveid=\"CAcQAg\" data-complete=\"true\" data-processed=\"true\" data-sae=\"\"><span class=\"T286Pc\" data-sfc-cp=\"\" data-sfc-root=\"c\" data-sfc-cb=\"\" data-complete=\"true\"><strong class=\"Yjhzub\" data-sfc-root=\"c\" data-sfc-cb=\"\" data-complete=\"true\">Hygiene:<\/strong>\u00a0Die Nutzung durch mehrere Personen sollte vermieden werden, um die Ausbreitung von Krankheiten zu verhindern.<\/span><\/li>\n<li class=\"dF3vjf\" data-sfc-root=\"c\" data-sfc-cb=\"\" data-hveid=\"CAcQAw\" data-complete=\"true\" data-processed=\"true\" data-sae=\"\"><span class=\"T286Pc\" data-sfc-cp=\"\" data-sfc-root=\"c\" data-sfc-cb=\"\" data-complete=\"true\" aria-owns=\"action-menu-parent-container\"><strong class=\"Yjhzub\" data-sfc-root=\"c\" data-sfc-cb=\"\" data-complete=\"true\">Nebenwirkungen:<\/strong>\u00a0Es k\u00f6nnen lokale Irritationen auftreten; in diesem Fall sollte die Anwendung abgebrochen werden.<\/span><\/li>\n<\/ul>\n<\/div>","protected":false},"excerpt":{"rendered":"<p>Der <strong>Cap Lang Inhalator<\/strong> (auch als <strong>Inhaler Lang<\/strong> bekannt) ist ein kompakter Naseninhalator aus Indonesien, der speziell zur Linderung von <strong>Nasenverstopfung<\/strong> bei Erk\u00e4ltungen und Grippe entwickelt wurde<\/p>","protected":false},"featured_media":20216905,"comment_status":"open","ping_status":"closed","template":"","meta":{"om_disable_all_campaigns":false,"_monsterinsights_skip_tracking":false,"_monsterinsights_sitenote_active":false,"_monsterinsights_sitenote_note":"","_monsterinsights_sitenote_category":0},"product_brand":[],"product_cat":[257],"product_tag":[258],"class_list":{"0":"post-20216907","1":"product","2":"type-product","3":"status-publish","4":"has-post-thumbnail","6":"product_cat-drogerie","7":"product_tag-cap-lang","9":"first","10":"instock","11":"shipping-taxable","12":"purchasable","13":"product-type-simple"},"aioseo_notices":[],"_links":{"self":[{"href":"https:\/\/javataste.de\/en\/wp-json\/wp\/v2\/product\/20216907","targetHints":{"allow":["GET"]}}],"collection":[{"href":"https:\/\/javataste.de\/en\/wp-json\/wp\/v2\/product"}],"about":[{"href":"https:\/\/javataste.de\/en\/wp-json\/wp\/v2\/types\/product"}],"replies":[{"embeddable":true,"href":"https:\/\/javataste.de\/en\/wp-json\/wp\/v2\/comments?post=20216907"}],"wp:featuredmedia":[{"embeddable":true,"href":"https:\/\/javataste.de\/en\/wp-json\/wp\/v2\/media\/20216905"}],"wp:attachment":[{"href":"https:\/\/javataste.de\/en\/wp-json\/wp\/v2\/media?parent=20216907"}],"wp:term":[{"taxonomy":"product_brand","embeddable":true,"href":"https:\/\/javataste.de\/en\/wp-json\/wp\/v2\/product_brand?post=20216907"},{"taxonomy":"product_cat","embeddable":true,"href":"https:\/\/javataste.de\/en\/wp-json\/wp\/v2\/product_cat?post=20216907"},{"taxonomy":"product_tag","embeddable":true,"href":"https:\/\/javataste.de\/en\/wp-json\/wp\/v2\/product_tag?post=20216907"}],"curies":[{"name":"wp","href":"https:\/\/api.w.org\/{rel}","templated":true}]}}