{"id":20216900,"date":"2026-04-14T13:18:57","date_gmt":"2026-04-14T11:18:57","guid":{"rendered":"https:\/\/javataste.de\/?post_type=product&#038;p=20216900"},"modified":"2026-04-14T13:27:36","modified_gmt":"2026-04-14T11:27:36","slug":"dua-kelinci-kacang-shanghai-spicy-scharf-150g","status":"publish","type":"product","link":"https:\/\/javataste.de\/en\/product\/dua-kelinci-kacang-shanghai-spicy-scharf-150g\/","title":{"rendered":"Dua Kelinci Kacang Shanghai Spicy \u2014 Scharf 150g"},"content":{"rendered":"<p>Dua Kelinci \u2014 Double Rabbit<\/p>\n<p>Shanghai Coated Peanuts \u2014 \u00fcberzogene Erdn\u00fcsse<\/p>","protected":false},"excerpt":{"rendered":"<p>Kacang Shanghai Peanuts sind k\u00f6stliche knusprige Erdn\u00fcsse in einer knusprigen Schale aus Indonesien. Die N\u00fcsse sind ein nat\u00fcrlicher Geschmack mit einer Kombination aus Knoblauch. Diesmal aber Scharf<\/p>","protected":false},"featured_media":20216901,"comment_status":"open","ping_status":"closed","template":"","meta":{"om_disable_all_campaigns":false,"_monsterinsights_skip_tracking":false,"_monsterinsights_sitenote_active":false,"_monsterinsights_sitenote_note":"","_monsterinsights_sitenote_category":0},"product_brand":[442],"product_cat":[81],"product_tag":[157],"class_list":{"0":"post-20216900","1":"product","2":"type-product","3":"status-publish","4":"has-post-thumbnail","6":"product_brand-dua-kelinci","7":"product_cat-snacks","8":"product_tag-dua-kelinci","10":"first","11":"instock","12":"purchasable","13":"product-type-simple"},"aioseo_notices":[],"_links":{"self":[{"href":"https:\/\/javataste.de\/en\/wp-json\/wp\/v2\/product\/20216900","targetHints":{"allow":["GET"]}}],"collection":[{"href":"https:\/\/javataste.de\/en\/wp-json\/wp\/v2\/product"}],"about":[{"href":"https:\/\/javataste.de\/en\/wp-json\/wp\/v2\/types\/product"}],"replies":[{"embeddable":true,"href":"https:\/\/javataste.de\/en\/wp-json\/wp\/v2\/comments?post=20216900"}],"wp:featuredmedia":[{"embeddable":true,"href":"https:\/\/javataste.de\/en\/wp-json\/wp\/v2\/media\/20216901"}],"wp:attachment":[{"href":"https:\/\/javataste.de\/en\/wp-json\/wp\/v2\/media?parent=20216900"}],"wp:term":[{"taxonomy":"product_brand","embeddable":true,"href":"https:\/\/javataste.de\/en\/wp-json\/wp\/v2\/product_brand?post=20216900"},{"taxonomy":"product_cat","embeddable":true,"href":"https:\/\/javataste.de\/en\/wp-json\/wp\/v2\/product_cat?post=20216900"},{"taxonomy":"product_tag","embeddable":true,"href":"https:\/\/javataste.de\/en\/wp-json\/wp\/v2\/product_tag?post=20216900"}],"curies":[{"name":"wp","href":"https:\/\/api.w.org\/{rel}","templated":true}]}}