{"id":20216898,"date":"2026-04-14T12:50:22","date_gmt":"2026-04-14T10:50:22","guid":{"rendered":"https:\/\/javataste.de\/?post_type=product&#038;p=20216898"},"modified":"2026-04-14T13:11:51","modified_gmt":"2026-04-14T11:11:51","slug":"kobe-boncabe-level-3-nori-meeresalgen-35g","status":"publish","type":"product","link":"https:\/\/javataste.de\/en\/product\/kobe-boncabe-level-3-nori-meeresalgen-35g\/","title":{"rendered":"Kobe BonCabe Level 3 Nori \u2014 Meeresalgen 35g"},"content":{"rendered":"<p>BonCabe Nori-Geschmack<\/p>\n<p>BonCabe Level-3-Nori-Geschmack! Der k\u00f6stliche Geschmack von BonCabe Nori ist perfekt f\u00fcr alle, die herzhafte, unwiderstehliche Aromen lieben.<\/p>\n<p>Die Kombination aus hochwertigen Chilis und super knusprigem Nori ist eine geeignete Wahl, um deine Zunge zu verderben. Dieses Nori-aromatisierte BonCabe Level 3 kann in alle Arten von Lebensmitteln gemischt werden, wei\u00dft du! Neben der K\u00f6stlichkeit sorgt das Aroma auch daf\u00fcr, dass man nicht aufh\u00f6ren kann zu essen.<\/p>\n<p>Dieses unwiderstehliche, herzhafte Geschmackserlebnis ist f\u00fcr jeden geeignet. Machen Sie sich bereit f\u00fcr den k\u00f6stlichen, knusprigen Genuss!<\/p>\n<p>Worauf wartest du? Probieren wir jetzt das herzhafte Gef\u00fchl kombiniert mit knusprigem Nori vom BonCabe Level-3 Nori-Geschmack!<\/p>","protected":false},"excerpt":{"rendered":"<p>Bon Cabe Stufe 3 Algen<br \/>\nBereit zum Verzehr!<br \/>\npraktisch zur Reise.<\/p>\n<p>Streuen Sie nur eine kleine Menge dar\u00fcber, denn BonCabe Stufe 3 scharf!<\/p>\n<p>Herzhafter Geschmack und knusprige Nori-Textur, du findest es jetzt im BonCabe Level 3 Nori-Geschmack! Der urspr\u00fcngliche w\u00fcrzige Geschmack von BonCabe kombiniert mit dem herzhaften Nori kann einen definitiv s\u00fcchtig machen. Lasst uns als Erste die Smashing Pumpkins ausprobieren!<\/p>\n<p><b>Allergeninformationen:<\/b> kann enthalten: Gluten, Krebstiere, Fisch und Weichtiere.<\/p>","protected":false},"featured_media":20216899,"comment_status":"closed","ping_status":"closed","template":"","meta":{"om_disable_all_campaigns":false,"_monsterinsights_skip_tracking":false,"_monsterinsights_sitenote_active":false,"_monsterinsights_sitenote_note":"","_monsterinsights_sitenote_category":0},"product_brand":[444],"product_cat":[80,15],"product_tag":[156,274],"class_list":{"0":"post-20216898","1":"product","2":"type-product","3":"status-publish","4":"has-post-thumbnail","6":"product_brand-kobe","7":"product_cat-gewuerze","8":"product_cat-zutaten","9":"product_tag-bon-cabe","10":"product_tag-scharf","12":"first","13":"instock","14":"purchasable","15":"product-type-simple"},"aioseo_notices":[],"_links":{"self":[{"href":"https:\/\/javataste.de\/en\/wp-json\/wp\/v2\/product\/20216898","targetHints":{"allow":["GET"]}}],"collection":[{"href":"https:\/\/javataste.de\/en\/wp-json\/wp\/v2\/product"}],"about":[{"href":"https:\/\/javataste.de\/en\/wp-json\/wp\/v2\/types\/product"}],"replies":[{"embeddable":true,"href":"https:\/\/javataste.de\/en\/wp-json\/wp\/v2\/comments?post=20216898"}],"wp:featuredmedia":[{"embeddable":true,"href":"https:\/\/javataste.de\/en\/wp-json\/wp\/v2\/media\/20216899"}],"wp:attachment":[{"href":"https:\/\/javataste.de\/en\/wp-json\/wp\/v2\/media?parent=20216898"}],"wp:term":[{"taxonomy":"product_brand","embeddable":true,"href":"https:\/\/javataste.de\/en\/wp-json\/wp\/v2\/product_brand?post=20216898"},{"taxonomy":"product_cat","embeddable":true,"href":"https:\/\/javataste.de\/en\/wp-json\/wp\/v2\/product_cat?post=20216898"},{"taxonomy":"product_tag","embeddable":true,"href":"https:\/\/javataste.de\/en\/wp-json\/wp\/v2\/product_tag?post=20216898"}],"curies":[{"name":"wp","href":"https:\/\/api.w.org\/{rel}","templated":true}]}}