{"id":20216859,"date":"2026-04-08T18:36:41","date_gmt":"2026-04-08T16:36:41","guid":{"rendered":"https:\/\/javataste.de\/?post_type=product&#038;p=20216859"},"modified":"2026-04-08T19:43:32","modified_gmt":"2026-04-08T17:43:32","slug":"moms-recipe-silky-pudding-powder-wackelpudding-pulver-100g","status":"publish","type":"product","link":"https:\/\/javataste.de\/en\/product\/moms-recipe-silky-pudding-powder-wackelpudding-pulver-100g\/","title":{"rendered":"Mom&#8217;s Recipe Silky Pudding Powder \u2014 Wackelpudding Pulver 110g"},"content":{"rendered":"<p>Rasa Cokelat \u2014 Schokoladengeschmack<\/p>\n<p>Rasa Matcha \u2014 Matcha-Geschmack<\/p>\n<p>Rasa Stoberi \u2014 koreanischer Erdbeergeschmack<\/p>\n<p>Rasa Talas \u2014 Taro-Geschmack<\/p>\n<p>Rasa Alpukat \u2014 Avocado-Geschmack<\/p>\n<p>Rasa Permen Karet \u2014 Kaugummigeschmack<\/p>\n<p>Rasa Leci \u2014 Litschi-Geschmack<\/p>","protected":false},"excerpt":{"rendered":"<p>Mom&#8217;s Recipe Silky Pudding ist ein Instant-Pudding mit besonders weicher und leichter Konsistenz. Er ist kinderleicht zuzubereiten und ben\u00f6tigt au\u00dfer Wasser keine weiteren Zutaten. Dank der vielf\u00e4ltigen, trendigen Geschmacksrichtungen ist dieses Produkt f\u00fcr jeden und jederzeit ein Genuss. Hergestellt aus sicheren, gesunden und halal-zertifizierten Zutaten.<\/p>","protected":false},"featured_media":20216862,"comment_status":"open","ping_status":"closed","template":"","meta":{"om_disable_all_campaigns":false,"_monsterinsights_skip_tracking":false,"_monsterinsights_sitenote_active":false,"_monsterinsights_sitenote_note":"","_monsterinsights_sitenote_category":0},"product_brand":[],"product_cat":[15],"product_tag":[138,319],"class_list":{"0":"post-20216859","1":"product","2":"type-product","3":"status-publish","4":"has-post-thumbnail","6":"product_cat-zutaten","7":"product_tag-agar-agar","8":"product_tag-nutrijell","10":"first","11":"instock","12":"purchasable","13":"product-type-variable"},"aioseo_notices":[],"_links":{"self":[{"href":"https:\/\/javataste.de\/en\/wp-json\/wp\/v2\/product\/20216859","targetHints":{"allow":["GET"]}}],"collection":[{"href":"https:\/\/javataste.de\/en\/wp-json\/wp\/v2\/product"}],"about":[{"href":"https:\/\/javataste.de\/en\/wp-json\/wp\/v2\/types\/product"}],"replies":[{"embeddable":true,"href":"https:\/\/javataste.de\/en\/wp-json\/wp\/v2\/comments?post=20216859"}],"wp:featuredmedia":[{"embeddable":true,"href":"https:\/\/javataste.de\/en\/wp-json\/wp\/v2\/media\/20216862"}],"wp:attachment":[{"href":"https:\/\/javataste.de\/en\/wp-json\/wp\/v2\/media?parent=20216859"}],"wp:term":[{"taxonomy":"product_brand","embeddable":true,"href":"https:\/\/javataste.de\/en\/wp-json\/wp\/v2\/product_brand?post=20216859"},{"taxonomy":"product_cat","embeddable":true,"href":"https:\/\/javataste.de\/en\/wp-json\/wp\/v2\/product_cat?post=20216859"},{"taxonomy":"product_tag","embeddable":true,"href":"https:\/\/javataste.de\/en\/wp-json\/wp\/v2\/product_tag?post=20216859"}],"curies":[{"name":"wp","href":"https:\/\/api.w.org\/{rel}","templated":true}]}}