{"id":20216856,"date":"2026-04-08T18:24:33","date_gmt":"2026-04-08T16:24:33","guid":{"rendered":"https:\/\/javataste.de\/?post_type=product&#038;p=20216856"},"modified":"2026-04-09T13:36:08","modified_gmt":"2026-04-09T11:36:08","slug":"kobe-bumbu-nasi-bebek-madura-entenreis-gewuerzmischung-3x20g","status":"publish","type":"product","link":"https:\/\/javataste.de\/en\/product\/kobe-bumbu-nasi-bebek-madura-entenreis-gewuerzmischung-3x20g\/","title":{"rendered":"Kobe Bumbu Nasi Bebek \u2014 Madura Entenreis Gew\u00fcrzmischung 3x20g"},"content":{"rendered":"<p><strong>Kobe-Entenreis-Gew\u00fcrzmischung<\/strong> ist eine fertig gegarte Gew\u00fcrzmischung mit dem verlockenden Geschmack von Madura-Ente. Genie\u00dfen Sie es ganz einfach: Geben Sie es einfach \u00fcber gebratene Ente oder servieren Sie es als Beilage zu warmem Entenreis nach Madura-Art. Die dickfl\u00fcssige Konsistenz sorgt f\u00fcr ein herzhaftes, aromatisches Geschmackserlebnis, perfekt abgerundet durch die charakteristischen Gew\u00fcrze des Madura-Entenreises.<\/p>\n<p><strong>Kobe-Entenreis-Gew\u00fcrzmischung<\/strong> ist leicht anzuwenden und die ideale L\u00f6sung f\u00fcr alle, die Entenreis genie\u00dfen m\u00f6chten, ohne selbst kochen zu m\u00fcssen. Die perfekt abgestimmten Gew\u00fcrze verleihen dem Gericht sein reichhaltiges Aroma und seinen unvergleichlichen Geschmack. Sie m\u00fcssen weder nach Madura reisen noch das Haus verlassen \u2013 Entenreis zubereiten ist jetzt so einfach. Einfach dar\u00fcbergeben, und schon ist der k\u00f6stliche Entenreis fertig. Guten Appetit!<\/p>\n<p>Sinjay Enten Reis<\/p>","protected":false},"excerpt":{"rendered":"<p><strong>Kobe Entenreis Gew\u00fcrzmischung<\/strong><\/p>\n<p>Genie\u00dfen Sie k\u00f6stlichen Entenreis \u2013 einfach \u00fcbergie\u00dfen<\/p>","protected":false},"featured_media":20216858,"comment_status":"open","ping_status":"closed","template":"","meta":{"om_disable_all_campaigns":false,"_monsterinsights_skip_tracking":false,"_monsterinsights_sitenote_active":false,"_monsterinsights_sitenote_note":"","_monsterinsights_sitenote_category":0},"product_brand":[],"product_cat":[80],"product_tag":[288,364],"class_list":{"0":"post-20216856","1":"product","2":"type-product","3":"status-publish","4":"has-post-thumbnail","6":"product_cat-gewuerze","7":"product_tag-bumbu","8":"product_tag-kobe","10":"first","11":"instock","12":"shipping-taxable","13":"purchasable","14":"product-type-simple"},"aioseo_notices":[],"_links":{"self":[{"href":"https:\/\/javataste.de\/en\/wp-json\/wp\/v2\/product\/20216856","targetHints":{"allow":["GET"]}}],"collection":[{"href":"https:\/\/javataste.de\/en\/wp-json\/wp\/v2\/product"}],"about":[{"href":"https:\/\/javataste.de\/en\/wp-json\/wp\/v2\/types\/product"}],"replies":[{"embeddable":true,"href":"https:\/\/javataste.de\/en\/wp-json\/wp\/v2\/comments?post=20216856"}],"wp:featuredmedia":[{"embeddable":true,"href":"https:\/\/javataste.de\/en\/wp-json\/wp\/v2\/media\/20216858"}],"wp:attachment":[{"href":"https:\/\/javataste.de\/en\/wp-json\/wp\/v2\/media?parent=20216856"}],"wp:term":[{"taxonomy":"product_brand","embeddable":true,"href":"https:\/\/javataste.de\/en\/wp-json\/wp\/v2\/product_brand?post=20216856"},{"taxonomy":"product_cat","embeddable":true,"href":"https:\/\/javataste.de\/en\/wp-json\/wp\/v2\/product_cat?post=20216856"},{"taxonomy":"product_tag","embeddable":true,"href":"https:\/\/javataste.de\/en\/wp-json\/wp\/v2\/product_tag?post=20216856"}],"curies":[{"name":"wp","href":"https:\/\/api.w.org\/{rel}","templated":true}]}}