{"id":20216849,"date":"2026-04-06T21:05:34","date_gmt":"2026-04-06T19:05:34","guid":{"rendered":"https:\/\/javataste.de\/?post_type=product&#038;p=20216849"},"modified":"2026-04-06T21:12:57","modified_gmt":"2026-04-06T19:12:57","slug":"nutrijell-jelly-powder-young-coconut-wackelpudding-pulver-15g","status":"publish","type":"product","link":"https:\/\/javataste.de\/en\/product\/nutrijell-jelly-powder-young-coconut-wackelpudding-pulver-15g\/","title":{"rendered":"Nutrijell Jelly Powder Young Coconut \u2014 Wackelpudding Pulver 15g"},"content":{"rendered":"<p>Nutrijell Kelapa Muda \u2014 junge Kokosnuss<\/p>","protected":false},"excerpt":{"rendered":"<p>Nutrijell ist ein aus Algen\/Seetang hergestelltes Geleepulver \u2014 Junge-Kokosnussgeschmack.<\/p>\n<p>Hergestellt aus ballaststoffreichem Konjakpulver und Carrageen, ergibt dies eine z\u00e4he, weiche und k\u00f6stliche Gelee-Konsistenz bei jedem Bissen. Die nat\u00fcrlichen Ballaststoffe tragen zur Erhaltung der Verdauungsgesundheit bei, w\u00e4hrend zugesetzte Pr\u00e4biotika, Vitamin D und Kalzium die Knochengesundheit unterst\u00fctzen.<\/p>","protected":false},"featured_media":20216850,"comment_status":"open","ping_status":"closed","template":"","meta":{"om_disable_all_campaigns":false,"_monsterinsights_skip_tracking":false,"_monsterinsights_sitenote_active":false,"_monsterinsights_sitenote_note":"","_monsterinsights_sitenote_category":0},"product_brand":[],"product_cat":[15],"product_tag":[138,319],"class_list":{"0":"post-20216849","1":"product","2":"type-product","3":"status-publish","4":"has-post-thumbnail","6":"product_cat-zutaten","7":"product_tag-agar-agar","8":"product_tag-nutrijell","10":"first","11":"instock","12":"purchasable","13":"product-type-simple"},"aioseo_notices":[],"_links":{"self":[{"href":"https:\/\/javataste.de\/en\/wp-json\/wp\/v2\/product\/20216849","targetHints":{"allow":["GET"]}}],"collection":[{"href":"https:\/\/javataste.de\/en\/wp-json\/wp\/v2\/product"}],"about":[{"href":"https:\/\/javataste.de\/en\/wp-json\/wp\/v2\/types\/product"}],"replies":[{"embeddable":true,"href":"https:\/\/javataste.de\/en\/wp-json\/wp\/v2\/comments?post=20216849"}],"wp:featuredmedia":[{"embeddable":true,"href":"https:\/\/javataste.de\/en\/wp-json\/wp\/v2\/media\/20216850"}],"wp:attachment":[{"href":"https:\/\/javataste.de\/en\/wp-json\/wp\/v2\/media?parent=20216849"}],"wp:term":[{"taxonomy":"product_brand","embeddable":true,"href":"https:\/\/javataste.de\/en\/wp-json\/wp\/v2\/product_brand?post=20216849"},{"taxonomy":"product_cat","embeddable":true,"href":"https:\/\/javataste.de\/en\/wp-json\/wp\/v2\/product_cat?post=20216849"},{"taxonomy":"product_tag","embeddable":true,"href":"https:\/\/javataste.de\/en\/wp-json\/wp\/v2\/product_tag?post=20216849"}],"curies":[{"name":"wp","href":"https:\/\/api.w.org\/{rel}","templated":true}]}}