{"id":20216842,"date":"2026-04-06T12:39:14","date_gmt":"2026-04-06T10:39:14","guid":{"rendered":"https:\/\/javataste.de\/?post_type=product&#038;p=20216842"},"modified":"2026-04-06T20:34:19","modified_gmt":"2026-04-06T18:34:19","slug":"finna-sambal-uleg-udang-garnelen-15g","status":"publish","type":"product","link":"https:\/\/javataste.de\/en\/product\/finna-sambal-uleg-udang-garnelen-15g\/","title":{"rendered":"FINNA Sambal Uleg Udang \u2014 Garnelen 15g"},"content":{"rendered":"<p>Finna pr\u00e4sentiert hausgemachtes Garnelen-Sambal aus ausgew\u00e4hlten frischen Chilischoten, kombiniert mit Garnelen und hochwertigen Gew\u00fcrzen, um Familienmahlzeiten noch schmackhafter zu machen.<\/p>\n<p>es kann als Beilage zu verschiedenen Speisen verwendet werden, z. B. als Chilisauce zu gebratenem Fisch, gebratenem H\u00e4hnchen, gebratenem Tofu und Tempeh, sowie als grundlegende Kochzutat usw.<\/p>","protected":false},"excerpt":{"rendered":"<p>Zutaten : Chili (38,90 %), Pflanzen\u00f6l, Garnelen (13,50 %), Schalotten (7,10 %), Knoblauch (7,10 %), Salz, Geschmacksverst\u00e4rker (Mononatrium-L-Glutamat, Dinatrium-5-Ribonukleotid), pflanzliches Verdickungsmittel, Zucker, Wasser, S\u00e4ureregulator, Konservierungsstoffe (Kaliumsorbat und Natriumbenzoat)).<\/p>","protected":false},"featured_media":20216843,"comment_status":"open","ping_status":"closed","template":"","meta":{"om_disable_all_campaigns":false,"_monsterinsights_skip_tracking":false,"_monsterinsights_sitenote_active":false,"_monsterinsights_sitenote_note":"","_monsterinsights_sitenote_category":0},"product_brand":[],"product_cat":[256,79],"product_tag":[126,312,274],"class_list":{"0":"post-20216842","1":"product","2":"type-product","3":"status-publish","4":"has-post-thumbnail","6":"product_cat-chilisauce","7":"product_cat-lebensmittel","8":"product_tag-finna","9":"product_tag-sambal","10":"product_tag-scharf","12":"first","13":"instock","14":"purchasable","15":"product-type-simple"},"aioseo_notices":[],"_links":{"self":[{"href":"https:\/\/javataste.de\/en\/wp-json\/wp\/v2\/product\/20216842","targetHints":{"allow":["GET"]}}],"collection":[{"href":"https:\/\/javataste.de\/en\/wp-json\/wp\/v2\/product"}],"about":[{"href":"https:\/\/javataste.de\/en\/wp-json\/wp\/v2\/types\/product"}],"replies":[{"embeddable":true,"href":"https:\/\/javataste.de\/en\/wp-json\/wp\/v2\/comments?post=20216842"}],"wp:featuredmedia":[{"embeddable":true,"href":"https:\/\/javataste.de\/en\/wp-json\/wp\/v2\/media\/20216843"}],"wp:attachment":[{"href":"https:\/\/javataste.de\/en\/wp-json\/wp\/v2\/media?parent=20216842"}],"wp:term":[{"taxonomy":"product_brand","embeddable":true,"href":"https:\/\/javataste.de\/en\/wp-json\/wp\/v2\/product_brand?post=20216842"},{"taxonomy":"product_cat","embeddable":true,"href":"https:\/\/javataste.de\/en\/wp-json\/wp\/v2\/product_cat?post=20216842"},{"taxonomy":"product_tag","embeddable":true,"href":"https:\/\/javataste.de\/en\/wp-json\/wp\/v2\/product_tag?post=20216842"}],"curies":[{"name":"wp","href":"https:\/\/api.w.org\/{rel}","templated":true}]}}