{"id":20216840,"date":"2026-04-06T12:32:28","date_gmt":"2026-04-06T10:32:28","guid":{"rendered":"https:\/\/javataste.de\/?post_type=product&#038;p=20216840"},"modified":"2026-04-06T20:32:55","modified_gmt":"2026-04-06T18:32:55","slug":"finna-sambal-uleg-rendang-17g","status":"publish","type":"product","link":"https:\/\/javataste.de\/en\/product\/finna-sambal-uleg-rendang-17g\/","title":{"rendered":"FINNA Sambal Uleg Rendang 17g"},"content":{"rendered":"<p>Finna pr\u00e4sentiert hausgemachtes Sambal Rendang aus ausgew\u00e4hlten frischen Chilischoten, kombiniert mit Garnelen und hochwertigen Gew\u00fcrzen, um Familienmahlzeiten noch schmackhafter zu machen.<\/p>\n<p>Es kann als Beilage zu verschiedenen Speisen verwendet werden, z. B. als Chilisauce zu gebratenem Fisch, gebratenem H\u00e4hnchen, gebratenem Tofu und Tempeh, sowie als grundlegende Kochzutat usw.<\/p>","protected":false},"excerpt":{"rendered":"<p>Zutaten : Rote Chilischote (45,7 %), Pflanzen\u00f6l, Gew\u00fcrze, Wasser, Zucker, Salz, pflanzliches Verdickungsmittel, Geschmacksverst\u00e4rker (Mononatrium-L-Glutamat, Dinatrium-5&#8242;-Ribonukleotid), Konservierungsstoffe (Kaliumsorbat und Natriumbenzoat)<\/p>","protected":false},"featured_media":20216841,"comment_status":"open","ping_status":"closed","template":"","meta":{"om_disable_all_campaigns":false,"_monsterinsights_skip_tracking":false,"_monsterinsights_sitenote_active":false,"_monsterinsights_sitenote_note":"","_monsterinsights_sitenote_category":0},"product_brand":[],"product_cat":[256,79],"product_tag":[126,312,274],"class_list":{"0":"post-20216840","1":"product","2":"type-product","3":"status-publish","4":"has-post-thumbnail","6":"product_cat-chilisauce","7":"product_cat-lebensmittel","8":"product_tag-finna","9":"product_tag-sambal","10":"product_tag-scharf","12":"first","13":"instock","14":"purchasable","15":"product-type-simple"},"aioseo_notices":[],"_links":{"self":[{"href":"https:\/\/javataste.de\/en\/wp-json\/wp\/v2\/product\/20216840","targetHints":{"allow":["GET"]}}],"collection":[{"href":"https:\/\/javataste.de\/en\/wp-json\/wp\/v2\/product"}],"about":[{"href":"https:\/\/javataste.de\/en\/wp-json\/wp\/v2\/types\/product"}],"replies":[{"embeddable":true,"href":"https:\/\/javataste.de\/en\/wp-json\/wp\/v2\/comments?post=20216840"}],"wp:featuredmedia":[{"embeddable":true,"href":"https:\/\/javataste.de\/en\/wp-json\/wp\/v2\/media\/20216841"}],"wp:attachment":[{"href":"https:\/\/javataste.de\/en\/wp-json\/wp\/v2\/media?parent=20216840"}],"wp:term":[{"taxonomy":"product_brand","embeddable":true,"href":"https:\/\/javataste.de\/en\/wp-json\/wp\/v2\/product_brand?post=20216840"},{"taxonomy":"product_cat","embeddable":true,"href":"https:\/\/javataste.de\/en\/wp-json\/wp\/v2\/product_cat?post=20216840"},{"taxonomy":"product_tag","embeddable":true,"href":"https:\/\/javataste.de\/en\/wp-json\/wp\/v2\/product_tag?post=20216840"}],"curies":[{"name":"wp","href":"https:\/\/api.w.org\/{rel}","templated":true}]}}