{"id":20216835,"date":"2026-04-06T12:18:03","date_gmt":"2026-04-06T10:18:03","guid":{"rendered":"https:\/\/javataste.de\/?post_type=product&#038;p=20216835"},"modified":"2026-04-06T20:41:07","modified_gmt":"2026-04-06T18:41:07","slug":"finna-sambal-uleg-bajak-15g","status":"publish","type":"product","link":"https:\/\/javataste.de\/en\/product\/finna-sambal-uleg-bajak-15g\/","title":{"rendered":"FINNA Sambal Uleg Bajak 15g"},"content":{"rendered":"<p>Finna pr\u00e4sentiert hausgemachtes \u201eUleg Sambal Bajak\u201c, zubereitet aus ausgew\u00e4hlten frischen Chilischoten, kombiniert mit Garnelen und hochwertigen Gew\u00fcrzen, um Familienmahlzeiten noch schmackhafter zu machen.<\/p>","protected":false},"excerpt":{"rendered":"<p>Zutaten: Rote Chilischoten (43,80 %), Schalotten, Pflanzen\u00f6l, Zucker, Wasser, Knoblauch, Salz, Geschmacksverst\u00e4rker, pflanzliches Verdickungsmittel, Garnelenpaste (enth\u00e4lt Garnelen), S\u00e4ureregulator, Lorbeerbl\u00e4tter, Konservierungsstoffe<\/p>","protected":false},"featured_media":20216836,"comment_status":"open","ping_status":"closed","template":"","meta":{"om_disable_all_campaigns":false,"_monsterinsights_skip_tracking":false,"_monsterinsights_sitenote_active":false,"_monsterinsights_sitenote_note":"","_monsterinsights_sitenote_category":0},"product_brand":[],"product_cat":[256,80],"product_tag":[126],"class_list":{"0":"post-20216835","1":"product","2":"type-product","3":"status-publish","4":"has-post-thumbnail","6":"product_cat-chilisauce","7":"product_cat-gewuerze","8":"product_tag-finna","10":"first","11":"instock","12":"purchasable","13":"product-type-simple"},"aioseo_notices":[],"_links":{"self":[{"href":"https:\/\/javataste.de\/en\/wp-json\/wp\/v2\/product\/20216835","targetHints":{"allow":["GET"]}}],"collection":[{"href":"https:\/\/javataste.de\/en\/wp-json\/wp\/v2\/product"}],"about":[{"href":"https:\/\/javataste.de\/en\/wp-json\/wp\/v2\/types\/product"}],"replies":[{"embeddable":true,"href":"https:\/\/javataste.de\/en\/wp-json\/wp\/v2\/comments?post=20216835"}],"wp:featuredmedia":[{"embeddable":true,"href":"https:\/\/javataste.de\/en\/wp-json\/wp\/v2\/media\/20216836"}],"wp:attachment":[{"href":"https:\/\/javataste.de\/en\/wp-json\/wp\/v2\/media?parent=20216835"}],"wp:term":[{"taxonomy":"product_brand","embeddable":true,"href":"https:\/\/javataste.de\/en\/wp-json\/wp\/v2\/product_brand?post=20216835"},{"taxonomy":"product_cat","embeddable":true,"href":"https:\/\/javataste.de\/en\/wp-json\/wp\/v2\/product_cat?post=20216835"},{"taxonomy":"product_tag","embeddable":true,"href":"https:\/\/javataste.de\/en\/wp-json\/wp\/v2\/product_tag?post=20216835"}],"curies":[{"name":"wp","href":"https:\/\/api.w.org\/{rel}","templated":true}]}}