{"id":20216832,"date":"2026-04-06T11:28:34","date_gmt":"2026-04-06T09:28:34","guid":{"rendered":"https:\/\/javataste.de\/?post_type=product&#038;p=20216832"},"modified":"2026-04-06T11:44:21","modified_gmt":"2026-04-06T09:44:21","slug":"kobe-bumbu-nasi-uduk-indonesischer-uduk-reis-gewuerzmischung-3x15g","status":"publish","type":"product","link":"https:\/\/javataste.de\/en\/product\/kobe-bumbu-nasi-uduk-indonesischer-uduk-reis-gewuerzmischung-3x15g\/","title":{"rendered":"Kobe Bumbu Nasi Uduk \u2014 indonesischer Uduk Reis Gew\u00fcrzmischung 3x15g"},"content":{"rendered":"<p><strong>Kobe Bumbu Aduk Nasi Uduk<\/strong> ist eine praktische Gew\u00fcrzmischung f\u00fcr Nasi Uduk, die einfach in warmen Reis einger\u00fchrt wird. Mit nur einem kurzen Umr\u00fchren verwandelt <strong>Kobe Bumbu Aduk Nasi Uduk<\/strong> gekochten wei\u00dfen Reis im Handumdrehen in Nasi Uduk. <strong>Kobe Bumbu Aduk Nasi Uduk<\/strong> enth\u00e4lt au\u00dferdem Kokosmilch und alle notwendigen Gew\u00fcrze und Aromen \u2013 f\u00fcr eine bequeme und unkomplizierte Zubereitung ohne zus\u00e4tzliche Zutaten.<\/p>\n<p><strong>Kobe Bumbu Aduk Nasi Uduk<\/strong> ist die ideale L\u00f6sung f\u00fcr die Zubereitung k\u00f6stlicher Gerichte ohne l\u00e4stiges Kochen. Die Mischung aus ausgew\u00e4hlten Gew\u00fcrzen sorgt f\u00fcr den authentischen Geschmack und das verlockende Aroma von Nasi Uduk. Mit <strong>Kobe Bumbu Aduk Nasi Uduk<\/strong> wird aus gew\u00f6hnlichem wei\u00dfen Reis im Neu ein besonderes Nasi Uduk.<\/p>","protected":false},"excerpt":{"rendered":"<p><strong>KOBE-Gew\u00fcrzmischung<\/strong> f\u00fcr NASI UDUK<\/p>\n<p>F\u00fcr eine k\u00f6stliche Nasi-Uduk-Mahlzeit einfach in warmen Reis einr\u00fchren.<\/p>\n<p>Zutaten: Pflanzen\u00f6l, <strong>Kokosmilchpulver<\/strong> (enth\u00e4lt Milchprotein), <strong>Kaffeewei\u00dfer<\/strong> (enth\u00e4lt Milchprotein), Salz, Geschmacksverst\u00e4rker (Mononatrium-L&#8216;-glutamat, Dinatrium-5\u2032-inosinat, Dinatrium-5\u2032-guanylat), Lorbeerblattpulver, Zitronengraspulver, Zwiebelpulver, gebratene Schalotte, Knoblauchpulver, synthetischer H\u00fchnergeschmack.<\/p>\n<p>Kann Gluten, Sellerie, Soja, Fisch, Krebstiere enthalten.<\/p>","protected":false},"featured_media":20216833,"comment_status":"open","ping_status":"closed","template":"","meta":{"om_disable_all_campaigns":false,"_monsterinsights_skip_tracking":false,"_monsterinsights_sitenote_active":false,"_monsterinsights_sitenote_note":"","_monsterinsights_sitenote_category":0},"product_brand":[],"product_cat":[80],"product_tag":[288,364],"class_list":{"0":"post-20216832","1":"product","2":"type-product","3":"status-publish","4":"has-post-thumbnail","6":"product_cat-gewuerze","7":"product_tag-bumbu","8":"product_tag-kobe","10":"first","11":"outofstock","12":"shipping-taxable","13":"purchasable","14":"product-type-simple"},"aioseo_notices":[],"_links":{"self":[{"href":"https:\/\/javataste.de\/en\/wp-json\/wp\/v2\/product\/20216832","targetHints":{"allow":["GET"]}}],"collection":[{"href":"https:\/\/javataste.de\/en\/wp-json\/wp\/v2\/product"}],"about":[{"href":"https:\/\/javataste.de\/en\/wp-json\/wp\/v2\/types\/product"}],"replies":[{"embeddable":true,"href":"https:\/\/javataste.de\/en\/wp-json\/wp\/v2\/comments?post=20216832"}],"wp:featuredmedia":[{"embeddable":true,"href":"https:\/\/javataste.de\/en\/wp-json\/wp\/v2\/media\/20216833"}],"wp:attachment":[{"href":"https:\/\/javataste.de\/en\/wp-json\/wp\/v2\/media?parent=20216832"}],"wp:term":[{"taxonomy":"product_brand","embeddable":true,"href":"https:\/\/javataste.de\/en\/wp-json\/wp\/v2\/product_brand?post=20216832"},{"taxonomy":"product_cat","embeddable":true,"href":"https:\/\/javataste.de\/en\/wp-json\/wp\/v2\/product_cat?post=20216832"},{"taxonomy":"product_tag","embeddable":true,"href":"https:\/\/javataste.de\/en\/wp-json\/wp\/v2\/product_tag?post=20216832"}],"curies":[{"name":"wp","href":"https:\/\/api.w.org\/{rel}","templated":true}]}}