{"id":20216818,"date":"2026-04-05T12:19:21","date_gmt":"2026-04-05T10:19:21","guid":{"rendered":"https:\/\/javataste.de\/?post_type=product&#038;p=20216818"},"modified":"2026-04-05T14:19:46","modified_gmt":"2026-04-05T12:19:46","slug":"kobe-bumbu-aduk-nasi-kuning-indonesischer-gelbe-reis-gewuerzmischung-3x15g","status":"publish","type":"product","link":"https:\/\/javataste.de\/en\/product\/kobe-bumbu-aduk-nasi-kuning-indonesischer-gelbe-reis-gewuerzmischung-3x15g\/","title":{"rendered":"Kobe Bumbu Nasi Kuning \u2014 indonesischer gelbe Reis Gew\u00fcrzmischung 3x15g"},"content":{"rendered":"<p><strong>Kobe Yellow Rice Gew\u00fcrzmischung<\/strong> zaubert im Handumdrehen k\u00f6stlichen gelben Reis. Einfach die Gew\u00fcrzmischung unter warmen Reis r\u00fchren, und schon verwandelt sich gew\u00f6hnlicher wei\u00dfer Reis in leckeren gelben Reis.<\/p>\n<p>Das unverwechselbare Aroma von gelbem Reis, kombiniert mit einem herzhaften Geschmack und der perfekten W\u00fcrze, entsteht durch die Verwendung von echtem Kurkuma und hochwertigen Gew\u00fcrzen. Das Ergebnis: authentischer Geschmack und ein unwiderstehlicher Duft.<\/p>\n<p>Mit der <strong>Kobe Yellow Rice Gew\u00fcrzmischung<\/strong> zaubern Sie im Handumdrehen k\u00f6stliche Gerichte, ohne viel Zeit in der K\u00fcche zu verbringen. Es gibt keinen Grund mehr, zu Hause nicht ein besonderes Gericht mit gelbem Reis zuzubereiten.<\/p>","protected":false},"excerpt":{"rendered":"<p><strong>KOBE-Gew\u00fcrzmischung<\/strong> f\u00fcr GELBEN REIS<br \/>\nK\u00f6stlicher gelber Reis, der einfach in warmen Reis einger\u00fchrt werden kann.<\/p>","protected":false},"featured_media":20216819,"comment_status":"open","ping_status":"closed","template":"","meta":{"om_disable_all_campaigns":false,"_monsterinsights_skip_tracking":false,"_monsterinsights_sitenote_active":false,"_monsterinsights_sitenote_note":"","_monsterinsights_sitenote_category":0},"product_brand":[],"product_cat":[80],"product_tag":[288,364],"class_list":{"0":"post-20216818","1":"product","2":"type-product","3":"status-publish","4":"has-post-thumbnail","6":"product_cat-gewuerze","7":"product_tag-bumbu","8":"product_tag-kobe","10":"first","11":"instock","12":"shipping-taxable","13":"purchasable","14":"product-type-simple"},"aioseo_notices":[],"_links":{"self":[{"href":"https:\/\/javataste.de\/en\/wp-json\/wp\/v2\/product\/20216818","targetHints":{"allow":["GET"]}}],"collection":[{"href":"https:\/\/javataste.de\/en\/wp-json\/wp\/v2\/product"}],"about":[{"href":"https:\/\/javataste.de\/en\/wp-json\/wp\/v2\/types\/product"}],"replies":[{"embeddable":true,"href":"https:\/\/javataste.de\/en\/wp-json\/wp\/v2\/comments?post=20216818"}],"wp:featuredmedia":[{"embeddable":true,"href":"https:\/\/javataste.de\/en\/wp-json\/wp\/v2\/media\/20216819"}],"wp:attachment":[{"href":"https:\/\/javataste.de\/en\/wp-json\/wp\/v2\/media?parent=20216818"}],"wp:term":[{"taxonomy":"product_brand","embeddable":true,"href":"https:\/\/javataste.de\/en\/wp-json\/wp\/v2\/product_brand?post=20216818"},{"taxonomy":"product_cat","embeddable":true,"href":"https:\/\/javataste.de\/en\/wp-json\/wp\/v2\/product_cat?post=20216818"},{"taxonomy":"product_tag","embeddable":true,"href":"https:\/\/javataste.de\/en\/wp-json\/wp\/v2\/product_tag?post=20216818"}],"curies":[{"name":"wp","href":"https:\/\/api.w.org\/{rel}","templated":true}]}}