{"id":20216817,"date":"2026-04-05T12:17:55","date_gmt":"2026-04-05T10:17:55","guid":{"rendered":"https:\/\/javataste.de\/produkt\/kobe-bumbu-rendang-gewuerzmischung-3x20g\/"},"modified":"2026-04-05T12:17:55","modified_gmt":"2026-04-05T10:17:55","slug":"kobe-bumbu-rendang-gewuerzmischung-3x20g","status":"publish","type":"product","link":"https:\/\/javataste.de\/en\/product\/kobe-bumbu-rendang-gewuerzmischung-3x20g\/","title":{"rendered":"Kobe Bumbu Rendang \u2014 Gew\u00fcrzmischung 3x20g"},"content":{"rendered":"<p><strong>Kobe Bumbu Rendang<\/strong> ist eine bereits gekochte Rendang-Gew\u00fcrzmischung mit allen typischen Rendang-Gew\u00fcrzen. Sie ist praktisch in der Anwendung und schmeckt hervorragend.<\/p>\n<p><strong>Kobe Bumbu Rendang<\/strong> kann auf drei Arten genossen werden:<\/p>\n<p>1. Als Reismischung: Einfach in warmen Reis einr\u00fchren.<\/p>\n<p>2. F\u00fcr ein schnelles Rendang-Gericht: Mit Rindfleisch, Kokosmilch und Wasser kochen.<\/p>\n<p>3. Als Beilage: \u00dcber gekochte Beilagen wie Spiegeleier geben<\/p>\n<p>Mit diesem praktischen <strong>Kobe Bumbu Rendang<\/strong> genie\u00dfen Sie Rendang im Handumdrehen, ohne stundenlang in der K\u00fcche zu stehen. Es schmeckt herzhaft und w\u00fcrzig mit einer k\u00f6stlichen Sch\u00e4rfe und macht das Rendang-Erlebnis so lecker wie in einem Padang-Restaurant. Wann sonst hat man schon die Gelegenheit, Rendang so schnell und einfach zu Hause zuzubereiten? Probieren Sie jetzt das typisch minangische Kobe Bumbu Rendang \u2013 es schmeckt wie ein Tritt!<\/p>","protected":false},"excerpt":{"rendered":"<p><strong>Kobe Rendang Gew\u00fcrzmischung<\/strong><br \/>\nEine Gew\u00fcrzmischung f\u00fcr 3 kreative Gerichte<br \/>\nGenie\u00dfen Sie ein praktisches Minang Rendang mit kr\u00e4ftigem Geschmack<\/p>","protected":false},"featured_media":20216816,"comment_status":"open","ping_status":"closed","template":"","meta":{"om_disable_all_campaigns":false,"_monsterinsights_skip_tracking":false,"_monsterinsights_sitenote_active":false,"_monsterinsights_sitenote_note":"","_monsterinsights_sitenote_category":0},"product_brand":[],"product_cat":[80],"product_tag":[288,364],"class_list":{"0":"post-20216817","1":"product","2":"type-product","3":"status-publish","4":"has-post-thumbnail","6":"product_cat-gewuerze","7":"product_tag-bumbu","8":"product_tag-kobe","10":"first","11":"instock","12":"shipping-taxable","13":"purchasable","14":"product-type-simple"},"aioseo_notices":[],"_links":{"self":[{"href":"https:\/\/javataste.de\/en\/wp-json\/wp\/v2\/product\/20216817","targetHints":{"allow":["GET"]}}],"collection":[{"href":"https:\/\/javataste.de\/en\/wp-json\/wp\/v2\/product"}],"about":[{"href":"https:\/\/javataste.de\/en\/wp-json\/wp\/v2\/types\/product"}],"replies":[{"embeddable":true,"href":"https:\/\/javataste.de\/en\/wp-json\/wp\/v2\/comments?post=20216817"}],"wp:featuredmedia":[{"embeddable":true,"href":"https:\/\/javataste.de\/en\/wp-json\/wp\/v2\/media\/20216816"}],"wp:attachment":[{"href":"https:\/\/javataste.de\/en\/wp-json\/wp\/v2\/media?parent=20216817"}],"wp:term":[{"taxonomy":"product_brand","embeddable":true,"href":"https:\/\/javataste.de\/en\/wp-json\/wp\/v2\/product_brand?post=20216817"},{"taxonomy":"product_cat","embeddable":true,"href":"https:\/\/javataste.de\/en\/wp-json\/wp\/v2\/product_cat?post=20216817"},{"taxonomy":"product_tag","embeddable":true,"href":"https:\/\/javataste.de\/en\/wp-json\/wp\/v2\/product_tag?post=20216817"}],"curies":[{"name":"wp","href":"https:\/\/api.w.org\/{rel}","templated":true}]}}