{"id":20216813,"date":"2026-04-05T11:52:48","date_gmt":"2026-04-05T09:52:48","guid":{"rendered":"https:\/\/javataste.de\/?post_type=product&#038;p=20216813"},"modified":"2026-04-06T20:25:54","modified_gmt":"2026-04-06T18:25:54","slug":"relaxa-strawberry-chewy-milk-candy-milch-bonbon-erdbeeren-125g","status":"publish","type":"product","link":"https:\/\/javataste.de\/en\/product\/relaxa-strawberry-chewy-milk-candy-milch-bonbon-erdbeeren-125g\/","title":{"rendered":"Relaxa Strawberry Chewy Milk Candy \u2014 Milch-Bonbon Erdbeeren 125g"},"content":{"rendered":"<p>Relaxa Cuwi Milk Candy Strawberry 50 St\u00fcck x 2,5g<\/p>","protected":false},"excerpt":{"rendered":"<p>Zutaten: Zucker, Glukosesirup, Backfett (enth\u00e4lt die Antioxidantien BHA und TBHQ), Geliermittel Rindergelatine, synthetisches Milcharoma, <strong>Milchpulver<\/strong> <strong>(0,21 %)<\/strong>, Emulgator Sojalecithin, synthetisches Erdbeeraroma (enth\u00e4lt das Antioxidans Alpha-Tocopherol), S\u00e4ureregulierende Zitronens\u00e4ure, Salz, Stabilisator Gom Arabicum, Erdbeerextrakt (0,003 %), synthetischer Farbstoff (Carmoisin C.I. Nr. 14720, Sunset Yellow FCF C.I. Nr. 15985)<\/p>","protected":false},"featured_media":20216814,"comment_status":"open","ping_status":"closed","template":"","meta":{"om_disable_all_campaigns":false,"_monsterinsights_skip_tracking":false,"_monsterinsights_sitenote_active":false,"_monsterinsights_sitenote_note":"","_monsterinsights_sitenote_category":0},"product_brand":[],"product_cat":[81],"product_tag":[349,342],"class_list":{"0":"post-20216813","1":"product","2":"type-product","3":"status-publish","4":"has-post-thumbnail","6":"product_cat-snacks","7":"product_tag-bon-bon","8":"product_tag-suess","10":"first","11":"instock","12":"shipping-taxable","13":"purchasable","14":"product-type-simple"},"aioseo_notices":[],"_links":{"self":[{"href":"https:\/\/javataste.de\/en\/wp-json\/wp\/v2\/product\/20216813","targetHints":{"allow":["GET"]}}],"collection":[{"href":"https:\/\/javataste.de\/en\/wp-json\/wp\/v2\/product"}],"about":[{"href":"https:\/\/javataste.de\/en\/wp-json\/wp\/v2\/types\/product"}],"replies":[{"embeddable":true,"href":"https:\/\/javataste.de\/en\/wp-json\/wp\/v2\/comments?post=20216813"}],"wp:featuredmedia":[{"embeddable":true,"href":"https:\/\/javataste.de\/en\/wp-json\/wp\/v2\/media\/20216814"}],"wp:attachment":[{"href":"https:\/\/javataste.de\/en\/wp-json\/wp\/v2\/media?parent=20216813"}],"wp:term":[{"taxonomy":"product_brand","embeddable":true,"href":"https:\/\/javataste.de\/en\/wp-json\/wp\/v2\/product_brand?post=20216813"},{"taxonomy":"product_cat","embeddable":true,"href":"https:\/\/javataste.de\/en\/wp-json\/wp\/v2\/product_cat?post=20216813"},{"taxonomy":"product_tag","embeddable":true,"href":"https:\/\/javataste.de\/en\/wp-json\/wp\/v2\/product_tag?post=20216813"}],"curies":[{"name":"wp","href":"https:\/\/api.w.org\/{rel}","templated":true}]}}