{"id":20216811,"date":"2026-04-05T11:50:18","date_gmt":"2026-04-05T09:50:18","guid":{"rendered":"https:\/\/javataste.de\/produkt\/relaxa-chewy-milk-candy-milch-bonbon-125g\/"},"modified":"2026-04-06T20:17:55","modified_gmt":"2026-04-06T18:17:55","slug":"relaxa-chewy-milk-candy-milch-bonbon-125g","status":"publish","type":"product","link":"https:\/\/javataste.de\/en\/product\/relaxa-chewy-milk-candy-milch-bonbon-125g\/","title":{"rendered":"Relaxa Chewy Milk Candy \u2014 Milch-Bonbon 125g"},"content":{"rendered":"<p>Relaxa Cuwi Milk Candy 50 St\u00fcck x 2,5g<\/p>","protected":false},"excerpt":{"rendered":"<p>Zutaten: Zucker, Glukosesirup, Backfett (enth\u00e4lt die Antioxidantien BHA und TBHQ), Tapiokast\u00e4rke, synthetisches Milcharoma, <strong>Milchpulver<\/strong> <strong>(0,21 %)<\/strong>, Emulgator Sojalecithin, Stabilisator Gom Arabicum, Salz, S\u00e4ureregulierende Zitronens\u00e4ure, nat\u00fcrlicher Farbstoff Karamell Klasse III.<\/p>","protected":false},"featured_media":20216812,"comment_status":"open","ping_status":"closed","template":"","meta":{"om_disable_all_campaigns":false,"_monsterinsights_skip_tracking":false,"_monsterinsights_sitenote_active":false,"_monsterinsights_sitenote_note":"","_monsterinsights_sitenote_category":0},"product_brand":[],"product_cat":[81],"product_tag":[349,342],"class_list":{"0":"post-20216811","1":"product","2":"type-product","3":"status-publish","4":"has-post-thumbnail","6":"product_cat-snacks","7":"product_tag-bon-bon","8":"product_tag-suess","10":"first","11":"instock","12":"shipping-taxable","13":"purchasable","14":"product-type-simple"},"aioseo_notices":[],"_links":{"self":[{"href":"https:\/\/javataste.de\/en\/wp-json\/wp\/v2\/product\/20216811","targetHints":{"allow":["GET"]}}],"collection":[{"href":"https:\/\/javataste.de\/en\/wp-json\/wp\/v2\/product"}],"about":[{"href":"https:\/\/javataste.de\/en\/wp-json\/wp\/v2\/types\/product"}],"replies":[{"embeddable":true,"href":"https:\/\/javataste.de\/en\/wp-json\/wp\/v2\/comments?post=20216811"}],"wp:featuredmedia":[{"embeddable":true,"href":"https:\/\/javataste.de\/en\/wp-json\/wp\/v2\/media\/20216812"}],"wp:attachment":[{"href":"https:\/\/javataste.de\/en\/wp-json\/wp\/v2\/media?parent=20216811"}],"wp:term":[{"taxonomy":"product_brand","embeddable":true,"href":"https:\/\/javataste.de\/en\/wp-json\/wp\/v2\/product_brand?post=20216811"},{"taxonomy":"product_cat","embeddable":true,"href":"https:\/\/javataste.de\/en\/wp-json\/wp\/v2\/product_cat?post=20216811"},{"taxonomy":"product_tag","embeddable":true,"href":"https:\/\/javataste.de\/en\/wp-json\/wp\/v2\/product_tag?post=20216811"}],"curies":[{"name":"wp","href":"https:\/\/api.w.org\/{rel}","templated":true}]}}