{"id":20216806,"date":"2026-04-04T17:59:18","date_gmt":"2026-04-04T15:59:18","guid":{"rendered":"https:\/\/javataste.de\/?post_type=product&#038;p=20216806"},"modified":"2026-04-04T18:02:11","modified_gmt":"2026-04-04T16:02:11","slug":"finna-sambal-uleg-bawang-knoblauch-17g","status":"publish","type":"product","link":"https:\/\/javataste.de\/en\/product\/finna-sambal-uleg-bawang-knoblauch-17g\/","title":{"rendered":"FINNA Sambal Uleg Bawang \u2014 Knoblauch 17g"},"content":{"rendered":"<p>gemischte Chilisauce die mit Hauptzutaten Chili und Bawang (Knoblauch) ist, das passt perfect als Basis f\u00fcr Tumis und Nasi Goreng<\/p>\n<p>FINNA pr\u00e4sentiert hausgemachtes Sambal Bawang aus ausgew\u00e4hlten Chilis und Zwiebeln, kombiniert mit hochwertigen Gew\u00fcrzen, f\u00fcr noch k\u00f6stlichere Familienmahlzeiten.<\/p>\n<p>Geeignet als Beilage zu verschiedenen Gerichten, z. B. als Chilisauce f\u00fcr Geprek-Reis, Penyetan-Reis, Seblak, Burger, als Grundzutat f\u00fcr die K\u00fcche usw.<\/p>","protected":false},"excerpt":{"rendered":"<p>gemischte Knoblauch-Chilisauce von Finna, Chili, Knoblauch<\/p>\n<p>Zutaten: Schalotten (39,26 %), Chilis, Wasser, Salz, Pflanzen\u00f6l, S\u00e4ureregulator Essigs\u00e4ure, Geschmacksverst\u00e4rker Mononatriumglutamat, Konservierungsstoffe (Natriumbenzoat und Kaliumsorbat).<\/p>","protected":false},"featured_media":20216807,"comment_status":"open","ping_status":"closed","template":"","meta":{"om_disable_all_campaigns":false,"_monsterinsights_skip_tracking":false,"_monsterinsights_sitenote_active":false,"_monsterinsights_sitenote_note":"","_monsterinsights_sitenote_category":0},"product_brand":[],"product_cat":[256,80],"product_tag":[126],"class_list":{"0":"post-20216806","1":"product","2":"type-product","3":"status-publish","4":"has-post-thumbnail","6":"product_cat-chilisauce","7":"product_cat-gewuerze","8":"product_tag-finna","10":"first","11":"instock","12":"purchasable","13":"product-type-simple"},"aioseo_notices":[],"_links":{"self":[{"href":"https:\/\/javataste.de\/en\/wp-json\/wp\/v2\/product\/20216806","targetHints":{"allow":["GET"]}}],"collection":[{"href":"https:\/\/javataste.de\/en\/wp-json\/wp\/v2\/product"}],"about":[{"href":"https:\/\/javataste.de\/en\/wp-json\/wp\/v2\/types\/product"}],"replies":[{"embeddable":true,"href":"https:\/\/javataste.de\/en\/wp-json\/wp\/v2\/comments?post=20216806"}],"wp:featuredmedia":[{"embeddable":true,"href":"https:\/\/javataste.de\/en\/wp-json\/wp\/v2\/media\/20216807"}],"wp:attachment":[{"href":"https:\/\/javataste.de\/en\/wp-json\/wp\/v2\/media?parent=20216806"}],"wp:term":[{"taxonomy":"product_brand","embeddable":true,"href":"https:\/\/javataste.de\/en\/wp-json\/wp\/v2\/product_brand?post=20216806"},{"taxonomy":"product_cat","embeddable":true,"href":"https:\/\/javataste.de\/en\/wp-json\/wp\/v2\/product_cat?post=20216806"},{"taxonomy":"product_tag","embeddable":true,"href":"https:\/\/javataste.de\/en\/wp-json\/wp\/v2\/product_tag?post=20216806"}],"curies":[{"name":"wp","href":"https:\/\/api.w.org\/{rel}","templated":true}]}}