{"id":20216802,"date":"2026-04-04T17:13:45","date_gmt":"2026-04-04T15:13:45","guid":{"rendered":"https:\/\/javataste.de\/?post_type=product&#038;p=20216802"},"modified":"2026-04-04T17:29:14","modified_gmt":"2026-04-04T15:29:14","slug":"energen-kacang-hijau-mungbohnengeschmack-32g","status":"publish","type":"product","link":"https:\/\/javataste.de\/en\/product\/energen-kacang-hijau-mungbohnengeschmack-32g\/","title":{"rendered":"Energen Kacang Hijau \u2014 Mungbohnengeschmack 32g"},"content":{"rendered":"<p><b><i>Energen<\/i><\/b>, <i>nahrhaftes Essen trinken<\/i>. Eine praktische Fr\u00fchst\u00fccksnahrung voller N\u00e4hrstoffe und voller Energie aus Milch, Eiern, Weizen und Vitaminen f\u00fcr die Gesundheit der Familie.<\/p>\n<p>Energen mit verschiedenen Aromen zum Beispiel von Vanille, Schokolade, Mais, gr\u00fcnen Bohnen und Ingwer. Energen erfreut sich bei Familien im oberen Mittelklassesegment gro\u00dfer Beliebtheit.<\/p>","protected":false},"excerpt":{"rendered":"<p>Zubereitung: 150 ml hei\u00dfes Wasser (80\u00b0C) hinzuf\u00fcgen und gut umr\u00fchren.<\/p>\n<p>Zutaten: Zucker, Kaffeewei\u00dfer, <strong>Weizenmehl<\/strong> (14,5%), Mungobohnen (10,94%), <strong>Milchpulver<\/strong> (6,14%), Mais, <strong>Hafer<\/strong> (1,47%), synthetische Aromen, pulverisierter roter Ingwer (1,1%), Calciumcarbonat, Salz, pflanzlicher Emulgator (Soja-Lestin), Vitaminvormischung (Vitamin A, B1, B2, B6, Fols\u00e4ure, B12, D und E), Natriumascorbat (Vitamin C), <strong>Eipulver<\/strong> (0,01%), <strong>Malzextrakt<\/strong> (0,01%).<\/p>\n<p>Allergeninformationen: <b>enth\u00e4lt Milch, Gluten, Soja und Ei.<\/b><\/p>","protected":false},"featured_media":20216803,"comment_status":"open","ping_status":"closed","template":"","meta":{"om_disable_all_campaigns":false,"_monsterinsights_skip_tracking":false,"_monsterinsights_sitenote_active":false,"_monsterinsights_sitenote_note":"","_monsterinsights_sitenote_category":0},"product_brand":[],"product_cat":[75],"product_tag":[328],"class_list":{"0":"post-20216802","1":"product","2":"type-product","3":"status-publish","4":"has-post-thumbnail","6":"product_cat-getraenke","7":"product_tag-energen","9":"first","10":"instock","11":"purchasable","12":"product-type-simple"},"aioseo_notices":[],"_links":{"self":[{"href":"https:\/\/javataste.de\/en\/wp-json\/wp\/v2\/product\/20216802","targetHints":{"allow":["GET"]}}],"collection":[{"href":"https:\/\/javataste.de\/en\/wp-json\/wp\/v2\/product"}],"about":[{"href":"https:\/\/javataste.de\/en\/wp-json\/wp\/v2\/types\/product"}],"replies":[{"embeddable":true,"href":"https:\/\/javataste.de\/en\/wp-json\/wp\/v2\/comments?post=20216802"}],"wp:featuredmedia":[{"embeddable":true,"href":"https:\/\/javataste.de\/en\/wp-json\/wp\/v2\/media\/20216803"}],"wp:attachment":[{"href":"https:\/\/javataste.de\/en\/wp-json\/wp\/v2\/media?parent=20216802"}],"wp:term":[{"taxonomy":"product_brand","embeddable":true,"href":"https:\/\/javataste.de\/en\/wp-json\/wp\/v2\/product_brand?post=20216802"},{"taxonomy":"product_cat","embeddable":true,"href":"https:\/\/javataste.de\/en\/wp-json\/wp\/v2\/product_cat?post=20216802"},{"taxonomy":"product_tag","embeddable":true,"href":"https:\/\/javataste.de\/en\/wp-json\/wp\/v2\/product_tag?post=20216802"}],"curies":[{"name":"wp","href":"https:\/\/api.w.org\/{rel}","templated":true}]}}