{"id":20216798,"date":"2026-04-04T16:50:55","date_gmt":"2026-04-04T14:50:55","guid":{"rendered":"https:\/\/javataste.de\/?post_type=product&#038;p=20216798"},"modified":"2026-04-04T16:55:05","modified_gmt":"2026-04-04T14:55:05","slug":"masako-ayam-huehnergeschmack-250-g","status":"publish","type":"product","link":"https:\/\/javataste.de\/en\/product\/masako-ayam-huehnergeschmack-250-g\/","title":{"rendered":"Masako Ayam \u2014 H\u00fchnergeschmack 250g"},"content":{"rendered":"","protected":false},"excerpt":{"rendered":"<p>Klassische Rinderbr\u00fche f\u00fcr die indonesische K\u00fcche.<\/p>","protected":false},"featured_media":20216799,"comment_status":"open","ping_status":"closed","template":"","meta":{"om_disable_all_campaigns":false,"_monsterinsights_skip_tracking":false,"_monsterinsights_sitenote_active":false,"_monsterinsights_sitenote_note":"","_monsterinsights_sitenote_category":0},"product_brand":[],"product_cat":[80],"product_tag":[193],"class_list":{"0":"post-20216798","1":"product","2":"type-product","3":"status-publish","4":"has-post-thumbnail","6":"product_cat-gewuerze","7":"product_tag-masako","9":"first","10":"instock","11":"purchasable","12":"product-type-simple"},"aioseo_notices":[],"_links":{"self":[{"href":"https:\/\/javataste.de\/en\/wp-json\/wp\/v2\/product\/20216798","targetHints":{"allow":["GET"]}}],"collection":[{"href":"https:\/\/javataste.de\/en\/wp-json\/wp\/v2\/product"}],"about":[{"href":"https:\/\/javataste.de\/en\/wp-json\/wp\/v2\/types\/product"}],"replies":[{"embeddable":true,"href":"https:\/\/javataste.de\/en\/wp-json\/wp\/v2\/comments?post=20216798"}],"wp:featuredmedia":[{"embeddable":true,"href":"https:\/\/javataste.de\/en\/wp-json\/wp\/v2\/media\/20216799"}],"wp:attachment":[{"href":"https:\/\/javataste.de\/en\/wp-json\/wp\/v2\/media?parent=20216798"}],"wp:term":[{"taxonomy":"product_brand","embeddable":true,"href":"https:\/\/javataste.de\/en\/wp-json\/wp\/v2\/product_brand?post=20216798"},{"taxonomy":"product_cat","embeddable":true,"href":"https:\/\/javataste.de\/en\/wp-json\/wp\/v2\/product_cat?post=20216798"},{"taxonomy":"product_tag","embeddable":true,"href":"https:\/\/javataste.de\/en\/wp-json\/wp\/v2\/product_tag?post=20216798"}],"curies":[{"name":"wp","href":"https:\/\/api.w.org\/{rel}","templated":true}]}}