{"id":20216796,"date":"2026-04-04T16:30:48","date_gmt":"2026-04-04T14:30:48","guid":{"rendered":"https:\/\/javataste.de\/?post_type=product&#038;p=20216796"},"modified":"2026-04-04T16:45:52","modified_gmt":"2026-04-04T14:45:52","slug":"sidomuncul-tolak-angin-anak-kinder-1x10ml","status":"publish","type":"product","link":"https:\/\/javataste.de\/en\/product\/sidomuncul-tolak-angin-anak-kinder-1x10ml\/","title":{"rendered":"Sidomuncul Tolak Angin Anak \u2014 Kinder 1x10ml"},"content":{"rendered":"<p>Halal zertifiziertes Produkt aus Indonesien.<\/p>\n<p>gesondert f\u00fcr Kinder ab 1 Jahr. Hilft bei der Linderung von Erk\u00e4ltungssymptomen wie Fieber, Kopfschmerzen, \u00dcbelkeit und Bl\u00e4hungen.<\/p>\n<p>F\u00fcr Kinder ab 1 Jahr: \u00bd Beutel direkt trinken oder in einem halben Glas warmem Wasser aufl\u00f6sen. F\u00fcr Kinder im Alter von 2 bis 6 Jahren: Trinken Sie direkt einen Beutel oder l\u00f6sen Sie ihn in einem halben Glas warmem Wasser auf. Nehmen Sie t\u00e4glich 3 Beutel nach den Mahlzeiten ein, bis sich der Zustand verbessert. Nehmen Sie t\u00e4glich 1 Beutel ein, um die Gesundheit zu erhalten.<\/p>\n<p>Vor Gebrauch gut sch\u00fctteln<\/p>","protected":false},"excerpt":{"rendered":"<p>Tolakangin ist ein rein pflanzliches Nahrungserg\u00e4nzungsmittel mit Honig, Ginger, Fenchel, Minze und anderen nat\u00fcrlichen Pflanzen<\/p>","protected":false},"featured_media":20216797,"comment_status":"open","ping_status":"closed","template":"","meta":{"om_disable_all_campaigns":false,"_monsterinsights_skip_tracking":false,"_monsterinsights_sitenote_active":false,"_monsterinsights_sitenote_note":"","_monsterinsights_sitenote_category":0},"product_brand":[],"product_cat":[257,153],"product_tag":[161],"class_list":{"0":"post-20216796","1":"product","2":"type-product","3":"status-publish","4":"has-post-thumbnail","6":"product_cat-drogerie","7":"product_cat-sonstiges","8":"product_tag-sidomuncul","10":"first","11":"instock","12":"purchasable","13":"product-type-simple"},"aioseo_notices":[],"_links":{"self":[{"href":"https:\/\/javataste.de\/en\/wp-json\/wp\/v2\/product\/20216796","targetHints":{"allow":["GET"]}}],"collection":[{"href":"https:\/\/javataste.de\/en\/wp-json\/wp\/v2\/product"}],"about":[{"href":"https:\/\/javataste.de\/en\/wp-json\/wp\/v2\/types\/product"}],"replies":[{"embeddable":true,"href":"https:\/\/javataste.de\/en\/wp-json\/wp\/v2\/comments?post=20216796"}],"wp:featuredmedia":[{"embeddable":true,"href":"https:\/\/javataste.de\/en\/wp-json\/wp\/v2\/media\/20216797"}],"wp:attachment":[{"href":"https:\/\/javataste.de\/en\/wp-json\/wp\/v2\/media?parent=20216796"}],"wp:term":[{"taxonomy":"product_brand","embeddable":true,"href":"https:\/\/javataste.de\/en\/wp-json\/wp\/v2\/product_brand?post=20216796"},{"taxonomy":"product_cat","embeddable":true,"href":"https:\/\/javataste.de\/en\/wp-json\/wp\/v2\/product_cat?post=20216796"},{"taxonomy":"product_tag","embeddable":true,"href":"https:\/\/javataste.de\/en\/wp-json\/wp\/v2\/product_tag?post=20216796"}],"curies":[{"name":"wp","href":"https:\/\/api.w.org\/{rel}","templated":true}]}}