{"id":20216795,"date":"2026-04-04T15:53:42","date_gmt":"2026-04-04T13:53:42","guid":{"rendered":"https:\/\/javataste.de\/produkt\/sambal-abc-nusantara-10x18g\/"},"modified":"2026-04-04T15:54:42","modified_gmt":"2026-04-04T13:54:42","slug":"sambal-abc-terasi-nusantara-10x18g","status":"publish","type":"product","link":"https:\/\/javataste.de\/en\/product\/sambal-abc-terasi-nusantara-10x18g\/","title":{"rendered":"Sambal ABC Terasi Nusantara 10x18g"},"content":{"rendered":"<p>Zutaten: Chili (45 %), Zucker, Pflanzen\u00f6l (enth\u00e4lt das Antioxidans Di-Alpha-Tocopherol), Garnelenlotus (6 %), Salz, pflanzlicher Stabilisator, Geschmacksverst\u00e4rker (Mononatriumglutamat und Dinatriuminosinat), Wasser, S\u00e4ureregulator, synthetische Aromen (enth\u00e4lt hydrolysiertes Pflanzenprotein (Sojabohnen) und Geschmacksverst\u00e4rker Mononatriumglutamat, Dinatrium-5&#8242;-inosinat und Dinatrium-5&#8242;-guanylat), Konservierungsmittel (Kaliumsorbat und Natriummetabisulfit), der nat\u00fcrliche S\u00fc\u00dfstoff Steviolglykosid.<\/p>","protected":false},"excerpt":{"rendered":"<p>Zutaten: Chili (45 %), Zucker, Pflanzen\u00f6l (enth\u00e4lt das Antioxidans Di-Alpha-Tocopherol), Garnelenlotus (6 %), Salz, pflanzlicher Stabilisator, Geschmacksverst\u00e4rker (Mononatriumglutamat und Dinatriuminosinat), Wasser, S\u00e4ureregulator, synthetische Aromen (enth\u00e4lt hydrolysiertes Pflanzenprotein (Sojabohnen) und Geschmacksverst\u00e4rker Mononatriumglutamat, Dinatrium-5&#8242;-inosinat und Dinatrium-5&#8242;-guanylat), Konservierungsmittel (Kaliumsorbat und Natriummetabisulfit), der nat\u00fcrliche S\u00fc\u00dfstoff Steviolglykosid.<\/p>","protected":false},"featured_media":20216793,"comment_status":"open","ping_status":"closed","template":"","meta":{"om_disable_all_campaigns":false,"_monsterinsights_skip_tracking":false,"_monsterinsights_sitenote_active":false,"_monsterinsights_sitenote_note":"","_monsterinsights_sitenote_category":0},"product_brand":[],"product_cat":[256,80,88],"product_tag":[112,312],"class_list":{"0":"post-20216795","1":"product","2":"type-product","3":"status-publish","4":"has-post-thumbnail","6":"product_cat-chilisauce","7":"product_cat-gewuerze","8":"product_cat-angebote","9":"product_tag-abc","10":"product_tag-sambal","12":"first","13":"instock","14":"sale","15":"shipping-taxable","16":"purchasable","17":"product-type-simple"},"aioseo_notices":[],"_links":{"self":[{"href":"https:\/\/javataste.de\/en\/wp-json\/wp\/v2\/product\/20216795","targetHints":{"allow":["GET"]}}],"collection":[{"href":"https:\/\/javataste.de\/en\/wp-json\/wp\/v2\/product"}],"about":[{"href":"https:\/\/javataste.de\/en\/wp-json\/wp\/v2\/types\/product"}],"replies":[{"embeddable":true,"href":"https:\/\/javataste.de\/en\/wp-json\/wp\/v2\/comments?post=20216795"}],"wp:featuredmedia":[{"embeddable":true,"href":"https:\/\/javataste.de\/en\/wp-json\/wp\/v2\/media\/20216793"}],"wp:attachment":[{"href":"https:\/\/javataste.de\/en\/wp-json\/wp\/v2\/media?parent=20216795"}],"wp:term":[{"taxonomy":"product_brand","embeddable":true,"href":"https:\/\/javataste.de\/en\/wp-json\/wp\/v2\/product_brand?post=20216795"},{"taxonomy":"product_cat","embeddable":true,"href":"https:\/\/javataste.de\/en\/wp-json\/wp\/v2\/product_cat?post=20216795"},{"taxonomy":"product_tag","embeddable":true,"href":"https:\/\/javataste.de\/en\/wp-json\/wp\/v2\/product_tag?post=20216795"}],"curies":[{"name":"wp","href":"https:\/\/api.w.org\/{rel}","templated":true}]}}