{"id":20216792,"date":"2026-04-04T15:31:16","date_gmt":"2026-04-04T13:31:16","guid":{"rendered":"https:\/\/javataste.de\/produkt\/sambal-abc-asli-22x8g\/"},"modified":"2026-04-04T15:53:59","modified_gmt":"2026-04-04T13:53:59","slug":"sambal-abc-asli-22x8g","status":"publish","type":"product","link":"https:\/\/javataste.de\/en\/product\/sambal-abc-asli-22x8g\/","title":{"rendered":"Sambal ABC Asli 22x8g [MHD 04\/26]"},"content":{"rendered":"<p>Zutaten: Wasser, Chili (enth\u00e4lt Hiyung-Chili) (23 %), Zucker, Salz, pflanzlicher Stabilisator, Knoblauch (2,3 %), S\u00e4ureregulator, Konservierungsmittel (Natriumbenzoat und Natriummetabisulfit), Geschmacksverst\u00e4rker (Mononatriumglutamat und Guanylatinosyllat) und nat\u00fcrliche S\u00fc\u00dfstoffe: Steviolglykoside.<\/p>","protected":false},"excerpt":{"rendered":"<p>Zutaten: Wasser, Chili (enth\u00e4lt Hiyung-Chili) (23 %), Zucker, Salz, pflanzlicher Stabilisator, Knoblauch (2,3 %), S\u00e4ureregulator, Konservierungsmittel (Natriumbenzoat und Natriummetabisulfit), Geschmacksverst\u00e4rker (Mononatriumglutamat und Guanylatinosyllat) und nat\u00fcrliche S\u00fc\u00dfstoffe: Steviolglykoside.<\/p>","protected":false},"featured_media":20216791,"comment_status":"open","ping_status":"closed","template":"","meta":{"om_disable_all_campaigns":false,"_monsterinsights_skip_tracking":false,"_monsterinsights_sitenote_active":false,"_monsterinsights_sitenote_note":"","_monsterinsights_sitenote_category":0},"product_brand":[],"product_cat":[256,80,88],"product_tag":[112,312],"class_list":{"0":"post-20216792","1":"product","2":"type-product","3":"status-publish","4":"has-post-thumbnail","6":"product_cat-chilisauce","7":"product_cat-gewuerze","8":"product_cat-angebote","9":"product_tag-abc","10":"product_tag-sambal","12":"first","13":"instock","14":"sale","15":"shipping-taxable","16":"purchasable","17":"product-type-simple"},"aioseo_notices":[],"_links":{"self":[{"href":"https:\/\/javataste.de\/en\/wp-json\/wp\/v2\/product\/20216792","targetHints":{"allow":["GET"]}}],"collection":[{"href":"https:\/\/javataste.de\/en\/wp-json\/wp\/v2\/product"}],"about":[{"href":"https:\/\/javataste.de\/en\/wp-json\/wp\/v2\/types\/product"}],"replies":[{"embeddable":true,"href":"https:\/\/javataste.de\/en\/wp-json\/wp\/v2\/comments?post=20216792"}],"wp:featuredmedia":[{"embeddable":true,"href":"https:\/\/javataste.de\/en\/wp-json\/wp\/v2\/media\/20216791"}],"wp:attachment":[{"href":"https:\/\/javataste.de\/en\/wp-json\/wp\/v2\/media?parent=20216792"}],"wp:term":[{"taxonomy":"product_brand","embeddable":true,"href":"https:\/\/javataste.de\/en\/wp-json\/wp\/v2\/product_brand?post=20216792"},{"taxonomy":"product_cat","embeddable":true,"href":"https:\/\/javataste.de\/en\/wp-json\/wp\/v2\/product_cat?post=20216792"},{"taxonomy":"product_tag","embeddable":true,"href":"https:\/\/javataste.de\/en\/wp-json\/wp\/v2\/product_tag?post=20216792"}],"curies":[{"name":"wp","href":"https:\/\/api.w.org\/{rel}","templated":true}]}}