{"id":20216753,"date":"2026-02-08T17:12:24","date_gmt":"2026-02-08T16:12:24","guid":{"rendered":"https:\/\/javataste.de\/?post_type=product&#038;p=20216753"},"modified":"2026-02-08T17:24:38","modified_gmt":"2026-02-08T16:24:38","slug":"kreuzkuemmelpulver-jinten-cuminseed-powder-40g","status":"publish","type":"product","link":"https:\/\/javataste.de\/en\/product\/kreuzkuemmelpulver-jinten-cuminseed-powder-40g\/","title":{"rendered":"Kreuzk\u00fcmmelpulver Jinten \u2014 Cuminseed Powder 40g"},"content":{"rendered":"<p>Kreuzk\u00fcmmel ist ein\u00a0<b>aromatisches Gew\u00fcrz, das aus den getrockneten Samen der Kreuzk\u00fcmmelpflanze gewonnen wird<\/b>. Urspr\u00fcnglich aus dem Nahen Osten und Indien stammend, ist Kreuzk\u00fcmmel heute ein fester Bestandteil in vielen K\u00fcchen weltweit.<\/p>\n<p>Bubuk Djinten<\/p>","protected":false},"excerpt":{"rendered":"<p>Gemahlene Kreuzk\u00fcmmel (Cumin)<\/p>\n<p>Bubuk Jinten<\/p>","protected":false},"featured_media":20216754,"comment_status":"open","ping_status":"closed","template":"","meta":{"om_disable_all_campaigns":false,"_monsterinsights_skip_tracking":false,"_monsterinsights_sitenote_active":false,"_monsterinsights_sitenote_note":"","_monsterinsights_sitenote_category":0},"product_brand":[431],"product_cat":[80,88],"product_tag":[129],"class_list":{"0":"post-20216753","1":"product","2":"type-product","3":"status-publish","4":"has-post-thumbnail","6":"product_brand-lucullus","7":"product_cat-gewuerze","8":"product_cat-angebote","9":"product_tag-lucullus","11":"first","12":"instock","13":"sale","14":"purchasable","15":"product-type-simple"},"aioseo_notices":[],"_links":{"self":[{"href":"https:\/\/javataste.de\/en\/wp-json\/wp\/v2\/product\/20216753","targetHints":{"allow":["GET"]}}],"collection":[{"href":"https:\/\/javataste.de\/en\/wp-json\/wp\/v2\/product"}],"about":[{"href":"https:\/\/javataste.de\/en\/wp-json\/wp\/v2\/types\/product"}],"replies":[{"embeddable":true,"href":"https:\/\/javataste.de\/en\/wp-json\/wp\/v2\/comments?post=20216753"}],"wp:featuredmedia":[{"embeddable":true,"href":"https:\/\/javataste.de\/en\/wp-json\/wp\/v2\/media\/20216754"}],"wp:attachment":[{"href":"https:\/\/javataste.de\/en\/wp-json\/wp\/v2\/media?parent=20216753"}],"wp:term":[{"taxonomy":"product_brand","embeddable":true,"href":"https:\/\/javataste.de\/en\/wp-json\/wp\/v2\/product_brand?post=20216753"},{"taxonomy":"product_cat","embeddable":true,"href":"https:\/\/javataste.de\/en\/wp-json\/wp\/v2\/product_cat?post=20216753"},{"taxonomy":"product_tag","embeddable":true,"href":"https:\/\/javataste.de\/en\/wp-json\/wp\/v2\/product_tag?post=20216753"}],"curies":[{"name":"wp","href":"https:\/\/api.w.org\/{rel}","templated":true}]}}