{"id":20216746,"date":"2026-02-08T16:29:56","date_gmt":"2026-02-08T15:29:56","guid":{"rendered":"https:\/\/javataste.de\/?post_type=product&#038;p=20216746"},"modified":"2026-04-11T20:43:02","modified_gmt":"2026-04-11T18:43:02","slug":"gewuerzmischung-fuer-sataymarinade-bumbu-sate-45g","status":"publish","type":"product","link":"https:\/\/javataste.de\/en\/product\/gewuerzmischung-fuer-sataymarinade-bumbu-sate-45g\/","title":{"rendered":"Gew\u00fcrzmischung f\u00fcr Sataymarinade \u2014 Bumbu Sate 45g"},"content":{"rendered":"<p>Eine leckere Erdnuss Sauce f\u00fcr die bekannten Sate Fleischspie\u00dfe. Aber nat\u00fcrlich auch als Sauce f\u00fcr Gem\u00fcse, Fisch, Nudeln, Gebratenes, Gegrilltes und Gekochtes.<br \/>\nDie Zubereitung ist wie immer schnell und einfach.<br \/>\nAuf Gew\u00fcrzmischung einr\u00fchren und unter R\u00fchren kochen lassen, bis die gew\u00fcnschte Dicke erreicht ist.<\/p>","protected":false},"excerpt":{"rendered":"<p>Boemboe Sate \u2014 Gew\u00fcrzmischung f\u00fcr Satay 45g<\/p>","protected":false},"featured_media":20216747,"comment_status":"open","ping_status":"closed","template":"","meta":{"om_disable_all_campaigns":false,"_monsterinsights_skip_tracking":false,"_monsterinsights_sitenote_active":false,"_monsterinsights_sitenote_note":"","_monsterinsights_sitenote_category":0},"product_brand":[431],"product_cat":[80,88],"product_tag":[292],"class_list":{"0":"post-20216746","1":"product","2":"type-product","3":"status-publish","4":"has-post-thumbnail","6":"product_brand-lucullus","7":"product_cat-gewuerze","8":"product_cat-angebote","9":"product_tag-sate","11":"first","12":"instock","13":"sale","14":"purchasable","15":"product-type-simple"},"aioseo_notices":[],"_links":{"self":[{"href":"https:\/\/javataste.de\/en\/wp-json\/wp\/v2\/product\/20216746","targetHints":{"allow":["GET"]}}],"collection":[{"href":"https:\/\/javataste.de\/en\/wp-json\/wp\/v2\/product"}],"about":[{"href":"https:\/\/javataste.de\/en\/wp-json\/wp\/v2\/types\/product"}],"replies":[{"embeddable":true,"href":"https:\/\/javataste.de\/en\/wp-json\/wp\/v2\/comments?post=20216746"}],"wp:featuredmedia":[{"embeddable":true,"href":"https:\/\/javataste.de\/en\/wp-json\/wp\/v2\/media\/20216747"}],"wp:attachment":[{"href":"https:\/\/javataste.de\/en\/wp-json\/wp\/v2\/media?parent=20216746"}],"wp:term":[{"taxonomy":"product_brand","embeddable":true,"href":"https:\/\/javataste.de\/en\/wp-json\/wp\/v2\/product_brand?post=20216746"},{"taxonomy":"product_cat","embeddable":true,"href":"https:\/\/javataste.de\/en\/wp-json\/wp\/v2\/product_cat?post=20216746"},{"taxonomy":"product_tag","embeddable":true,"href":"https:\/\/javataste.de\/en\/wp-json\/wp\/v2\/product_tag?post=20216746"}],"curies":[{"name":"wp","href":"https:\/\/api.w.org\/{rel}","templated":true}]}}