{"id":20216744,"date":"2026-02-08T16:14:56","date_gmt":"2026-02-08T15:14:56","guid":{"rendered":"https:\/\/javataste.de\/?post_type=product&#038;p=20216744"},"modified":"2026-04-11T20:43:02","modified_gmt":"2026-04-11T18:43:02","slug":"asem-tamarind-mit-kern-454g","status":"publish","type":"product","link":"https:\/\/javataste.de\/en\/product\/asem-tamarind-mit-kern-454g\/","title":{"rendered":"Asem \u2014 Tamarind mit Kern 454g"},"content":{"rendered":"<p>S\u00e4uerlich, aromatisch &amp; vielseitig \u2013\u00a0<strong>COCK<\/strong>\u00a0<strong>Tamarind<\/strong>\u00a0Concentrate Diese Tamarindenpaste ist dein Geheimtipp f\u00fcr authentische asiatische Gerichte! Mit ihrem einzigartig fruchtig-s\u00e4uerlichen Aroma verleiht sie Currys, Chutneys, Dips oder Suppen eine besondere, exotische Note.<\/p>\n<p><strong>Tamarind<\/strong> ist die Frucht des Tamarindenbaums (Tamarindus indica) und wird oft als <strong>indische Datteln<\/strong> oder <strong>Sauerdatteln<\/strong> bezeichnet. Die <strong>Tamarindenschote<\/strong>n sind etwa 5 bis 20 cm lang und haben eine zimtfarbene bis braune Farbe. In der indischen und asiatischen K\u00fcche werden die <strong>Tamarindenschoten<\/strong> h\u00e4ufig verwendet, um Gerichte wie Chutneys, So\u00dfen und Marinaden zu w\u00fcrzen. Die <strong>Tamarindenschoten<\/strong> enthalten das weiche, klebrige Fruchtfleisch, das f\u00fcr seinen intensiven Geschmack gesch\u00e4tzt wird.<\/p>","protected":false},"excerpt":{"rendered":"<p>Tamarinde mit Kern 454g<\/p>","protected":false},"featured_media":20216745,"comment_status":"open","ping_status":"closed","template":"","meta":{"om_disable_all_campaigns":false,"_monsterinsights_skip_tracking":false,"_monsterinsights_sitenote_active":false,"_monsterinsights_sitenote_note":"","_monsterinsights_sitenote_category":0},"product_brand":[437],"product_cat":[79,80,15,88],"product_tag":[139],"class_list":{"0":"post-20216744","1":"product","2":"type-product","3":"status-publish","4":"has-post-thumbnail","6":"product_brand-cock","7":"product_cat-lebensmittel","8":"product_cat-gewuerze","9":"product_cat-zutaten","10":"product_cat-angebote","11":"product_tag-asem","13":"first","14":"instock","15":"sale","16":"purchasable","17":"product-type-simple"},"aioseo_notices":[],"_links":{"self":[{"href":"https:\/\/javataste.de\/en\/wp-json\/wp\/v2\/product\/20216744","targetHints":{"allow":["GET"]}}],"collection":[{"href":"https:\/\/javataste.de\/en\/wp-json\/wp\/v2\/product"}],"about":[{"href":"https:\/\/javataste.de\/en\/wp-json\/wp\/v2\/types\/product"}],"replies":[{"embeddable":true,"href":"https:\/\/javataste.de\/en\/wp-json\/wp\/v2\/comments?post=20216744"}],"wp:featuredmedia":[{"embeddable":true,"href":"https:\/\/javataste.de\/en\/wp-json\/wp\/v2\/media\/20216745"}],"wp:attachment":[{"href":"https:\/\/javataste.de\/en\/wp-json\/wp\/v2\/media?parent=20216744"}],"wp:term":[{"taxonomy":"product_brand","embeddable":true,"href":"https:\/\/javataste.de\/en\/wp-json\/wp\/v2\/product_brand?post=20216744"},{"taxonomy":"product_cat","embeddable":true,"href":"https:\/\/javataste.de\/en\/wp-json\/wp\/v2\/product_cat?post=20216744"},{"taxonomy":"product_tag","embeddable":true,"href":"https:\/\/javataste.de\/en\/wp-json\/wp\/v2\/product_tag?post=20216744"}],"curies":[{"name":"wp","href":"https:\/\/api.w.org\/{rel}","templated":true}]}}