{"id":20216742,"date":"2026-02-08T16:08:23","date_gmt":"2026-02-08T15:08:23","guid":{"rendered":"https:\/\/javataste.de\/?post_type=product&#038;p=20216742"},"modified":"2026-04-11T17:20:21","modified_gmt":"2026-04-11T15:20:21","slug":"cock-tapiokamehl-tepung-tapioca-starch-400g","status":"publish","type":"product","link":"https:\/\/javataste.de\/en\/product\/cock-tapiokamehl-tepung-tapioca-starch-400g\/","title":{"rendered":"Cock Tapiokamehl \u2014 Tepung Tapioca Starch 400g"},"content":{"rendered":"<p>Diese feine Tapiokast\u00e4rke kann sowohl zur Zubereitung von Teig als auch zum Andicken von Saucen verwendet werden.<\/p>\n<p>Die <strong>Cock Tapioka St\u00e4rke<\/strong> ist eine hochwertige St\u00e4rke, die aus Maniokwurzeln gewonnen wird und sich durch ihre vielseitige Verwendbarkeit auszeichnet. Sie eignet sich ideal zum Binden von So\u00dfen, zum Backen oder zur Herstellung von Desserts wie Pudding und Bubble Tea. Die N\u00e4hrwertangaben pro 100g zeigen, dass sie eine glutenfreie Alternative zu Weizenmehl darstellt und somit f\u00fcr Menschen mit Glutenunvertr\u00e4glichkeit geeignet ist. Die Zubereitungshinweise empfehlen, die Tapiokast\u00e4rke zun\u00e4chst in kaltem Wasser anr\u00fchren und dann erhitzen, um Kl\u00fcmpchenbildung zu vermeiden. Die Lagerung sollte k\u00fchl und trocken erfolgen, und nach dem \u00d6ffnen in einem luftdichten Beh\u00e4lter aufbewahrt werden.<\/p>","protected":false},"excerpt":{"rendered":"<p>Cock Tapioca starch 400g<\/p>","protected":false},"featured_media":20216743,"comment_status":"open","ping_status":"closed","template":"","meta":{"om_disable_all_campaigns":false,"_monsterinsights_skip_tracking":false,"_monsterinsights_sitenote_active":false,"_monsterinsights_sitenote_note":"","_monsterinsights_sitenote_category":0},"product_brand":[437],"product_cat":[79,80,15],"product_tag":[439],"class_list":{"0":"post-20216742","1":"product","2":"type-product","3":"status-publish","4":"has-post-thumbnail","6":"product_brand-cock","7":"product_cat-lebensmittel","8":"product_cat-gewuerze","9":"product_cat-zutaten","10":"product_tag-tapioca","12":"first","13":"instock","14":"purchasable","15":"product-type-simple"},"aioseo_notices":[],"_links":{"self":[{"href":"https:\/\/javataste.de\/en\/wp-json\/wp\/v2\/product\/20216742","targetHints":{"allow":["GET"]}}],"collection":[{"href":"https:\/\/javataste.de\/en\/wp-json\/wp\/v2\/product"}],"about":[{"href":"https:\/\/javataste.de\/en\/wp-json\/wp\/v2\/types\/product"}],"replies":[{"embeddable":true,"href":"https:\/\/javataste.de\/en\/wp-json\/wp\/v2\/comments?post=20216742"}],"wp:featuredmedia":[{"embeddable":true,"href":"https:\/\/javataste.de\/en\/wp-json\/wp\/v2\/media\/20216743"}],"wp:attachment":[{"href":"https:\/\/javataste.de\/en\/wp-json\/wp\/v2\/media?parent=20216742"}],"wp:term":[{"taxonomy":"product_brand","embeddable":true,"href":"https:\/\/javataste.de\/en\/wp-json\/wp\/v2\/product_brand?post=20216742"},{"taxonomy":"product_cat","embeddable":true,"href":"https:\/\/javataste.de\/en\/wp-json\/wp\/v2\/product_cat?post=20216742"},{"taxonomy":"product_tag","embeddable":true,"href":"https:\/\/javataste.de\/en\/wp-json\/wp\/v2\/product_tag?post=20216742"}],"curies":[{"name":"wp","href":"https:\/\/api.w.org\/{rel}","templated":true}]}}