{"id":20216740,"date":"2026-02-08T15:51:43","date_gmt":"2026-02-08T14:51:43","guid":{"rendered":"https:\/\/javataste.de\/?post_type=product&#038;p=20216740"},"modified":"2026-02-08T16:04:24","modified_gmt":"2026-02-08T15:04:24","slug":"indomie-instant-noodles-vegetarisch-75g","status":"publish","type":"product","link":"https:\/\/javataste.de\/en\/product\/indomie-instant-noodles-vegetarisch-75g\/","title":{"rendered":"Indomie Instant Noodles Vegetarisch 75g"},"content":{"rendered":"<p>Beschreibung:<\/p>\n<p>Indomie ist ein typisch indonesischer instant Nuddel. Es gibt vielfaltige Variante. Besonders sind alle Arte von Indomie sehr lecker und geeignet zum Genie\u00dfen unter unterschiedlichem Wetter und Zeiten.<\/p>\n<p>&nbsp;<\/p>\n<p>Zutaten:<\/p>\n<div>Nudeln: Noodles 89,3%, WEIZENMEHL, raffiniertes Palm\u00f6l (Antioxidationsmittel E319), Salz,<\/div>\n<div>S\u00e4ureregulatoren: E452, E501, E500,<\/div>\n<div>Verdickungsmittel: E412,<\/div>\n<div>Farbstoff: E101;<\/div>\n<div><\/div>\n<div>Wurzpulver 5,6%: Salz, Zucker, Aroma,<\/div>\n<div>Geschmacksverst\u00e4rker: E621, E631, E627, Pfefferpulver, Zwiebelpulver, Hefeextrakt, getrockneter Lauch, Selleriepulver, Knoblauchpulver, W\u00fcrz\u00f6l 4,7%, Raffiniertes Palm\u00f6l (Raffiniertes Palm\u00f6l, Antioxidationsmittel: E319), Zwiebelpulver, Knoblauchpulver, Zitronengras, Kaffirlimettenbl\u00e4tter, Chilipulver 0,4%<\/div>\n<div><\/div>\n<div>Allergenhinweise: Enth\u00e4lt: Fische, Glutenhaltiges Getreide, Sojabohnen<\/div>","protected":false},"excerpt":{"rendered":"<p>Indomie ist ein typisch indonesischer instant Nuddel. Es gibt vielfaltige Variante. Besonders sind alle Arte von Indomie sehr lecker und geeignet zum Genie\u00dfen unter unterschiedlichem Wetter und Zeiten.<\/p>\n<p>&nbsp;<\/p>","protected":false},"featured_media":20216741,"comment_status":"open","ping_status":"closed","template":"","meta":{"om_disable_all_campaigns":false,"_monsterinsights_skip_tracking":false,"_monsterinsights_sitenote_active":false,"_monsterinsights_sitenote_note":"","_monsterinsights_sitenote_category":0},"product_brand":[435],"product_cat":[261],"product_tag":[128,275,276,277],"class_list":{"0":"post-20216740","1":"product","2":"type-product","3":"status-publish","4":"has-post-thumbnail","6":"product_brand-indomie","7":"product_cat-nuddel","8":"product_tag-indomie","9":"product_tag-mie","10":"product_tag-noodle","11":"product_tag-nudeln","13":"first","14":"instock","15":"shipping-taxable","16":"purchasable","17":"product-type-simple"},"aioseo_notices":[],"_links":{"self":[{"href":"https:\/\/javataste.de\/en\/wp-json\/wp\/v2\/product\/20216740","targetHints":{"allow":["GET"]}}],"collection":[{"href":"https:\/\/javataste.de\/en\/wp-json\/wp\/v2\/product"}],"about":[{"href":"https:\/\/javataste.de\/en\/wp-json\/wp\/v2\/types\/product"}],"replies":[{"embeddable":true,"href":"https:\/\/javataste.de\/en\/wp-json\/wp\/v2\/comments?post=20216740"}],"wp:featuredmedia":[{"embeddable":true,"href":"https:\/\/javataste.de\/en\/wp-json\/wp\/v2\/media\/20216741"}],"wp:attachment":[{"href":"https:\/\/javataste.de\/en\/wp-json\/wp\/v2\/media?parent=20216740"}],"wp:term":[{"taxonomy":"product_brand","embeddable":true,"href":"https:\/\/javataste.de\/en\/wp-json\/wp\/v2\/product_brand?post=20216740"},{"taxonomy":"product_cat","embeddable":true,"href":"https:\/\/javataste.de\/en\/wp-json\/wp\/v2\/product_cat?post=20216740"},{"taxonomy":"product_tag","embeddable":true,"href":"https:\/\/javataste.de\/en\/wp-json\/wp\/v2\/product_tag?post=20216740"}],"curies":[{"name":"wp","href":"https:\/\/api.w.org\/{rel}","templated":true}]}}