{"id":20216724,"date":"2026-01-19T22:37:34","date_gmt":"2026-01-19T21:37:34","guid":{"rendered":"https:\/\/javataste.de\/?post_type=product&#038;p=20216724"},"modified":"2026-02-11T13:40:50","modified_gmt":"2026-02-11T12:40:50","slug":"asli-seroendeng-175g","status":"publish","type":"product","link":"https:\/\/javataste.de\/en\/product\/asli-seroendeng-175g\/","title":{"rendered":"ASLI Seroendeng 175g"},"content":{"rendered":"<p>Asli Serundeng wird \u00fcber fertige Gerichte, insbesondere Curries, gestreut und nimmt diesen etwas die Sch\u00e4rfe. Es geh\u00f6rt z.B. zur indonesischen Reistafel, man streut es \u00fcber den Reis, aber auch zu sehr scharfen Sambals, da es durch die Kokosflocken und die leichte S\u00fc\u00dfe die Sch\u00e4rfe ein bisschen mildert.<\/p>\n<p>Serundeng ist ein indonesisches Gew\u00fcrz, das aus Kokosraspeln besteht und in der indonesischen K\u00fcche weit verbreitet ist. Es wird oft auf Reisgerichten wie Nasi Goreng oder als Beilage verwendet und kann mit verschiedenen Gew\u00fcrzen zubereitet werden.<\/p>\n<ul>\n<li>Zubereitung: Kokosraspeln werden mit Zwiebeln, Knoblauch, Zucker, Salz und Gew\u00fcrzen wie Koriandersaat und Kurkuma angebraten.<\/li>\n<li>Verwendung: Serundeng kann auf Reis, Fleischgerichte oder als Snack serviert werden und verleiht vielen Gerichten mehr Leben.<\/li>\n<\/ul>","protected":false},"excerpt":{"rendered":"<p>Asli Seroendeng 175g die bekannte Gew\u00fcrzmischung zur Milderung von Curry &amp; Reisgerichten<\/p>","protected":false},"featured_media":20216725,"comment_status":"open","ping_status":"closed","template":"","meta":{"om_disable_all_campaigns":false,"_monsterinsights_skip_tracking":false,"_monsterinsights_sitenote_active":false,"_monsterinsights_sitenote_note":"","_monsterinsights_sitenote_category":0},"product_brand":[436],"product_cat":[79,80],"product_tag":[288],"class_list":{"0":"post-20216724","1":"product","2":"type-product","3":"status-publish","4":"has-post-thumbnail","6":"product_brand-asli","7":"product_cat-lebensmittel","8":"product_cat-gewuerze","9":"product_tag-bumbu","11":"first","12":"instock","13":"purchasable","14":"product-type-simple"},"aioseo_notices":[],"_links":{"self":[{"href":"https:\/\/javataste.de\/en\/wp-json\/wp\/v2\/product\/20216724","targetHints":{"allow":["GET"]}}],"collection":[{"href":"https:\/\/javataste.de\/en\/wp-json\/wp\/v2\/product"}],"about":[{"href":"https:\/\/javataste.de\/en\/wp-json\/wp\/v2\/types\/product"}],"replies":[{"embeddable":true,"href":"https:\/\/javataste.de\/en\/wp-json\/wp\/v2\/comments?post=20216724"}],"wp:featuredmedia":[{"embeddable":true,"href":"https:\/\/javataste.de\/en\/wp-json\/wp\/v2\/media\/20216725"}],"wp:attachment":[{"href":"https:\/\/javataste.de\/en\/wp-json\/wp\/v2\/media?parent=20216724"}],"wp:term":[{"taxonomy":"product_brand","embeddable":true,"href":"https:\/\/javataste.de\/en\/wp-json\/wp\/v2\/product_brand?post=20216724"},{"taxonomy":"product_cat","embeddable":true,"href":"https:\/\/javataste.de\/en\/wp-json\/wp\/v2\/product_cat?post=20216724"},{"taxonomy":"product_tag","embeddable":true,"href":"https:\/\/javataste.de\/en\/wp-json\/wp\/v2\/product_tag?post=20216724"}],"curies":[{"name":"wp","href":"https:\/\/api.w.org\/{rel}","templated":true}]}}