{"id":20216712,"date":"2026-01-19T22:04:45","date_gmt":"2026-01-19T21:04:45","guid":{"rendered":"https:\/\/javataste.de\/?post_type=product&#038;p=20216712"},"modified":"2026-04-09T11:33:09","modified_gmt":"2026-04-09T09:33:09","slug":"dua-kuali-bumbu-ayam-panggang-50g","status":"publish","type":"product","link":"https:\/\/javataste.de\/en\/product\/dua-kuali-bumbu-ayam-panggang-50g\/","title":{"rendered":"Dua Kuali Bumbu Ayam Panggang 50g"},"content":{"rendered":"","protected":false},"excerpt":{"rendered":"<p>Bumbu Ayam Panggang Zutaten: Schalotten, Knoblauch, Chili, Tomaten, Zucker, Salz, Palm\u00f6l, Zitronengras, H\u00fchnerbr\u00fche, Shrimp Paste und Zitronenbl\u00e4tter<\/p>","protected":false},"featured_media":20216713,"comment_status":"open","ping_status":"closed","template":"","meta":{"om_disable_all_campaigns":false,"_monsterinsights_skip_tracking":false,"_monsterinsights_sitenote_active":false,"_monsterinsights_sitenote_note":"","_monsterinsights_sitenote_category":0},"product_brand":[433],"product_cat":[80],"product_tag":[288],"class_list":{"0":"post-20216712","1":"product","2":"type-product","3":"status-publish","4":"has-post-thumbnail","6":"product_brand-dua-kuali","7":"product_cat-gewuerze","8":"product_tag-bumbu","10":"first","11":"instock","12":"purchasable","13":"product-type-simple"},"aioseo_notices":[],"_links":{"self":[{"href":"https:\/\/javataste.de\/en\/wp-json\/wp\/v2\/product\/20216712","targetHints":{"allow":["GET"]}}],"collection":[{"href":"https:\/\/javataste.de\/en\/wp-json\/wp\/v2\/product"}],"about":[{"href":"https:\/\/javataste.de\/en\/wp-json\/wp\/v2\/types\/product"}],"replies":[{"embeddable":true,"href":"https:\/\/javataste.de\/en\/wp-json\/wp\/v2\/comments?post=20216712"}],"wp:featuredmedia":[{"embeddable":true,"href":"https:\/\/javataste.de\/en\/wp-json\/wp\/v2\/media\/20216713"}],"wp:attachment":[{"href":"https:\/\/javataste.de\/en\/wp-json\/wp\/v2\/media?parent=20216712"}],"wp:term":[{"taxonomy":"product_brand","embeddable":true,"href":"https:\/\/javataste.de\/en\/wp-json\/wp\/v2\/product_brand?post=20216712"},{"taxonomy":"product_cat","embeddable":true,"href":"https:\/\/javataste.de\/en\/wp-json\/wp\/v2\/product_cat?post=20216712"},{"taxonomy":"product_tag","embeddable":true,"href":"https:\/\/javataste.de\/en\/wp-json\/wp\/v2\/product_tag?post=20216712"}],"curies":[{"name":"wp","href":"https:\/\/api.w.org\/{rel}","templated":true}]}}