{"id":20216691,"date":"2026-01-12T18:07:27","date_gmt":"2026-01-12T17:07:27","guid":{"rendered":"https:\/\/javataste.de\/?post_type=product&#038;p=20216691"},"modified":"2026-01-12T18:15:45","modified_gmt":"2026-01-12T17:15:45","slug":"adarasa-jahe-wangi-ingwer-getraenk-5x25g","status":"publish","type":"product","link":"https:\/\/javataste.de\/en\/product\/adarasa-jahe-wangi-ingwer-getraenk-5x25g\/","title":{"rendered":"ADARASA Jahe Wangi \u2014 Ingwer Getr\u00e4nk 5x25g"},"content":{"rendered":"<div class=\"gs_p\">\n<p>Jahe Wangi is a traditional Indonesian drink made from selected fresh ginger with fragrant lemongrass leaves which are very useful for maintaining healthy digestive function (nausea, burning, bloating, stomach disorders) and for warming the body during cold weather.<\/p>\n<p>With a blend of the distinctive taste of ginger and the fragrance of lemongrass, the Adarasa Ginger Fragrance drink has a distinctive taste.<\/p>\n<\/div>","protected":false},"excerpt":{"rendered":"<p>ADARASA Jahe Wangi 5x20g Beutel<\/p>\n<div>Hauptbestandteile: Ada Duftender Ingwergeschmack:<\/div>\n<div><\/div>\n<div>1. Ingwer<\/div>\n<div>Ingwer enth\u00e4lt den bioaktiven Wirkstoff Gingerol. Gingerol wirkt entz\u00fcndungshemmend und kann Gelenkentz\u00fcndungen lindern, beispielsweise bei Arthrose oder rheumatoider Arthritis.<\/div>\n<div>Ingwer kann \u00dcbelkeit, Erbrechen und Verdauungsbeschwerden wie Bl\u00e4hungen oder Sodbrennen lindern.<\/div>\n<div>Ingwer hat eine w\u00e4rmende Wirkung und hilft so, den K\u00f6rper zu erw\u00e4rmen, insbesondere bei kaltem Wetter.<\/div>\n<div>2. Zitronengras-Extrakt<\/div>\n<div>Zitronengras-Extrakt besitzt antimikrobielle Eigenschaften und kann Verdauungsbeschwerden wie Bl\u00e4hungen, Durchfall oder Magenschmerzen lindern.<\/div>","protected":false},"featured_media":20216692,"comment_status":"open","ping_status":"closed","template":"","meta":{"om_disable_all_campaigns":false,"_monsterinsights_skip_tracking":false,"_monsterinsights_sitenote_active":false,"_monsterinsights_sitenote_note":"","_monsterinsights_sitenote_category":0},"product_brand":[430],"product_cat":[75],"product_tag":[135],"class_list":{"0":"post-20216691","1":"product","2":"type-product","3":"status-publish","4":"has-post-thumbnail","6":"product_brand-adarasa","7":"product_cat-getraenke","8":"product_tag-adarasa","10":"first","11":"instock","12":"purchasable","13":"product-type-simple"},"aioseo_notices":[],"_links":{"self":[{"href":"https:\/\/javataste.de\/en\/wp-json\/wp\/v2\/product\/20216691","targetHints":{"allow":["GET"]}}],"collection":[{"href":"https:\/\/javataste.de\/en\/wp-json\/wp\/v2\/product"}],"about":[{"href":"https:\/\/javataste.de\/en\/wp-json\/wp\/v2\/types\/product"}],"replies":[{"embeddable":true,"href":"https:\/\/javataste.de\/en\/wp-json\/wp\/v2\/comments?post=20216691"}],"wp:featuredmedia":[{"embeddable":true,"href":"https:\/\/javataste.de\/en\/wp-json\/wp\/v2\/media\/20216692"}],"wp:attachment":[{"href":"https:\/\/javataste.de\/en\/wp-json\/wp\/v2\/media?parent=20216691"}],"wp:term":[{"taxonomy":"product_brand","embeddable":true,"href":"https:\/\/javataste.de\/en\/wp-json\/wp\/v2\/product_brand?post=20216691"},{"taxonomy":"product_cat","embeddable":true,"href":"https:\/\/javataste.de\/en\/wp-json\/wp\/v2\/product_cat?post=20216691"},{"taxonomy":"product_tag","embeddable":true,"href":"https:\/\/javataste.de\/en\/wp-json\/wp\/v2\/product_tag?post=20216691"}],"curies":[{"name":"wp","href":"https:\/\/api.w.org\/{rel}","templated":true}]}}