{"id":20216655,"date":"2025-12-18T20:45:44","date_gmt":"2025-12-18T19:45:44","guid":{"rendered":"https:\/\/javataste.de\/?post_type=product&#038;p=20216655"},"modified":"2026-02-11T12:29:54","modified_gmt":"2026-02-11T11:29:54","slug":"abc-suesse-sojasosse-kecap-manis-620ml","status":"publish","type":"product","link":"https:\/\/javataste.de\/en\/product\/abc-suesse-sojasosse-kecap-manis-620ml\/","title":{"rendered":"ABC S\u00fc\u00dfe Sojaso\u00dfe \u2014 Kecap Manis 620ml"},"content":{"rendered":"<p>In der indonesischen K\u00fcche wird diese s\u00fc\u00dfe Sojasauce sehr oft benutzt um Suppen- , Nudeln- , Fleisch- o. Gem\u00fcsegerichte aufzupeppen oder zum marinieren.<\/p>\n<p>ABC Sweet Soy Sauce, also known as Kecap Manis, is an authentic Indonesian sauce that uses palm sugar in the production to create its thick and rich texture. The caramel-coloured sauce can be used for dipping or as a marinade to add an aromatic, sweet flavour to dishes. Its versatility in usage allows you to create multiple dishes with just one sauce.<\/p>","protected":false},"excerpt":{"rendered":"<p>ABC S\u00fc\u00dfe Sojasauce 620 ML Inhalt: Zucker, Wasser, Salz, Sojabohnen, Weizen, Sodium Benzoate (E 211)<\/p>","protected":false},"featured_media":20216656,"comment_status":"open","ping_status":"closed","template":"","meta":{"om_disable_all_campaigns":false,"_monsterinsights_skip_tracking":false,"_monsterinsights_sitenote_active":false,"_monsterinsights_sitenote_note":"","_monsterinsights_sitenote_category":0},"product_brand":[],"product_cat":[339,79],"product_tag":[112,327,340,341,342],"class_list":{"0":"post-20216655","1":"product","2":"type-product","3":"status-publish","4":"has-post-thumbnail","6":"product_cat-sauce","7":"product_cat-lebensmittel","8":"product_tag-abc","9":"product_tag-kecap","10":"product_tag-sojasauce","11":"product_tag-sojasosse","12":"product_tag-suess","13":"product_shipping_class-bis-5kg","15":"first","16":"instock","17":"purchasable","18":"product-type-simple"},"aioseo_notices":[],"_links":{"self":[{"href":"https:\/\/javataste.de\/en\/wp-json\/wp\/v2\/product\/20216655","targetHints":{"allow":["GET"]}}],"collection":[{"href":"https:\/\/javataste.de\/en\/wp-json\/wp\/v2\/product"}],"about":[{"href":"https:\/\/javataste.de\/en\/wp-json\/wp\/v2\/types\/product"}],"replies":[{"embeddable":true,"href":"https:\/\/javataste.de\/en\/wp-json\/wp\/v2\/comments?post=20216655"}],"wp:featuredmedia":[{"embeddable":true,"href":"https:\/\/javataste.de\/en\/wp-json\/wp\/v2\/media\/20216656"}],"wp:attachment":[{"href":"https:\/\/javataste.de\/en\/wp-json\/wp\/v2\/media?parent=20216655"}],"wp:term":[{"taxonomy":"product_brand","embeddable":true,"href":"https:\/\/javataste.de\/en\/wp-json\/wp\/v2\/product_brand?post=20216655"},{"taxonomy":"product_cat","embeddable":true,"href":"https:\/\/javataste.de\/en\/wp-json\/wp\/v2\/product_cat?post=20216655"},{"taxonomy":"product_tag","embeddable":true,"href":"https:\/\/javataste.de\/en\/wp-json\/wp\/v2\/product_tag?post=20216655"}],"curies":[{"name":"wp","href":"https:\/\/api.w.org\/{rel}","templated":true}]}}