{"id":20216631,"date":"2025-11-18T18:47:00","date_gmt":"2025-11-18T17:47:00","guid":{"rendered":"https:\/\/javataste.de\/?post_type=product&#038;p=20216631"},"modified":"2026-04-07T10:50:54","modified_gmt":"2026-04-07T08:50:54","slug":"intra-palm-zucker-gula-djawa-270g","status":"publish","type":"product","link":"https:\/\/javataste.de\/en\/product\/intra-palm-zucker-gula-djawa-270g\/","title":{"rendered":"Intra Palm Zucker \u2013 Gula Djawa 270g"},"content":{"rendered":"<p>Dieser dunkle javanische Palmenzucker kann in sehr vielf\u00e4ltigen Moglichkeiten eingesetzt werden. Er kann sowohl sehr gut zum S\u00fc\u00dfen von Fleischsaucen als auch f\u00fcr Kokosdesserts verwendet werden.<\/p>","protected":false},"excerpt":{"rendered":"<p>INTRA Palmenzucker 270g<\/p>","protected":false},"featured_media":20216632,"comment_status":"open","ping_status":"closed","template":"","meta":{"om_disable_all_campaigns":false,"_monsterinsights_skip_tracking":false,"_monsterinsights_sitenote_active":false,"_monsterinsights_sitenote_note":"","_monsterinsights_sitenote_category":0},"product_brand":[],"product_cat":[79,80],"product_tag":[330],"class_list":{"0":"post-20216631","1":"product","2":"type-product","3":"status-publish","4":"has-post-thumbnail","6":"product_cat-lebensmittel","7":"product_cat-gewuerze","8":"product_tag-palmzucker","10":"first","11":"instock","12":"purchasable","13":"product-type-simple"},"aioseo_notices":[],"_links":{"self":[{"href":"https:\/\/javataste.de\/en\/wp-json\/wp\/v2\/product\/20216631","targetHints":{"allow":["GET"]}}],"collection":[{"href":"https:\/\/javataste.de\/en\/wp-json\/wp\/v2\/product"}],"about":[{"href":"https:\/\/javataste.de\/en\/wp-json\/wp\/v2\/types\/product"}],"replies":[{"embeddable":true,"href":"https:\/\/javataste.de\/en\/wp-json\/wp\/v2\/comments?post=20216631"}],"wp:featuredmedia":[{"embeddable":true,"href":"https:\/\/javataste.de\/en\/wp-json\/wp\/v2\/media\/20216632"}],"wp:attachment":[{"href":"https:\/\/javataste.de\/en\/wp-json\/wp\/v2\/media?parent=20216631"}],"wp:term":[{"taxonomy":"product_brand","embeddable":true,"href":"https:\/\/javataste.de\/en\/wp-json\/wp\/v2\/product_brand?post=20216631"},{"taxonomy":"product_cat","embeddable":true,"href":"https:\/\/javataste.de\/en\/wp-json\/wp\/v2\/product_cat?post=20216631"},{"taxonomy":"product_tag","embeddable":true,"href":"https:\/\/javataste.de\/en\/wp-json\/wp\/v2\/product_tag?post=20216631"}],"curies":[{"name":"wp","href":"https:\/\/api.w.org\/{rel}","templated":true}]}}