{"id":20216544,"date":"2025-09-01T14:14:21","date_gmt":"2025-09-01T12:14:21","guid":{"rendered":"https:\/\/javataste.de\/?post_type=product&#038;p=20216544"},"modified":"2025-09-01T14:18:55","modified_gmt":"2025-09-01T12:18:55","slug":"sidomuncul-tolak-angin-pulver-1x7g","status":"publish","type":"product","link":"https:\/\/javataste.de\/en\/product\/sidomuncul-tolak-angin-pulver-1x7g\/","title":{"rendered":"Sidomuncul Tolak Angin Pulver 1x7g"},"content":{"rendered":"<h2><b>Tolak Angin<\/b><\/h2>\n<p>Tolak Angin ist ein standardisiertes pflanzliches Mittel gegen Erk\u00e4ltungen, das 1930 entwickelt wurde. Zu seinen Bestandteilen geh\u00f6ren Ingwer, Minzbl\u00e4tter, Fenchel, Uleusholz, Nelkenbl\u00e4tter und Honig. Es hat pr\u00e4klinische Studien bestanden, erh\u00f6ht nachweislich die Ausdauer und ist sicher f\u00fcr die langfristige Einnahme.<\/p>\n<h5><b>Erl\u00e4uterung des Produkts<\/b><\/h5>\n<p>Tolak Angin ist ein standardisiertes pflanzliches Arzneimittel (OHT), das in einer Fabrik mit GMP (Good Manufacturing Product), ISO (International Organization of Standardisation) und HACCP (Hazard Analysis Critical Control Point) Standards hergestellt wird.<\/p>\n<p>Tolak Angin hat subchronische Toxizit\u00e4tstests und Wirksamkeitstests durchlaufen, die nachweislich die Ausdauer bei der Einnahme von 2 Beuteln pro Tag \u00fcber 7 Tage oder l\u00e4nger aufrechterhalten\/erhalten.<\/p>\n<h5><b>Wirksamkeit und Nutzen<\/b><\/h5>\n<p>Bei Erk\u00e4ltungen mit Symptomen wie Bl\u00e4hungen, \u00dcbelkeit, Bauchschmerzen, Schwindel, Fieber und trockener Kehle. Gut zu trinken bei langen Reisen, M\u00fcdigkeit und Schlafmangel. Zur Aufrechterhaltung \/ Erhaltung des Immunsystems.<\/p>\n<h5><b>Zusammensetzung<\/b><\/h5>\n<p>Auszug:<\/p>\n<h4><a href=\"https:\/\/www.sidomuncul.co.id\/id\/product\/tolak_angin.html#collapse-01\"><b>Foeniculi Fructus (Fenchelfrucht)<\/b><\/a><\/h4>\n<p><a href=\"https:\/\/www.sidomuncul.co.id\/id\/product\/tolak_angin.html#collapse-02\"><b>Isorae Fructus (Ulmenholz)<\/b><\/a><\/p>\n<p><a href=\"https:\/\/www.sidomuncul.co.id\/id\/product\/tolak_angin.html#collapse-03\"><b>Caryophylli Folium (Nelkenblatt)<\/b><\/a><\/p>\n<p><a href=\"https:\/\/www.sidomuncul.co.id\/id\/product\/tolak_angin.html#collapse-04\"><b>Zingiberis Rhizoma (Ingwer)<\/b><\/a><\/p>\n<p><a href=\"https:\/\/www.sidomuncul.co.id\/id\/product\/tolak_angin.html#collapse-05\"><b>Minze Blatt<\/b><\/a><\/p>\n<p><a href=\"https:\/\/www.sidomuncul.co.id\/id\/product\/tolak_angin.html#collapse-06\"><b>Honig<\/b><\/a><\/p>\n<p>&nbsp;<\/p>\n<p>Tolak Angin is a standardized herbal remedy for colds formulated in 1930. Its ingredients include ginger, mint leaves, fennel, ules wood, clove leaves and honey. Has passed pre-clinical trials, proven to increase endurance and safe for long-term consumption.<\/p>\n<h5><b>Product Explanation<\/b><\/h5>\n<p>Tolak Angin is a Standardized Herbal Medicine (OHT) produced in a factory with GMP (Good Manufacturing Product), ISO (International Organization of Standardization), and HACCP (Hazard Analysis Critical Control Point) standards.<\/p>\n<p>Tolak Angin has gone through subchronic toxicity tests and efficacy tests which are proven to maintain \/ maintain endurance by consuming 2 sachets every day for 7 days or more.<\/p>\n<h5><b>Efficacy and benefits<\/b><\/h5>\n<p>For colds with symptoms of bloating, nausea, abdominal pain, dizziness, fever, and dry throat. Good to drink when traveling long distances, tiredness and lack of sleep. To maintain \/ keep the immune system.<\/p>\n<h5><b>Composition<\/b><\/h5>\n<p>Extract:<\/p>\n<h4><a href=\"https:\/\/www.sidomuncul.co.id\/id\/product\/tolak_angin.html#collapse-01\"><b>Foeniculi Fructus (fennel fruit)<\/b><\/a><\/h4>\n<p><a href=\"https:\/\/www.sidomuncul.co.id\/id\/product\/tolak_angin.html#collapse-02\"><b>Isorae Fructus (ules wood)<\/b><\/a><\/p>\n<p><a href=\"https:\/\/www.sidomuncul.co.id\/id\/product\/tolak_angin.html#collapse-03\"><b>Caryophylli Folium (clove leaf)<\/b><\/a><\/p>\n<p><a href=\"https:\/\/www.sidomuncul.co.id\/id\/product\/tolak_angin.html#collapse-04\"><b>Zingiberis Rhizoma (ginger)<\/b><\/a><\/p>\n<p><a href=\"https:\/\/www.sidomuncul.co.id\/id\/product\/tolak_angin.html#collapse-05\"><b>Mint Leaf<\/b><\/a><\/p>\n<p><a href=\"https:\/\/www.sidomuncul.co.id\/id\/product\/tolak_angin.html#collapse-06\"><b>Honey<\/b><\/a><\/p>","protected":false},"excerpt":{"rendered":"<p>Tolak Angin ist ein standardisiertes pflanzliches Mittel gegen Erk\u00e4ltungen, das 1930 entwickelt wurde. Zu seinen Bestandteilen geh\u00f6ren Ingwer, Minzbl\u00e4tter, Fenchel, Uleusholz, Nelkenbl\u00e4tter und Honig. Es hat pr\u00e4klinische Studien bestanden, erh\u00f6ht nachweislich die Ausdauer und ist sicher f\u00fcr die langfristige Einnahme.<\/p>","protected":false},"featured_media":20216185,"comment_status":"open","ping_status":"closed","template":"","meta":{"om_disable_all_campaigns":false,"_monsterinsights_skip_tracking":false,"_monsterinsights_sitenote_active":false,"_monsterinsights_sitenote_note":"","_monsterinsights_sitenote_category":0},"product_brand":[],"product_cat":[257,153],"product_tag":[403,402],"class_list":{"0":"post-20216544","1":"product","2":"type-product","3":"status-publish","4":"has-post-thumbnail","6":"product_cat-drogerie","7":"product_cat-sonstiges","8":"product_tag-obat-herbal","9":"product_tag-tolak-angin","11":"first","12":"instock","13":"shipping-taxable","14":"purchasable","15":"product-type-simple"},"aioseo_notices":[],"_links":{"self":[{"href":"https:\/\/javataste.de\/en\/wp-json\/wp\/v2\/product\/20216544","targetHints":{"allow":["GET"]}}],"collection":[{"href":"https:\/\/javataste.de\/en\/wp-json\/wp\/v2\/product"}],"about":[{"href":"https:\/\/javataste.de\/en\/wp-json\/wp\/v2\/types\/product"}],"replies":[{"embeddable":true,"href":"https:\/\/javataste.de\/en\/wp-json\/wp\/v2\/comments?post=20216544"}],"wp:featuredmedia":[{"embeddable":true,"href":"https:\/\/javataste.de\/en\/wp-json\/wp\/v2\/media\/20216185"}],"wp:attachment":[{"href":"https:\/\/javataste.de\/en\/wp-json\/wp\/v2\/media?parent=20216544"}],"wp:term":[{"taxonomy":"product_brand","embeddable":true,"href":"https:\/\/javataste.de\/en\/wp-json\/wp\/v2\/product_brand?post=20216544"},{"taxonomy":"product_cat","embeddable":true,"href":"https:\/\/javataste.de\/en\/wp-json\/wp\/v2\/product_cat?post=20216544"},{"taxonomy":"product_tag","embeddable":true,"href":"https:\/\/javataste.de\/en\/wp-json\/wp\/v2\/product_tag?post=20216544"}],"curies":[{"name":"wp","href":"https:\/\/api.w.org\/{rel}","templated":true}]}}