{"id":20216514,"date":"2025-08-06T20:32:00","date_gmt":"2025-08-06T18:32:00","guid":{"rendered":"https:\/\/javataste.de\/?post_type=product&#038;p=20216514"},"modified":"2026-01-03T21:57:49","modified_gmt":"2026-01-03T20:57:49","slug":"indofood-racik-semur-50g","status":"publish","type":"product","link":"https:\/\/javataste.de\/en\/product\/indofood-racik-semur-50g\/","title":{"rendered":"Indofood Racik Semur 50g"},"content":{"rendered":"<p>Die indonesische Rezeptmischung Nummer 1 ist eine praktische L\u00f6sung f\u00fcr M\u00fctter, um leckere Tagesgerichte auf einfache und praktische Weise zu servieren. Hergestellt aus ausgew\u00e4hlten nat\u00fcrlichen Kr\u00e4utern und Gew\u00fcrzen, die ohne Konservierungsstoffe und Farbstoffe getrocknet wurden.<\/p>\n<p>Indofood Racik Semur ist eine Instant-Gew\u00fcrzmischung f\u00fcr das indonesische Gericht Semur, ein s\u00fc\u00df-herzhaftes Schmorgericht. Die Mischung enth\u00e4lt eine Kombination aus s\u00fc\u00dfer Sojasauce, Muskatnuss und Schalotten und ist sehr praktisch f\u00fcr die Zubereitung eines schnellen und einfachen Semur-Gerichts f\u00fcr die Familie.<\/p>\n<p>Die Zubereitung ist einfach: Man kann 1\/2 kg H\u00e4hnchen oder Fleisch nach Wahl mit der Gew\u00fcrzmischung in einer Pfanne anbraten, bis es die Farbe wechselt. Dann Wasser hinzuf\u00fcgen, bis das Fleisch bedeckt ist, und das Ganze 30 Minuten oder nach Geschmack schmoren, bis es weich ist. Zus\u00e4tzliches Gem\u00fcse wie Kartoffeln oder Karotten kann ebenfalls hinzugef\u00fcgt und mitgekocht werden.<\/p>\n<p>Die Indofood Racik Semur Gew\u00fcrzmischung ist eine beliebte Wahl f\u00fcr die schnelle und einfache Zubereitung eines authentischen Semur-Gerichts. Sie ist f\u00fcr den t\u00e4glichen Gebrauch und besondere Anl\u00e4sse geeignet und wird mit einer s\u00fc\u00dfen und herzhaften Note von Familie und Freunden geliebt.<\/p>","protected":false},"excerpt":{"rendered":"<p>Semur \u2014 an Indonesian stew, typically made with beef, that is braised in a thick, sweet, and savory sauce \u2014 indonesiche Rindergulasch aus Java 50g<\/p>\n<p><strong>Zutaten:\u00a0<\/strong><\/p>\n<p>Enth\u00e4lt Allergene, siehe fettgedruckte Inhaltsstoffe.<\/p>\n<p>KEINE KONSERVIERUNGSSTOFFE, KEINE SYNTHETISCHEN FARBSTOFFE<\/p>","protected":false},"featured_media":20216515,"comment_status":"open","ping_status":"closed","template":"","meta":{"om_disable_all_campaigns":false,"_monsterinsights_skip_tracking":false,"_monsterinsights_sitenote_active":false,"_monsterinsights_sitenote_note":"","_monsterinsights_sitenote_category":0},"product_brand":[],"product_cat":[80],"product_tag":[288,304,316],"class_list":{"0":"post-20216514","1":"product","2":"type-product","3":"status-publish","4":"has-post-thumbnail","6":"product_cat-gewuerze","7":"product_tag-bumbu","8":"product_tag-indofood","9":"product_tag-racik","11":"first","12":"instock","13":"purchasable","14":"product-type-simple"},"aioseo_notices":[],"_links":{"self":[{"href":"https:\/\/javataste.de\/en\/wp-json\/wp\/v2\/product\/20216514","targetHints":{"allow":["GET"]}}],"collection":[{"href":"https:\/\/javataste.de\/en\/wp-json\/wp\/v2\/product"}],"about":[{"href":"https:\/\/javataste.de\/en\/wp-json\/wp\/v2\/types\/product"}],"replies":[{"embeddable":true,"href":"https:\/\/javataste.de\/en\/wp-json\/wp\/v2\/comments?post=20216514"}],"wp:featuredmedia":[{"embeddable":true,"href":"https:\/\/javataste.de\/en\/wp-json\/wp\/v2\/media\/20216515"}],"wp:attachment":[{"href":"https:\/\/javataste.de\/en\/wp-json\/wp\/v2\/media?parent=20216514"}],"wp:term":[{"taxonomy":"product_brand","embeddable":true,"href":"https:\/\/javataste.de\/en\/wp-json\/wp\/v2\/product_brand?post=20216514"},{"taxonomy":"product_cat","embeddable":true,"href":"https:\/\/javataste.de\/en\/wp-json\/wp\/v2\/product_cat?post=20216514"},{"taxonomy":"product_tag","embeddable":true,"href":"https:\/\/javataste.de\/en\/wp-json\/wp\/v2\/product_tag?post=20216514"}],"curies":[{"name":"wp","href":"https:\/\/api.w.org\/{rel}","templated":true}]}}