{"id":20216512,"date":"2025-08-06T20:15:56","date_gmt":"2025-08-06T18:15:56","guid":{"rendered":"https:\/\/javataste.de\/?post_type=product&#038;p=20216512"},"modified":"2026-01-03T17:25:04","modified_gmt":"2026-01-03T16:25:04","slug":"indofood-racik-gulai-45g","status":"publish","type":"product","link":"https:\/\/javataste.de\/en\/product\/indofood-racik-gulai-45g\/","title":{"rendered":"Indofood Racik Gulai 45g"},"content":{"rendered":"<p>Die indonesische Rezeptmischung Nummer 1 ist eine praktische L\u00f6sung f\u00fcr M\u00fctter, um leckere Tagesgerichte auf einfache und praktische Weise zu servieren. Hergestellt aus ausgew\u00e4hlten nat\u00fcrlichen Kr\u00e4utern und Gew\u00fcrzen, die ohne Konservierungsstoffe und Farbstoffe getrocknet wurden.<\/p>\n<p>Indofood Racik Gulai ist eine Fertigmischung f\u00fcr indonesisches Gulai, eine Art Curry. Die Mischung enth\u00e4lt eine Paste aus Gew\u00fcrzen und Kr\u00e4utern, die das Kochen von Gulai vereinfachen soll.<\/p>\n<p>Indofood Racik Gulai ist eine Fertigw\u00fcrzmischung, die es erm\u00f6glicht, ein authentisches indonesisches Gulai-Gericht schnell und einfach zuzubereiten. Gulai ist ein beliebtes indonesisches Curry, das traditionell mit verschiedenen Fleischsorten, Meeresfr\u00fcchten oder Gem\u00fcse zubereitet wird.<\/p>\n<p>Die Racik-Mischung enth\u00e4lt eine Paste aus getrockneten, nat\u00fcrlichen Gew\u00fcrzen und Kr\u00e4utern, die ohne Konservierungsstoffe und Farbstoffe hergestellt wird. Die Verwendung von Indofood Racik Gulai ist denkbar einfach: Man kann die Paste einfach mit Fleisch oder Gem\u00fcse anbraten und dann mit Wasser oder Kokosmilch k\u00f6cheln lassen, bis das Gericht gar ist. Zus\u00e4tzlich zu der Gew\u00fcrzmischung kann man nach Geschmack auch noch frische Zutaten wie Zwiebeln, Knoblauch, Ingwer oder Chili hinzuf\u00fcgen.<\/p>","protected":false},"excerpt":{"rendered":"<p>Gulai \/ Gule \u2014 indonesian curry \u2014 traditionelles Curry aus Indonesien 45g<\/p>\n<p><strong>Zutaten:\u00a0<\/strong>Kokosmilch 38%, Kr\u00e4uter und Gew\u00fcrze 29% (enth\u00e4lt Schalotten 12%, Kurkuma 3%, Knoblauch 3%,\u00a0<strong><u>Kandelnuss<\/u><\/strong>), Salz, Wasser, Geschmacksverst\u00e4rker (Mononatriumglutamat, Dinatriuminosinat und Guanylat), Zucker, pflanzliches \u00d6l, Chili 3%, fermentierte\u00a0<strong><u>Garnelen (enth\u00e4lt Krebstiere, Fisch)<\/u>,\u00a0<\/strong>S\u00e4ureregulator.\u00a0<strong>Enth\u00e4lt Allergene<\/strong>. Ohne Konservierungsstoffe, ohne synthetische Farbstoffe.<\/p>\n<p>Enth\u00e4lt Allergene, siehe fettgedruckte Inhaltsstoffe.<\/p>\n<p>KEINE KONSERVIERUNGSSTOFFE, KEINE SYNTHETISCHEN FARBSTOFFE<\/p>","protected":false},"featured_media":20216513,"comment_status":"open","ping_status":"closed","template":"","meta":{"om_disable_all_campaigns":false,"_monsterinsights_skip_tracking":false,"_monsterinsights_sitenote_active":false,"_monsterinsights_sitenote_note":"","_monsterinsights_sitenote_category":0},"product_brand":[],"product_cat":[80],"product_tag":[288,304,316],"class_list":{"0":"post-20216512","1":"product","2":"type-product","3":"status-publish","4":"has-post-thumbnail","6":"product_cat-gewuerze","7":"product_tag-bumbu","8":"product_tag-indofood","9":"product_tag-racik","11":"first","12":"instock","13":"purchasable","14":"product-type-simple"},"aioseo_notices":[],"_links":{"self":[{"href":"https:\/\/javataste.de\/en\/wp-json\/wp\/v2\/product\/20216512","targetHints":{"allow":["GET"]}}],"collection":[{"href":"https:\/\/javataste.de\/en\/wp-json\/wp\/v2\/product"}],"about":[{"href":"https:\/\/javataste.de\/en\/wp-json\/wp\/v2\/types\/product"}],"replies":[{"embeddable":true,"href":"https:\/\/javataste.de\/en\/wp-json\/wp\/v2\/comments?post=20216512"}],"wp:featuredmedia":[{"embeddable":true,"href":"https:\/\/javataste.de\/en\/wp-json\/wp\/v2\/media\/20216513"}],"wp:attachment":[{"href":"https:\/\/javataste.de\/en\/wp-json\/wp\/v2\/media?parent=20216512"}],"wp:term":[{"taxonomy":"product_brand","embeddable":true,"href":"https:\/\/javataste.de\/en\/wp-json\/wp\/v2\/product_brand?post=20216512"},{"taxonomy":"product_cat","embeddable":true,"href":"https:\/\/javataste.de\/en\/wp-json\/wp\/v2\/product_cat?post=20216512"},{"taxonomy":"product_tag","embeddable":true,"href":"https:\/\/javataste.de\/en\/wp-json\/wp\/v2\/product_tag?post=20216512"}],"curies":[{"name":"wp","href":"https:\/\/api.w.org\/{rel}","templated":true}]}}