{"id":20216477,"date":"2025-07-04T10:51:54","date_gmt":"2025-07-04T08:51:54","guid":{"rendered":"https:\/\/javataste.de\/?post_type=product&#038;p=20216477"},"modified":"2026-04-03T11:29:22","modified_gmt":"2026-04-03T09:29:22","slug":"finna-sambal-uleg-kemiri-10x18g","status":"publish","type":"product","link":"https:\/\/javataste.de\/en\/product\/finna-sambal-uleg-kemiri-10x18g\/","title":{"rendered":"FINNA Sambal Uleg Kemiri 10x18g"},"content":{"rendered":"<div>1 Packung = 10 Beutel. ULEG nutzt den nat\u00fcrlichen Reichtum Indonesiens, insbesondere Chilis und ausgew\u00e4hlte Gew\u00fcrze, die mit der richtigen Zusammensetzung und hochwertigen Gew\u00fcrzen verarbeitet werden, damit der Geschmack der ULEG-Chilisauce lange in Erinnerung bleibt. ULEG versteht Ihren Geschmack.<\/div>\n<div><\/div>\n<div>Eignet sich als Beilage zu verschiedenen Gerichten wie Chilisauce f\u00fcr Soto, scharfen gebratenen Reis, Geprek-H\u00fchnchen, Grundzutaten zum Kochen usw.<\/div>\n<div><\/div>\n<div><\/div>","protected":false},"excerpt":{"rendered":"<p>gemischte Kemiriknoten-Chilisauce von Finna, Chili und Kemiriknoten<\/p>\n<p>Zutaten: Chili (49,80 %), Pflanzen\u00f6l, Schalotten, Kerzenn\u00fcsse (6,75 %), Knoblauch, Wasser, Salz, Zucker, pflanzliches Verdickungsmittel, Essigs\u00e4ure-S\u00e4ureregulator, Mononatrium-L-Glutamat-Geschmacksverst\u00e4rker, Konservierungsstoffe (Natriumbenzoat und Kaliumsorbat)<\/p>\n<p>Verpackungsgr\u00f6\u00dfe: 6,5 \u00d7 0,5 \u00d7 8 cm<\/p>","protected":false},"featured_media":20216478,"comment_status":"open","ping_status":"closed","template":"","meta":{"om_disable_all_campaigns":false,"_monsterinsights_skip_tracking":false,"_monsterinsights_sitenote_active":false,"_monsterinsights_sitenote_note":"","_monsterinsights_sitenote_category":0},"product_brand":[],"product_cat":[256,79,88],"product_tag":[126],"class_list":{"0":"post-20216477","1":"product","2":"type-product","3":"status-publish","4":"has-post-thumbnail","6":"product_cat-chilisauce","7":"product_cat-lebensmittel","8":"product_cat-angebote","9":"product_tag-finna","11":"first","12":"instock","13":"sale","14":"purchasable","15":"product-type-simple"},"aioseo_notices":[],"_links":{"self":[{"href":"https:\/\/javataste.de\/en\/wp-json\/wp\/v2\/product\/20216477","targetHints":{"allow":["GET"]}}],"collection":[{"href":"https:\/\/javataste.de\/en\/wp-json\/wp\/v2\/product"}],"about":[{"href":"https:\/\/javataste.de\/en\/wp-json\/wp\/v2\/types\/product"}],"replies":[{"embeddable":true,"href":"https:\/\/javataste.de\/en\/wp-json\/wp\/v2\/comments?post=20216477"}],"wp:featuredmedia":[{"embeddable":true,"href":"https:\/\/javataste.de\/en\/wp-json\/wp\/v2\/media\/20216478"}],"wp:attachment":[{"href":"https:\/\/javataste.de\/en\/wp-json\/wp\/v2\/media?parent=20216477"}],"wp:term":[{"taxonomy":"product_brand","embeddable":true,"href":"https:\/\/javataste.de\/en\/wp-json\/wp\/v2\/product_brand?post=20216477"},{"taxonomy":"product_cat","embeddable":true,"href":"https:\/\/javataste.de\/en\/wp-json\/wp\/v2\/product_cat?post=20216477"},{"taxonomy":"product_tag","embeddable":true,"href":"https:\/\/javataste.de\/en\/wp-json\/wp\/v2\/product_tag?post=20216477"}],"curies":[{"name":"wp","href":"https:\/\/api.w.org\/{rel}","templated":true}]}}