{"id":20216357,"date":"2025-01-18T10:24:46","date_gmt":"2025-01-18T09:24:46","guid":{"rendered":"https:\/\/javataste.de\/?post_type=product&#038;p=20216357"},"modified":"2026-04-12T18:06:49","modified_gmt":"2026-04-12T16:06:49","slug":"tong-tji-gruene-tee-25x2g","status":"publish","type":"product","link":"https:\/\/javataste.de\/en\/product\/tong-tji-gruene-tee-25x2g\/","title":{"rendered":"TONG TJI Gr\u00fcne Tee 25x2g"},"content":{"rendered":"<p>Tong Tji Gr\u00fcntee (<em>Teh Hijau<\/em>) ist ein Tee aus ausgew\u00e4hlten Gr\u00fcnteebl\u00e4ttern, die verschiedene gesundheitliche Vorteile haben. Dieser Gr\u00fcntee kann ein Getr\u00e4nk mit einem blumigen Aroma und einem delikaten Geschmack f\u00fcr diejenigen unter Ihnen ergeben, die einen gesunden Lebensstil f\u00fchren.<\/p>","protected":false},"excerpt":{"rendered":"<p>Tong Tji Gr\u00fcne Teebeutel 25x 2gr<\/p>","protected":false},"featured_media":20216359,"comment_status":"open","ping_status":"closed","template":"","meta":{"om_disable_all_campaigns":false,"_monsterinsights_skip_tracking":false,"_monsterinsights_sitenote_active":false,"_monsterinsights_sitenote_note":"","_monsterinsights_sitenote_category":0},"product_brand":[],"product_cat":[75],"product_tag":[77,184],"class_list":{"0":"post-20216357","1":"product","2":"type-product","3":"status-publish","4":"has-post-thumbnail","6":"product_cat-getraenke","7":"product_tag-tee","8":"product_tag-tong-tji","10":"first","11":"instock","12":"purchasable","13":"product-type-simple"},"aioseo_notices":[],"_links":{"self":[{"href":"https:\/\/javataste.de\/en\/wp-json\/wp\/v2\/product\/20216357","targetHints":{"allow":["GET"]}}],"collection":[{"href":"https:\/\/javataste.de\/en\/wp-json\/wp\/v2\/product"}],"about":[{"href":"https:\/\/javataste.de\/en\/wp-json\/wp\/v2\/types\/product"}],"replies":[{"embeddable":true,"href":"https:\/\/javataste.de\/en\/wp-json\/wp\/v2\/comments?post=20216357"}],"wp:featuredmedia":[{"embeddable":true,"href":"https:\/\/javataste.de\/en\/wp-json\/wp\/v2\/media\/20216359"}],"wp:attachment":[{"href":"https:\/\/javataste.de\/en\/wp-json\/wp\/v2\/media?parent=20216357"}],"wp:term":[{"taxonomy":"product_brand","embeddable":true,"href":"https:\/\/javataste.de\/en\/wp-json\/wp\/v2\/product_brand?post=20216357"},{"taxonomy":"product_cat","embeddable":true,"href":"https:\/\/javataste.de\/en\/wp-json\/wp\/v2\/product_cat?post=20216357"},{"taxonomy":"product_tag","embeddable":true,"href":"https:\/\/javataste.de\/en\/wp-json\/wp\/v2\/product_tag?post=20216357"}],"curies":[{"name":"wp","href":"https:\/\/api.w.org\/{rel}","templated":true}]}}