{"id":20216351,"date":"2025-01-18T09:53:53","date_gmt":"2025-01-18T08:53:53","guid":{"rendered":"https:\/\/javataste.de\/?post_type=product&#038;p=20216351"},"modified":"2026-01-03T17:25:04","modified_gmt":"2026-01-03T16:25:04","slug":"tic-tac-sapi-cassava-snack-90g-rind","status":"publish","type":"product","link":"https:\/\/javataste.de\/en\/product\/tic-tac-sapi-cassava-snack-90g-rind\/","title":{"rendered":"Tic Tac Sapi \u2014 Cassava Snack 90g (Rind)"},"content":{"rendered":"<p>Salzige Snacks aus feinstem Weizenmehl, speziell formuliert mit einer einzigartigen Gew\u00fcrzmischung. Die B\u00e4llchen sind knusprig und ohne Erdnussf\u00fcllung.<\/p>","protected":false},"excerpt":{"rendered":"<p>Salzige Snacks aus feinstem Weizenmehl, speziell formuliert mit einer einzigartigen Gew\u00fcrzmischung.<\/p>\n<p>Zutaten: Tapiokast\u00e4rke, Palm\u00f6l (enth\u00e4lt das Antioxidationsmittel E319), gegrilltes Rindfleischgew\u00fcrz (enth\u00e4lt: Knoblauchpulver, Sojasauce, Gew\u00fcrze, Dextrin, Hefeextrakt, Grillaroma, Rindfleischgeschmack, hydrolysierte pflanzliche Proteine, Geschmacksverst\u00e4rker Dinatriumribonukleotid E635, k\u00fcnstlicher S\u00fc\u00dfstoff Acell Sulfam E950, Trennmittel Siliciumdioxid E551, Geschmacksverst\u00e4rker Mononatriumglutamat E621, Salzzucker, Knoblauch, Sesam, k\u00fcnstlicher S\u00fc\u00dfstoff E951<\/p>\n<p>&nbsp;<\/p>","protected":false},"featured_media":20216352,"comment_status":"open","ping_status":"closed","template":"","meta":{"om_disable_all_campaigns":false,"_monsterinsights_skip_tracking":false,"_monsterinsights_sitenote_active":false,"_monsterinsights_sitenote_note":"","_monsterinsights_sitenote_category":0},"product_brand":[],"product_cat":[81],"product_tag":[313,157,264],"class_list":{"0":"post-20216351","1":"product","2":"type-product","3":"status-publish","4":"has-post-thumbnail","6":"product_cat-snacks","7":"product_tag-cassava","8":"product_tag-dua-kelinci","9":"product_tag-tic-tac","11":"first","12":"instock","13":"shipping-taxable","14":"purchasable","15":"product-type-simple"},"aioseo_notices":[],"_links":{"self":[{"href":"https:\/\/javataste.de\/en\/wp-json\/wp\/v2\/product\/20216351","targetHints":{"allow":["GET"]}}],"collection":[{"href":"https:\/\/javataste.de\/en\/wp-json\/wp\/v2\/product"}],"about":[{"href":"https:\/\/javataste.de\/en\/wp-json\/wp\/v2\/types\/product"}],"replies":[{"embeddable":true,"href":"https:\/\/javataste.de\/en\/wp-json\/wp\/v2\/comments?post=20216351"}],"wp:featuredmedia":[{"embeddable":true,"href":"https:\/\/javataste.de\/en\/wp-json\/wp\/v2\/media\/20216352"}],"wp:attachment":[{"href":"https:\/\/javataste.de\/en\/wp-json\/wp\/v2\/media?parent=20216351"}],"wp:term":[{"taxonomy":"product_brand","embeddable":true,"href":"https:\/\/javataste.de\/en\/wp-json\/wp\/v2\/product_brand?post=20216351"},{"taxonomy":"product_cat","embeddable":true,"href":"https:\/\/javataste.de\/en\/wp-json\/wp\/v2\/product_cat?post=20216351"},{"taxonomy":"product_tag","embeddable":true,"href":"https:\/\/javataste.de\/en\/wp-json\/wp\/v2\/product_tag?post=20216351"}],"curies":[{"name":"wp","href":"https:\/\/api.w.org\/{rel}","templated":true}]}}