{"id":20216349,"date":"2025-01-18T09:39:38","date_gmt":"2025-01-18T08:39:38","guid":{"rendered":"https:\/\/javataste.de\/?post_type=product&#038;p=20216349"},"modified":"2026-02-26T13:07:39","modified_gmt":"2026-02-26T12:07:39","slug":"tic-tac-pedas-cassava-snack-80g-scharf","status":"publish","type":"product","link":"https:\/\/javataste.de\/en\/product\/tic-tac-pedas-cassava-snack-80g-scharf\/","title":{"rendered":"Tic Tac Pedas \u2014 Cassava Snack 80g (Scharf)"},"content":{"rendered":"<p>Salzige Snacks aus feinstem Weizenmehl, speziell formuliert mit einer einzigartigen Gew\u00fcrzmischung. Die B\u00e4llchen sind knusprig und ohne Erdnussf\u00fcllung.<\/p>","protected":false},"excerpt":{"rendered":"<p>Salzige Snacks aus feinstem Weizenmehl, speziell formuliert mit einer einzigartigen Gew\u00fcrzmischung.<\/p>\n<p>Zutaten: Tapiokast\u00e4rke, Palm\u00f6l (enth\u00e4lt das Antioxidationsmittel TBHQ E319), Geschmacksverst\u00e4rker Mononatriumglutamat E621, w\u00fcrzige Kr\u00e4uter (enth\u00e4lt: Dextrin, Geschmacksverst\u00e4rker Dinatrium-5-Ribonukleitide E635, hydrolysierte pflanzliche Proteine, Gew\u00fcrze (Zwiebel), Farbstoffe (Paprika Oleoresin E160c, Karmin E120, k\u00fcnstlicher S\u00fc\u00dfstoff Acesulfam-K E950, Trennmittel (Silikon E551), Salz, Zucker Knoblauch, Chilipulver, Sesam, k\u00fcnstlicher S\u00fc\u00dfstoff Aspartam E951<\/p>\n<p>&nbsp;<\/p>","protected":false},"featured_media":20216350,"comment_status":"open","ping_status":"closed","template":"","meta":{"om_disable_all_campaigns":false,"_monsterinsights_skip_tracking":false,"_monsterinsights_sitenote_active":false,"_monsterinsights_sitenote_note":"","_monsterinsights_sitenote_category":0},"product_brand":[],"product_cat":[81],"product_tag":[313,157,264],"class_list":{"0":"post-20216349","1":"product","2":"type-product","3":"status-publish","4":"has-post-thumbnail","6":"product_cat-snacks","7":"product_tag-cassava","8":"product_tag-dua-kelinci","9":"product_tag-tic-tac","11":"first","12":"instock","13":"shipping-taxable","14":"purchasable","15":"product-type-simple"},"aioseo_notices":[],"_links":{"self":[{"href":"https:\/\/javataste.de\/en\/wp-json\/wp\/v2\/product\/20216349","targetHints":{"allow":["GET"]}}],"collection":[{"href":"https:\/\/javataste.de\/en\/wp-json\/wp\/v2\/product"}],"about":[{"href":"https:\/\/javataste.de\/en\/wp-json\/wp\/v2\/types\/product"}],"replies":[{"embeddable":true,"href":"https:\/\/javataste.de\/en\/wp-json\/wp\/v2\/comments?post=20216349"}],"wp:featuredmedia":[{"embeddable":true,"href":"https:\/\/javataste.de\/en\/wp-json\/wp\/v2\/media\/20216350"}],"wp:attachment":[{"href":"https:\/\/javataste.de\/en\/wp-json\/wp\/v2\/media?parent=20216349"}],"wp:term":[{"taxonomy":"product_brand","embeddable":true,"href":"https:\/\/javataste.de\/en\/wp-json\/wp\/v2\/product_brand?post=20216349"},{"taxonomy":"product_cat","embeddable":true,"href":"https:\/\/javataste.de\/en\/wp-json\/wp\/v2\/product_cat?post=20216349"},{"taxonomy":"product_tag","embeddable":true,"href":"https:\/\/javataste.de\/en\/wp-json\/wp\/v2\/product_tag?post=20216349"}],"curies":[{"name":"wp","href":"https:\/\/api.w.org\/{rel}","templated":true}]}}