{"id":20216337,"date":"2025-01-09T14:29:02","date_gmt":"2025-01-09T13:29:02","guid":{"rendered":"https:\/\/javataste.de\/?post_type=product&#038;p=20216337"},"modified":"2026-02-26T11:16:04","modified_gmt":"2026-02-26T10:16:04","slug":"srikandi-fried-rengginang-sweet-180g","status":"publish","type":"product","link":"https:\/\/javataste.de\/en\/product\/srikandi-fried-rengginang-sweet-180g\/","title":{"rendered":"Srikandi Fried Rengginang Sweet 180g"},"content":{"rendered":"<div>Srikandi Rengginang Gebratene gesalzene Klebreis-Cracker<\/div>\n<div><\/div>\n<div>Leckere und knusprige frittierte Klebreis-Cracker aus Indonesien. Perfekt zum Naschen oder zum Teilen mit Freunden und Familie. Hergestellt aus einfachen Zutaten, darunter Klebreis, Palm\u00f6l und Salz. Eine gro\u00dfartige Quelle f\u00fcr Energie und Kohlenhydrate. An einem k\u00fchlen, trockenen Ort aufbewahren und genie\u00dfen!<\/div>\n<div><\/div>\n<div>Bestellen Sie Ihre Packung Srikandi Rengginang Fried Salted Glutinous Rice Crackers noch heute und erleben Sie den k\u00f6stlichen Geschmack von Indonesien<\/div>\n<div><\/div>\n<div><\/div>\n<div>\n<div>Srikandi Rengginang Fried Salted Glutinous Rice Crackers<\/div>\n<div><\/div>\n<div>Tasty and crunchy fried glutinous rice crackers from Indonesia. Perfect for snacking or sharing with friends and family. Made with simple ingredients, including glutinous rice, palm oil, and salt. A great source of energy and carbohydrates. Store in a cool, dry place and enjoy!<\/div>\n<div><\/div>\n<div>Order your pack of Srikandi Rengginang Fried Salted Glutinous Rice Crackers today and experience the delicious taste of Indonesia<\/div>\n<\/div>","protected":false},"excerpt":{"rendered":"<p>Leckere und knusprige frittierte Klebreis-Cracker aus Indonesien. Perfekt zum Naschen oder zum Teilen mit Freunden und Familie.<\/p>","protected":false},"featured_media":20216338,"comment_status":"open","ping_status":"closed","template":"","meta":{"om_disable_all_campaigns":false,"_monsterinsights_skip_tracking":false,"_monsterinsights_sitenote_active":false,"_monsterinsights_sitenote_note":"","_monsterinsights_sitenote_category":0},"product_brand":[],"product_cat":[81],"product_tag":[407],"class_list":{"0":"post-20216337","1":"product","2":"type-product","3":"status-publish","4":"has-post-thumbnail","6":"product_cat-snacks","7":"product_tag-rengginang","8":"product_shipping_class-bis-5kg","10":"first","11":"outofstock","12":"shipping-taxable","13":"purchasable","14":"product-type-simple"},"aioseo_notices":[],"_links":{"self":[{"href":"https:\/\/javataste.de\/en\/wp-json\/wp\/v2\/product\/20216337","targetHints":{"allow":["GET"]}}],"collection":[{"href":"https:\/\/javataste.de\/en\/wp-json\/wp\/v2\/product"}],"about":[{"href":"https:\/\/javataste.de\/en\/wp-json\/wp\/v2\/types\/product"}],"replies":[{"embeddable":true,"href":"https:\/\/javataste.de\/en\/wp-json\/wp\/v2\/comments?post=20216337"}],"wp:featuredmedia":[{"embeddable":true,"href":"https:\/\/javataste.de\/en\/wp-json\/wp\/v2\/media\/20216338"}],"wp:attachment":[{"href":"https:\/\/javataste.de\/en\/wp-json\/wp\/v2\/media?parent=20216337"}],"wp:term":[{"taxonomy":"product_brand","embeddable":true,"href":"https:\/\/javataste.de\/en\/wp-json\/wp\/v2\/product_brand?post=20216337"},{"taxonomy":"product_cat","embeddable":true,"href":"https:\/\/javataste.de\/en\/wp-json\/wp\/v2\/product_cat?post=20216337"},{"taxonomy":"product_tag","embeddable":true,"href":"https:\/\/javataste.de\/en\/wp-json\/wp\/v2\/product_tag?post=20216337"}],"curies":[{"name":"wp","href":"https:\/\/api.w.org\/{rel}","templated":true}]}}