{"id":20216327,"date":"2025-01-09T14:09:41","date_gmt":"2025-01-09T13:09:41","guid":{"rendered":"https:\/\/javataste.de\/?post_type=product&#038;p=20216327"},"modified":"2025-08-02T19:56:13","modified_gmt":"2025-08-02T17:56:13","slug":"abc-instant-noodle-mi-goreng-70g","status":"publish","type":"product","link":"https:\/\/javataste.de\/en\/product\/abc-instant-noodle-mi-goreng-70g\/","title":{"rendered":"ABC INSTANT Noodle Mi Goreng 70g"},"content":{"rendered":"<div>Produkt-Zusammenfassung:<\/div>\n<div><\/div>\n<div>Genie\u00dfen Sie den reichhaltigen, authentischen Geschmack Indonesiens mit ABC Mi Goreng Fried Instant Noodles. In wenigen Minuten zubereitet &#8211; einfach kochen, abgie\u00dfen und mit den beiliegenden Gew\u00fcrzbeuteln mischen. Ein vielseitiges Gericht, das als Snack, Mahlzeit oder Party-Favorit serviert werden kann. Genie\u00dfen Sie es so, wie es ist, oder verfeinern Sie es mit Gem\u00fcse, Eiwei\u00df oder einem gekochten Ei zu einer kompletten Mahlzeit. Ideal f\u00fcr einen gesch\u00e4ftigen Lebensstil, f\u00fcr die Mittagspause oder f\u00fcr den Hei\u00dfhunger am Abend.<\/div>\n<div><\/div>\n<div>Product Summary:<br \/>\nSavor the rich, authentic taste of Indonesia with ABC Mi Goreng Fried Instant Noodles. Ready in minutes\u2014simply boil, drain, and mix with the included seasoning sachets. A versatile dish that can be served as a snack, meal, or party favorite..Enjoy as is, or enhance with added veggies, protein, or a boiled egg for a complete meal. Ideal for busy lifestyles, lunch breaks, or late-night cravings<\/div>\n<div><\/div>\n<div><\/div>","protected":false},"excerpt":{"rendered":"<p>Genie\u00dfen Sie den reichhaltigen, authentischen Geschmack Indonesiens mit ABC Mi Goreng Fried Instant Noodles.<\/p>","protected":false},"featured_media":20216328,"comment_status":"open","ping_status":"closed","template":"","meta":{"om_disable_all_campaigns":false,"_monsterinsights_skip_tracking":false,"_monsterinsights_sitenote_active":false,"_monsterinsights_sitenote_note":"","_monsterinsights_sitenote_category":0},"product_brand":[],"product_cat":[261],"product_tag":[112,417,275,421],"class_list":{"0":"post-20216327","1":"product","2":"type-product","3":"status-publish","4":"has-post-thumbnail","6":"product_cat-nuddel","7":"product_tag-abc","8":"product_tag-mi","9":"product_tag-mie","10":"product_tag-selera-pedas","12":"first","13":"outofstock","14":"shipping-taxable","15":"purchasable","16":"product-type-simple"},"aioseo_notices":[],"_links":{"self":[{"href":"https:\/\/javataste.de\/en\/wp-json\/wp\/v2\/product\/20216327","targetHints":{"allow":["GET"]}}],"collection":[{"href":"https:\/\/javataste.de\/en\/wp-json\/wp\/v2\/product"}],"about":[{"href":"https:\/\/javataste.de\/en\/wp-json\/wp\/v2\/types\/product"}],"replies":[{"embeddable":true,"href":"https:\/\/javataste.de\/en\/wp-json\/wp\/v2\/comments?post=20216327"}],"wp:featuredmedia":[{"embeddable":true,"href":"https:\/\/javataste.de\/en\/wp-json\/wp\/v2\/media\/20216328"}],"wp:attachment":[{"href":"https:\/\/javataste.de\/en\/wp-json\/wp\/v2\/media?parent=20216327"}],"wp:term":[{"taxonomy":"product_brand","embeddable":true,"href":"https:\/\/javataste.de\/en\/wp-json\/wp\/v2\/product_brand?post=20216327"},{"taxonomy":"product_cat","embeddable":true,"href":"https:\/\/javataste.de\/en\/wp-json\/wp\/v2\/product_cat?post=20216327"},{"taxonomy":"product_tag","embeddable":true,"href":"https:\/\/javataste.de\/en\/wp-json\/wp\/v2\/product_tag?post=20216327"}],"curies":[{"name":"wp","href":"https:\/\/api.w.org\/{rel}","templated":true}]}}