{"id":20216313,"date":"2025-01-09T11:42:50","date_gmt":"2025-01-09T10:42:50","guid":{"rendered":"https:\/\/javataste.de\/?post_type=product&#038;p=20216313"},"modified":"2026-04-13T10:09:14","modified_gmt":"2026-04-13T08:09:14","slug":"abc-suesse-sojasosse-kecap-manis-135ml","status":"publish","type":"product","link":"https:\/\/javataste.de\/en\/product\/abc-suesse-sojasosse-kecap-manis-135ml\/","title":{"rendered":"ABC S\u00fc\u00dfe Sojaso\u00dfe \u2014 Kecap Manis 135ml"},"content":{"rendered":"<p>In der indonesischen K\u00fcche wird diese s\u00fc\u00dfe Sojasauce sehr oft benutzt um Suppen- , Nudeln- , Fleisch- o. Gem\u00fcsegerichte aufzupeppen oder zum marinieren.<\/p>","protected":false},"excerpt":{"rendered":"<p>ABC S\u00fc\u00dfe Sojasauce 275 ML Inhalt: Zucker, Wasser, Salz, Sojabohnen, Weizen, Sodium Benzoate (E 211)<\/p>","protected":false},"featured_media":20214345,"comment_status":"open","ping_status":"closed","template":"","meta":{"om_disable_all_campaigns":false,"_monsterinsights_skip_tracking":false,"_monsterinsights_sitenote_active":false,"_monsterinsights_sitenote_note":"","_monsterinsights_sitenote_category":0},"product_brand":[],"product_cat":[79],"product_tag":[112,327],"class_list":{"0":"post-20216313","1":"product","2":"type-product","3":"status-publish","4":"has-post-thumbnail","6":"product_cat-lebensmittel","7":"product_tag-abc","8":"product_tag-kecap","10":"first","11":"instock","12":"purchasable","13":"product-type-simple"},"aioseo_notices":[],"_links":{"self":[{"href":"https:\/\/javataste.de\/en\/wp-json\/wp\/v2\/product\/20216313","targetHints":{"allow":["GET"]}}],"collection":[{"href":"https:\/\/javataste.de\/en\/wp-json\/wp\/v2\/product"}],"about":[{"href":"https:\/\/javataste.de\/en\/wp-json\/wp\/v2\/types\/product"}],"replies":[{"embeddable":true,"href":"https:\/\/javataste.de\/en\/wp-json\/wp\/v2\/comments?post=20216313"}],"wp:featuredmedia":[{"embeddable":true,"href":"https:\/\/javataste.de\/en\/wp-json\/wp\/v2\/media\/20214345"}],"wp:attachment":[{"href":"https:\/\/javataste.de\/en\/wp-json\/wp\/v2\/media?parent=20216313"}],"wp:term":[{"taxonomy":"product_brand","embeddable":true,"href":"https:\/\/javataste.de\/en\/wp-json\/wp\/v2\/product_brand?post=20216313"},{"taxonomy":"product_cat","embeddable":true,"href":"https:\/\/javataste.de\/en\/wp-json\/wp\/v2\/product_cat?post=20216313"},{"taxonomy":"product_tag","embeddable":true,"href":"https:\/\/javataste.de\/en\/wp-json\/wp\/v2\/product_tag?post=20216313"}],"curies":[{"name":"wp","href":"https:\/\/api.w.org\/{rel}","templated":true}]}}