{"id":20216241,"date":"2024-11-11T11:27:49","date_gmt":"2024-11-11T10:27:49","guid":{"rendered":"https:\/\/javataste.de\/?post_type=product&#038;p=20216241"},"modified":"2026-02-24T12:33:37","modified_gmt":"2026-02-24T11:33:37","slug":"taronet-snack-seawed-62gr","status":"publish","type":"product","link":"https:\/\/javataste.de\/en\/product\/taronet-snack-seawed-62gr\/","title":{"rendered":"TAROnet Snack SEAWED 62gr"},"content":{"rendered":"<div>\n<div>Beschreibung des Produkts:<\/div>\n<div>Qualitativ hochwertige und leckere Snackprodukte, die f\u00fcr die Begleitung Ihrer Freizeit geeignet sind.<\/div>\n<div><\/div>\n<div>Aufbewahrungsmethode:<\/div>\n<div>An einem k\u00fchlen und trockenen Ort aufbewahren.<\/div>\n<div><\/div>\n<div>Zutaten:<\/div>\n<div>Weizenmehl, Pflanzen\u00f6l, Tapioka, Algenaroma (enth\u00e4lt Geschmacksverst\u00e4rker Mononatriumglutamat, Natriuminosinat und Guanylat, getrocknete Algen, naturidentisches Algenaroma, pflanzliches Proteinhydrolysat, Karamellfarbstoff Klasse IE 150a), Zucker, Salz, Entwickler.<\/div>\n<\/div>\n<div><\/div>\n<div>Product Description:<\/div>\n<div>Good quality and delicious snack products suitable for accompanying your leisure time.<\/div>\n<div><\/div>\n<div>Storage Method:<\/div>\n<div>Store in a cool and dry place.<\/div>\n<div><\/div>\n<div>Ingredients:<\/div>\n<div>Wheat flour, vegetable oil, tapioca, seaweed flavoring (contains flavor enhancers mononatrium glutamate, sodium inosinate and guanylate, dried seaweed, seaweed natural identical flavor, vegetable protein hydrolysate, caramel colorant class IE 150a), sugar, salt, developer.<\/div>","protected":false},"excerpt":{"rendered":"<p>Qualitativ hochwertige und leckere Snackprodukte, die f\u00fcr die Begleitung Ihrer Freizeit geeignet sind.<\/p>","protected":false},"featured_media":20216242,"comment_status":"open","ping_status":"closed","template":"","meta":{"om_disable_all_campaigns":false,"_monsterinsights_skip_tracking":false,"_monsterinsights_sitenote_active":false,"_monsterinsights_sitenote_note":"","_monsterinsights_sitenote_category":0},"product_brand":[],"product_cat":[81],"product_tag":[418],"class_list":{"0":"post-20216241","1":"product","2":"type-product","3":"status-publish","4":"has-post-thumbnail","6":"product_cat-snacks","7":"product_tag-taro","9":"first","10":"instock","11":"shipping-taxable","12":"purchasable","13":"product-type-simple"},"aioseo_notices":[],"_links":{"self":[{"href":"https:\/\/javataste.de\/en\/wp-json\/wp\/v2\/product\/20216241","targetHints":{"allow":["GET"]}}],"collection":[{"href":"https:\/\/javataste.de\/en\/wp-json\/wp\/v2\/product"}],"about":[{"href":"https:\/\/javataste.de\/en\/wp-json\/wp\/v2\/types\/product"}],"replies":[{"embeddable":true,"href":"https:\/\/javataste.de\/en\/wp-json\/wp\/v2\/comments?post=20216241"}],"wp:featuredmedia":[{"embeddable":true,"href":"https:\/\/javataste.de\/en\/wp-json\/wp\/v2\/media\/20216242"}],"wp:attachment":[{"href":"https:\/\/javataste.de\/en\/wp-json\/wp\/v2\/media?parent=20216241"}],"wp:term":[{"taxonomy":"product_brand","embeddable":true,"href":"https:\/\/javataste.de\/en\/wp-json\/wp\/v2\/product_brand?post=20216241"},{"taxonomy":"product_cat","embeddable":true,"href":"https:\/\/javataste.de\/en\/wp-json\/wp\/v2\/product_cat?post=20216241"},{"taxonomy":"product_tag","embeddable":true,"href":"https:\/\/javataste.de\/en\/wp-json\/wp\/v2\/product_tag?post=20216241"}],"curies":[{"name":"wp","href":"https:\/\/api.w.org\/{rel}","templated":true}]}}