{"id":20216227,"date":"2024-11-08T23:59:35","date_gmt":"2024-11-08T22:59:35","guid":{"rendered":"https:\/\/javataste.de\/?post_type=product&#038;p=20216227"},"modified":"2026-04-25T18:13:39","modified_gmt":"2026-04-25T16:13:39","slug":"abc-instant-drink-kacang-hijau-240ml","status":"publish","type":"product","link":"https:\/\/javataste.de\/en\/product\/abc-instant-drink-kacang-hijau-240ml\/","title":{"rendered":"ABC Instant Drink Kacang Hijau 240ml"},"content":{"rendered":"<div>\n<div>Genie\u00dfen Sie sofort die Frische traditioneller indonesischer Gesundheitsgetr\u00e4nke mit ausgew\u00e4hltem Mungobohnensaft und echtem braunem Zucker mit nat\u00fcrlichem Geschmack und N\u00e4hrstoffgehalt, den der K\u00f6rper braucht. Garantiert frisch, k\u00f6stlich und gesund, geeignet zum direkten Trinken oder zur Herstellung von Mungobohnenpudding, Mungobohnen-Eismilch, Mungobohnen-Brei-Mischung, Mungobohnen-Eis oder verschiedenen anderen Gerichten und Getr\u00e4nken nach Ihrem Geschmack und Ihrer Kreativit\u00e4t, garantiert wird Ihr Tag frischer und bunter.<\/div>\n<div><\/div>\n<div>Produktzusammensetzung:<\/div>\n<div>Mungobohnensaft (80%), Wasser, Zucker, Kokosnusszucker (4,6%), Pandanbl\u00e4tter (0,3%), Ingwer (0,2%), nat\u00fcrlicher Farbstoff Karamell Klasse I INS.150a, vorgemischte Vitamine B1 &amp; B2.<\/div>\n<div><\/div>\n<div>Produktvorteile:<\/div>\n<div>&#8211; Enth\u00e4lt 80% echten Mungobohnensaft<\/div>\n<div>&#8211; Kombiniert mit nat\u00fcrlichem braunem Zucker<\/div>\n<div>&#8211; Reich an Vitamin B<\/div>\n<div>&#8211; Reich an Ballaststoffen<\/div>\n<\/div>\n<div><\/div>\n<div>Immediately enjoy the freshness of traditional Indonesian health drinks with selected quality mung bean juice and real brown sugar with natural flavors and nutritional content needed by the body. Guaranteed fresh, delicious, and healthy, suitable for drinking directly or created into mung bean pudding, mung bean ice milk, mung bean porridge mixture, mung bean ice cream, or various other dishes and drinks according to your taste and creativity, guaranteed your day will be more fresh and colorful.<\/div>\n<div><\/div>\n<div>Product composition:<\/div>\n<div>Mung bean juice (80%), water, sugar, coconut sugar (4.6%), pandan leaves (0.3%), ginger (0.2%), natural coloring caramel class I INS.150a, premix vitamins B1 &amp; B2.<\/div>\n<div><\/div>\n<div>Product benefits:<\/div>\n<div>&#8211; Contains 80% real mung bean juice<\/div>\n<div>&#8211; Combined with natural brown sugar<\/div>\n<div>&#8211; Rich in vitamin B<\/div>\n<div>&#8211; High in food fiber<\/div>","protected":false},"excerpt":{"rendered":"<div>Produktzusammensetzung:<\/div>\n<div>Mungobohnensaft (80%), Wasser, Zucker, Kokosnusszucker (4,6%), Pandanbl\u00e4tter (0,3%), Ingwer (0,2%), nat\u00fcrlicher Farbstoff Karamell Klasse I INS.150a, vorgemischte Vitamine B1 &amp; B2.<\/div>","protected":false},"featured_media":20216228,"comment_status":"open","ping_status":"closed","template":"","meta":{"om_disable_all_campaigns":false,"_monsterinsights_skip_tracking":false,"_monsterinsights_sitenote_active":false,"_monsterinsights_sitenote_note":"","_monsterinsights_sitenote_category":0},"product_brand":[],"product_cat":[75],"product_tag":[415,416,414],"class_list":{"0":"post-20216227","1":"product","2":"type-product","3":"status-publish","4":"has-post-thumbnail","6":"product_cat-getraenke","7":"product_tag-kacang-hijau","8":"product_tag-minuman-segar","9":"product_tag-mug-bean","11":"first","12":"outofstock","13":"shipping-taxable","14":"purchasable","15":"product-type-simple"},"aioseo_notices":[],"_links":{"self":[{"href":"https:\/\/javataste.de\/en\/wp-json\/wp\/v2\/product\/20216227","targetHints":{"allow":["GET"]}}],"collection":[{"href":"https:\/\/javataste.de\/en\/wp-json\/wp\/v2\/product"}],"about":[{"href":"https:\/\/javataste.de\/en\/wp-json\/wp\/v2\/types\/product"}],"replies":[{"embeddable":true,"href":"https:\/\/javataste.de\/en\/wp-json\/wp\/v2\/comments?post=20216227"}],"wp:featuredmedia":[{"embeddable":true,"href":"https:\/\/javataste.de\/en\/wp-json\/wp\/v2\/media\/20216228"}],"wp:attachment":[{"href":"https:\/\/javataste.de\/en\/wp-json\/wp\/v2\/media?parent=20216227"}],"wp:term":[{"taxonomy":"product_brand","embeddable":true,"href":"https:\/\/javataste.de\/en\/wp-json\/wp\/v2\/product_brand?post=20216227"},{"taxonomy":"product_cat","embeddable":true,"href":"https:\/\/javataste.de\/en\/wp-json\/wp\/v2\/product_cat?post=20216227"},{"taxonomy":"product_tag","embeddable":true,"href":"https:\/\/javataste.de\/en\/wp-json\/wp\/v2\/product_tag?post=20216227"}],"curies":[{"name":"wp","href":"https:\/\/api.w.org\/{rel}","templated":true}]}}