{"id":20216223,"date":"2024-11-08T23:51:07","date_gmt":"2024-11-08T22:51:07","guid":{"rendered":"https:\/\/javataste.de\/?post_type=product&#038;p=20216223"},"modified":"2026-02-24T12:30:24","modified_gmt":"2026-02-24T11:30:24","slug":"roni-macaroni-spicy-lev-15-140gr","status":"publish","type":"product","link":"https:\/\/javataste.de\/en\/product\/roni-macaroni-spicy-lev-15-140gr\/","title":{"rendered":"RONI Macaroni Spicy Lev.15 140gr"},"content":{"rendered":"<p>Makaroni Krispi Snack ist ein feurig w\u00fcrziger Snack in Makkaroni-Form. In verschiedenen Sch\u00e4rfegraden erh\u00e4ltlich.<\/p>","protected":false},"excerpt":{"rendered":"<p>Makaroni Krispi Snack ist ein feurig w\u00fcrziger Snack in Makkaroni-Form.<\/p>","protected":false},"featured_media":20216224,"comment_status":"open","ping_status":"closed","template":"","meta":{"om_disable_all_campaigns":false,"_monsterinsights_skip_tracking":false,"_monsterinsights_sitenote_active":false,"_monsterinsights_sitenote_note":"","_monsterinsights_sitenote_category":0},"product_brand":[],"product_cat":[81],"product_tag":[412,86],"class_list":{"0":"post-20216223","1":"product","2":"type-product","3":"status-publish","4":"has-post-thumbnail","6":"product_cat-snacks","7":"product_tag-macaroni","8":"product_tag-spicy","10":"first","11":"instock","12":"shipping-taxable","13":"purchasable","14":"product-type-simple"},"aioseo_notices":[],"_links":{"self":[{"href":"https:\/\/javataste.de\/en\/wp-json\/wp\/v2\/product\/20216223","targetHints":{"allow":["GET"]}}],"collection":[{"href":"https:\/\/javataste.de\/en\/wp-json\/wp\/v2\/product"}],"about":[{"href":"https:\/\/javataste.de\/en\/wp-json\/wp\/v2\/types\/product"}],"replies":[{"embeddable":true,"href":"https:\/\/javataste.de\/en\/wp-json\/wp\/v2\/comments?post=20216223"}],"wp:featuredmedia":[{"embeddable":true,"href":"https:\/\/javataste.de\/en\/wp-json\/wp\/v2\/media\/20216224"}],"wp:attachment":[{"href":"https:\/\/javataste.de\/en\/wp-json\/wp\/v2\/media?parent=20216223"}],"wp:term":[{"taxonomy":"product_brand","embeddable":true,"href":"https:\/\/javataste.de\/en\/wp-json\/wp\/v2\/product_brand?post=20216223"},{"taxonomy":"product_cat","embeddable":true,"href":"https:\/\/javataste.de\/en\/wp-json\/wp\/v2\/product_cat?post=20216223"},{"taxonomy":"product_tag","embeddable":true,"href":"https:\/\/javataste.de\/en\/wp-json\/wp\/v2\/product_tag?post=20216223"}],"curies":[{"name":"wp","href":"https:\/\/api.w.org\/{rel}","templated":true}]}}