{"id":20216215,"date":"2024-11-08T23:29:40","date_gmt":"2024-11-08T22:29:40","guid":{"rendered":"https:\/\/javataste.de\/?post_type=product&#038;p=20216215"},"modified":"2026-04-06T19:40:59","modified_gmt":"2026-04-06T17:40:59","slug":"nesia-pastel-150gr","status":"publish","type":"product","link":"https:\/\/javataste.de\/en\/product\/nesia-pastel-150gr\/","title":{"rendered":"Nesia Pastel 150gr"},"content":{"rendered":"<p><b>Kue Pastel<\/b> Pastel ist eine Art <a href=\"https:\/\/en.wikipedia.org\/wiki\/Kue\">Kue<\/a> (Snack), gef\u00fcllt mit Fleisch, Gem\u00fcse und in Pflanzen\u00f6l frittierten <a href=\"https:\/\/en.wikipedia.org\/wiki\/Rice_vermicelli\">Reisnudeln<\/a>. Es wird als Snack verzehrt und h\u00e4ufig auf traditionellen indonesischen M\u00e4rkten verkauft.<\/p>\n<p><b>Kue Pastel<\/b> pastel refers to a type of <a href=\"https:\/\/en.wikipedia.org\/wiki\/Kue\">kue<\/a> (snack food) filled with meat, vegetables, and <a href=\"https:\/\/en.wikipedia.org\/wiki\/Rice_vermicelli\">rice vermicelli<\/a> deep fried in vegetable oil. It is consumed as a snack and commonly sold in Indonesian traditional markets.<\/p>","protected":false},"excerpt":{"rendered":"<p><b>Kue Pastel<\/b> Pastel ist eine Art <a href=\"https:\/\/en.wikipedia.org\/wiki\/Kue\">Kue<\/a> (Snack), gef\u00fcllt mit Fleisch, Gem\u00fcse und in Pflanzen\u00f6l frittierten <a href=\"https:\/\/en.wikipedia.org\/wiki\/Rice_vermicelli\">Reisnudeln<\/a>.<\/p>","protected":false},"featured_media":20216216,"comment_status":"open","ping_status":"closed","template":"","meta":{"om_disable_all_campaigns":false,"_monsterinsights_skip_tracking":false,"_monsterinsights_sitenote_active":false,"_monsterinsights_sitenote_note":"","_monsterinsights_sitenote_category":0},"product_brand":[],"product_cat":[81],"product_tag":[408],"class_list":{"0":"post-20216215","1":"product","2":"type-product","3":"status-publish","4":"has-post-thumbnail","6":"product_cat-snacks","7":"product_tag-pastel","9":"first","10":"instock","11":"shipping-taxable","12":"purchasable","13":"product-type-simple"},"aioseo_notices":[],"_links":{"self":[{"href":"https:\/\/javataste.de\/en\/wp-json\/wp\/v2\/product\/20216215","targetHints":{"allow":["GET"]}}],"collection":[{"href":"https:\/\/javataste.de\/en\/wp-json\/wp\/v2\/product"}],"about":[{"href":"https:\/\/javataste.de\/en\/wp-json\/wp\/v2\/types\/product"}],"replies":[{"embeddable":true,"href":"https:\/\/javataste.de\/en\/wp-json\/wp\/v2\/comments?post=20216215"}],"wp:featuredmedia":[{"embeddable":true,"href":"https:\/\/javataste.de\/en\/wp-json\/wp\/v2\/media\/20216216"}],"wp:attachment":[{"href":"https:\/\/javataste.de\/en\/wp-json\/wp\/v2\/media?parent=20216215"}],"wp:term":[{"taxonomy":"product_brand","embeddable":true,"href":"https:\/\/javataste.de\/en\/wp-json\/wp\/v2\/product_brand?post=20216215"},{"taxonomy":"product_cat","embeddable":true,"href":"https:\/\/javataste.de\/en\/wp-json\/wp\/v2\/product_cat?post=20216215"},{"taxonomy":"product_tag","embeddable":true,"href":"https:\/\/javataste.de\/en\/wp-json\/wp\/v2\/product_tag?post=20216215"}],"curies":[{"name":"wp","href":"https:\/\/api.w.org\/{rel}","templated":true}]}}