{"id":20216213,"date":"2024-11-08T23:23:10","date_gmt":"2024-11-08T22:23:10","guid":{"rendered":"https:\/\/javataste.de\/?post_type=product&#038;p=20216213"},"modified":"2026-03-06T17:18:59","modified_gmt":"2026-03-06T16:18:59","slug":"sedap-wangi-kecap-inggris-worcester-sauce-300ml","status":"publish","type":"product","link":"https:\/\/javataste.de\/en\/product\/sedap-wangi-kecap-inggris-worcester-sauce-300ml\/","title":{"rendered":"Sedap Wangi Kecap Inggris (Worcester Sauce) 300ml"},"content":{"rendered":"<p>kecap inggris ist ein fermentiertes Gew\u00fcrz auf Essigbasis, das mit Sardellen, Melasse (S\u00fc\u00dfstoff aus Zuckerrohr), Tamarinde, Schalotten, Knoblauch und anderen Gew\u00fcrzen aromatisiert wird. Der Geschmack von Kecap Inggris ist herzhaft und s\u00fc\u00df mit einem unverwechselbaren Geruch, der vom Essig herr\u00fchrt. Essig ist der Hauptbestandteil, der der Sojasauce ihren kr\u00e4ftigen Geschmack verleiht. Die Sardellen sorgen f\u00fcr den umami (herzhaften) Geschmack.<\/p>\n<p>kecap inggris is a fermented condiment made from vinegar base and flavored with anchovies, molasses (sweetener from sugar cane), tamarind, shallots, garlic, and other spices. The taste of soy sauce is savory and sweet with a distinctive smell produced by vinegar. Vinegar is the main ingredient that makes the taste of soy sauce strong. While anchovies provide umami (savory flavor).<\/p>","protected":false},"excerpt":{"rendered":"<p>kecap inggris ist ein fermentiertes Gew\u00fcrz auf Essigbasis, das mit Sardellen, Melasse (S\u00fc\u00dfstoff aus Zuckerrohr), Tamarinde, Schalotten, Knoblauch und anderen Gew\u00fcrzen aromatisiert wird<\/p>","protected":false},"featured_media":20216214,"comment_status":"open","ping_status":"closed","template":"","meta":{"om_disable_all_campaigns":false,"_monsterinsights_skip_tracking":false,"_monsterinsights_sitenote_active":false,"_monsterinsights_sitenote_note":"","_monsterinsights_sitenote_category":0},"product_brand":[],"product_cat":[339],"product_tag":[327],"class_list":{"0":"post-20216213","1":"product","2":"type-product","3":"status-publish","4":"has-post-thumbnail","6":"product_cat-sauce","7":"product_tag-kecap","9":"first","10":"instock","11":"shipping-taxable","12":"purchasable","13":"product-type-simple"},"aioseo_notices":[],"_links":{"self":[{"href":"https:\/\/javataste.de\/en\/wp-json\/wp\/v2\/product\/20216213","targetHints":{"allow":["GET"]}}],"collection":[{"href":"https:\/\/javataste.de\/en\/wp-json\/wp\/v2\/product"}],"about":[{"href":"https:\/\/javataste.de\/en\/wp-json\/wp\/v2\/types\/product"}],"replies":[{"embeddable":true,"href":"https:\/\/javataste.de\/en\/wp-json\/wp\/v2\/comments?post=20216213"}],"wp:featuredmedia":[{"embeddable":true,"href":"https:\/\/javataste.de\/en\/wp-json\/wp\/v2\/media\/20216214"}],"wp:attachment":[{"href":"https:\/\/javataste.de\/en\/wp-json\/wp\/v2\/media?parent=20216213"}],"wp:term":[{"taxonomy":"product_brand","embeddable":true,"href":"https:\/\/javataste.de\/en\/wp-json\/wp\/v2\/product_brand?post=20216213"},{"taxonomy":"product_cat","embeddable":true,"href":"https:\/\/javataste.de\/en\/wp-json\/wp\/v2\/product_cat?post=20216213"},{"taxonomy":"product_tag","embeddable":true,"href":"https:\/\/javataste.de\/en\/wp-json\/wp\/v2\/product_tag?post=20216213"}],"curies":[{"name":"wp","href":"https:\/\/api.w.org\/{rel}","templated":true}]}}