{"id":20216205,"date":"2024-11-08T22:55:26","date_gmt":"2024-11-08T21:55:26","guid":{"rendered":"https:\/\/javataste.de\/?post_type=product&#038;p=20216205"},"modified":"2026-02-24T12:20:04","modified_gmt":"2026-02-24T11:20:04","slug":"nesia-banana-chips-100gr","status":"publish","type":"product","link":"https:\/\/javataste.de\/en\/product\/nesia-banana-chips-100gr\/","title":{"rendered":"Nesia Banana Chips 100gr"},"content":{"rendered":"<p><b>Bananen chips<\/b> sind einer der beliebtesten Snacks in Indonesien. Sie werden aus d\u00fcnn geschnittenen Bananen hergestellt, die anschlie\u00dfend frittiert werden, bis sie trocken sind. Bananenchips haben die nat\u00fcrliche S\u00fc\u00dfe von Bananen, kombiniert mit dem pikanten Geschmack frittierter Lebensmittel. Dieser Snack ist wegen seines k\u00f6stlichen Geschmacks und seiner knusprigen Konsistenz bei der Bev\u00f6lkerung sehr beliebt. Dar\u00fcber hinaus haben Bananenchips auch einen hohen N\u00e4hrwert, da die Hauptzutat Banane ist.<\/p>\n<p>&nbsp;<\/p>\n<p><b>Banana chips<\/b> are one of the most popular snacks in Indonesia. They are made from thinly sliced bananas that are then fried until dry. Banana chips have the natural sweetness of bananas combined with the savory taste of fried foods. This snack is widely loved by the public because of its delicious taste and crunchy texture. Not only that, banana chips also have good nutritional content because the main ingredient is banana.<\/p>","protected":false},"excerpt":{"rendered":"<p><b>Bananen chips<\/b> sind einer der beliebtesten Snacks in Indonesien. Sie werden aus d\u00fcnn geschnittenen Bananen hergestellt, die anschlie\u00dfend frittiert werden, bis sie trocken sind.<\/p>","protected":false},"featured_media":20216206,"comment_status":"open","ping_status":"closed","template":"","meta":{"om_disable_all_campaigns":false,"_monsterinsights_skip_tracking":false,"_monsterinsights_sitenote_active":false,"_monsterinsights_sitenote_note":"","_monsterinsights_sitenote_category":0},"product_brand":[],"product_cat":[15],"product_tag":[],"class_list":{"0":"post-20216205","1":"product","2":"type-product","3":"status-publish","4":"has-post-thumbnail","6":"product_cat-zutaten","8":"first","9":"instock","10":"shipping-taxable","11":"purchasable","12":"product-type-simple"},"aioseo_notices":[],"_links":{"self":[{"href":"https:\/\/javataste.de\/en\/wp-json\/wp\/v2\/product\/20216205","targetHints":{"allow":["GET"]}}],"collection":[{"href":"https:\/\/javataste.de\/en\/wp-json\/wp\/v2\/product"}],"about":[{"href":"https:\/\/javataste.de\/en\/wp-json\/wp\/v2\/types\/product"}],"replies":[{"embeddable":true,"href":"https:\/\/javataste.de\/en\/wp-json\/wp\/v2\/comments?post=20216205"}],"wp:featuredmedia":[{"embeddable":true,"href":"https:\/\/javataste.de\/en\/wp-json\/wp\/v2\/media\/20216206"}],"wp:attachment":[{"href":"https:\/\/javataste.de\/en\/wp-json\/wp\/v2\/media?parent=20216205"}],"wp:term":[{"taxonomy":"product_brand","embeddable":true,"href":"https:\/\/javataste.de\/en\/wp-json\/wp\/v2\/product_brand?post=20216205"},{"taxonomy":"product_cat","embeddable":true,"href":"https:\/\/javataste.de\/en\/wp-json\/wp\/v2\/product_cat?post=20216205"},{"taxonomy":"product_tag","embeddable":true,"href":"https:\/\/javataste.de\/en\/wp-json\/wp\/v2\/product_tag?post=20216205"}],"curies":[{"name":"wp","href":"https:\/\/api.w.org\/{rel}","templated":true}]}}