{"id":20216197,"date":"2024-11-07T20:48:51","date_gmt":"2024-11-07T19:48:51","guid":{"rendered":"https:\/\/javataste.de\/?post_type=product&#038;p=20216197"},"modified":"2026-04-14T17:25:41","modified_gmt":"2026-04-14T15:25:41","slug":"nutrijell-jelly-powder-mango-wackelpudding-pulver-15g","status":"publish","type":"product","link":"https:\/\/javataste.de\/en\/product\/nutrijell-jelly-powder-mango-wackelpudding-pulver-15g\/","title":{"rendered":"Nutrijell Jelly Powder Mango \u2014 Wackelpudding Pulver 15g"},"content":{"rendered":"<p>Nutrijell ist ein Instant-Dessert-Gelee, das zu einer Vielzahl von Speisen und Getr\u00e4nken verarbeitet werden kann. Nutrijell ist schnell und einfach herzustellen und enth\u00e4lt zudem viele Ballaststoffe. Dieses Produkt wird aus nat\u00fcrlichem Konjak und Carrageen hergestellt. Es ist f\u00fcr den Verzehr durch Erwachsene und Kinder geeignet.<\/p>\n<p>&nbsp;<\/p>\n<p>Nutrijell is an instant dessert jelly that can be processed to create a variety of foods and drinks. Nutrijell is quick and easy to make and also contains high fiber. This product is made from natural konjac and carrageenan. It is suitable for consumption by adults and children.<\/p>","protected":false},"excerpt":{"rendered":"<p>Nutrijell ist ein aus Algen\/Seetang hergestelltes Geleepulver \u2014 Orangengeschmack.<\/p>\n<p>Zutaten: Maltodextrin, S\u00e4ureregulator, Zucker, Carrageen (17%), Konjakpulver, Kalziumlaktat, Fructooligosaccharide (Fructane), synthetisches Aroma, pflanzlicher Stabilisator, synthetischer Lebensmittelfarbstoff (Gelborange S\/Sunsetgelb\u00a0FCF CI 15985) und Vitamin D (enth\u00e4lt Tocopherol-Antioxidans).<\/p>","protected":false},"featured_media":20216198,"comment_status":"open","ping_status":"closed","template":"","meta":{"om_disable_all_campaigns":false,"_monsterinsights_skip_tracking":false,"_monsterinsights_sitenote_active":false,"_monsterinsights_sitenote_note":"","_monsterinsights_sitenote_category":0},"product_brand":[],"product_cat":[81,15],"product_tag":[138,319],"class_list":{"0":"post-20216197","1":"product","2":"type-product","3":"status-publish","4":"has-post-thumbnail","6":"product_cat-snacks","7":"product_cat-zutaten","8":"product_tag-agar-agar","9":"product_tag-nutrijell","11":"first","12":"instock","13":"purchasable","14":"product-type-simple"},"aioseo_notices":[],"_links":{"self":[{"href":"https:\/\/javataste.de\/en\/wp-json\/wp\/v2\/product\/20216197","targetHints":{"allow":["GET"]}}],"collection":[{"href":"https:\/\/javataste.de\/en\/wp-json\/wp\/v2\/product"}],"about":[{"href":"https:\/\/javataste.de\/en\/wp-json\/wp\/v2\/types\/product"}],"replies":[{"embeddable":true,"href":"https:\/\/javataste.de\/en\/wp-json\/wp\/v2\/comments?post=20216197"}],"wp:featuredmedia":[{"embeddable":true,"href":"https:\/\/javataste.de\/en\/wp-json\/wp\/v2\/media\/20216198"}],"wp:attachment":[{"href":"https:\/\/javataste.de\/en\/wp-json\/wp\/v2\/media?parent=20216197"}],"wp:term":[{"taxonomy":"product_brand","embeddable":true,"href":"https:\/\/javataste.de\/en\/wp-json\/wp\/v2\/product_brand?post=20216197"},{"taxonomy":"product_cat","embeddable":true,"href":"https:\/\/javataste.de\/en\/wp-json\/wp\/v2\/product_cat?post=20216197"},{"taxonomy":"product_tag","embeddable":true,"href":"https:\/\/javataste.de\/en\/wp-json\/wp\/v2\/product_tag?post=20216197"}],"curies":[{"name":"wp","href":"https:\/\/api.w.org\/{rel}","templated":true}]}}