{"id":20216192,"date":"2024-11-07T20:40:43","date_gmt":"2024-11-07T19:40:43","guid":{"rendered":"https:\/\/javataste.de\/?post_type=product&#038;p=20216192"},"modified":"2026-04-21T19:57:51","modified_gmt":"2026-04-21T17:57:51","slug":"nesia-tempe-chips-100g","status":"publish","type":"product","link":"https:\/\/javataste.de\/en\/product\/nesia-tempe-chips-100g\/","title":{"rendered":"Nesia Tempe Chips 100g"},"content":{"rendered":"<p><a href=\"\/en\/\u201ehttps:\/\/id.wikipedia.org\/wiki\/Tempe\u201c\/\">Tempeh-Chips<\/a> werden aus d\u00fcnn geschnittenem <a href=\"\/en\/\u201ehttps:\/\/id.wikipedia.org\/wiki\/Tempe\u201c\/\">Tempeh<\/a> hergestellt und dann in gew\u00fcrztem Mehl frittiert. Sie schmecken in der Regel salzig und haben ein w\u00fcrziges Zwiebelaroma. Dieses Essen ist fast \u00fcberall auf der <a href=\"https:\/\/id.wikipedia.org\/wiki\/Pulau_Jawa\">Insel Java<\/a> verbreitet.<\/p>\n<p><a href=\"\/en\/\u201chttps:\/\/id.wikipedia.org\/wiki\/Tempe\u201d\/\">Tempeh<\/a><b>chips<\/b> is a food made from thinly sliced <a href=\"\/en\/\u201chttps:\/\/id.wikipedia.org\/wiki\/Tempe\u201d\/\">tempeh<\/a> and then fried using seasoned flour. It usually tastes salty with a savory onion aroma. This food is spread almost evenly throughout <a href=\"https:\/\/id.wikipedia.org\/wiki\/Pulau_Jawa\">Java Island<\/a>.<\/p>","protected":false},"excerpt":{"rendered":"<p><a href=\"\/en\/\u201ehttps:\/\/id.wikipedia.org\/wiki\/Tempe\u201c\/\">Tempeh-Chips<\/a> werden aus d\u00fcnn geschnittenem <a href=\"\/en\/\u201ehttps:\/\/id.wikipedia.org\/wiki\/Tempe\u201c\/\">Tempeh<\/a> hergestellt und dann in gew\u00fcrztem Mehl frittiert<\/p>","protected":false},"featured_media":20216193,"comment_status":"open","ping_status":"closed","template":"","meta":{"om_disable_all_campaigns":false,"_monsterinsights_skip_tracking":false,"_monsterinsights_sitenote_active":false,"_monsterinsights_sitenote_note":"","_monsterinsights_sitenote_category":0},"product_brand":[],"product_cat":[81],"product_tag":[],"class_list":{"0":"post-20216192","1":"product","2":"type-product","3":"status-publish","4":"has-post-thumbnail","6":"product_cat-snacks","8":"first","9":"outofstock","10":"shipping-taxable","11":"purchasable","12":"product-type-simple"},"aioseo_notices":[],"_links":{"self":[{"href":"https:\/\/javataste.de\/en\/wp-json\/wp\/v2\/product\/20216192","targetHints":{"allow":["GET"]}}],"collection":[{"href":"https:\/\/javataste.de\/en\/wp-json\/wp\/v2\/product"}],"about":[{"href":"https:\/\/javataste.de\/en\/wp-json\/wp\/v2\/types\/product"}],"replies":[{"embeddable":true,"href":"https:\/\/javataste.de\/en\/wp-json\/wp\/v2\/comments?post=20216192"}],"wp:featuredmedia":[{"embeddable":true,"href":"https:\/\/javataste.de\/en\/wp-json\/wp\/v2\/media\/20216193"}],"wp:attachment":[{"href":"https:\/\/javataste.de\/en\/wp-json\/wp\/v2\/media?parent=20216192"}],"wp:term":[{"taxonomy":"product_brand","embeddable":true,"href":"https:\/\/javataste.de\/en\/wp-json\/wp\/v2\/product_brand?post=20216192"},{"taxonomy":"product_cat","embeddable":true,"href":"https:\/\/javataste.de\/en\/wp-json\/wp\/v2\/product_cat?post=20216192"},{"taxonomy":"product_tag","embeddable":true,"href":"https:\/\/javataste.de\/en\/wp-json\/wp\/v2\/product_tag?post=20216192"}],"curies":[{"name":"wp","href":"https:\/\/api.w.org\/{rel}","templated":true}]}}